{"id":134,"date":"2023-10-29T01:37:56","date_gmt":"2023-10-28T23:37:56","guid":{"rendered":"https:\/\/pruebas.sudokusweb.com\/?page_id=134"},"modified":"2023-10-29T01:37:56","modified_gmt":"2023-10-28T23:37:56","slug":"los-5-ultimos-sudokus-de-nivel-experto","status":"publish","type":"page","link":"https:\/\/www.sudokusweb.com\/ca\/els-5-ultims-sudokus-de-nivell-expert\/","title":{"rendered":"Els 5 \u00faltims sudokus de nivell expert"},"content":{"rendered":"<p>Si no n&#8217;has tingut prou amb els 5 sudokus d&#8217;avui o simplement vols jugar a <strong>m\u00e9s sudokus de nivell expert,<\/strong> et pots descarregar en un \u00fanic fitxer PDF <strong>els 5 \u00faltims sudokus de nivell expert<\/strong> publicats prement el seg\u00fcent enlla\u00e7:<\/p>\n<p><a href=\"\/pdf_ultimos_5.php?nivel=5&#038;lang=ca\" target=\"_blank\" rel=\"noopener\">Els 5 \u00faltims Sudokus de nivell expert<img decoding=\"async\" class=\"pdf_download\" src=\"\/imag\/pdf-download.png\" alt=\"Els 5 \u00faltims Sudokus de nivell expert\" \/><\/a><\/p>","protected":false},"excerpt":{"rendered":"<p>Si no n&#8217;has tingut prou amb els 5 sudokus d&#8217;avui o simplement vols jugar a m\u00e9s sudokus de nivell expert,&#8230;<\/p>\n","protected":false},"author":1,"featured_media":0,"parent":0,"menu_order":0,"comment_status":"closed","ping_status":"closed","template":"","meta":{"footnotes":""},"yoast_head":"<!-- This site is optimized with the Yoast SEO plugin v23.3 - https:\/\/yoast.com\/wordpress\/plugins\/seo\/ -->\n<title>Els 5 \u00faltims sudokus de nivell expert - SudokusWeb.com<\/title>\n<meta name=\"robots\" content=\"index, follow, max-snippet:-1, max-image-preview:large, max-video-preview:-1\" \/>\n<link rel=\"canonical\" href=\"https:\/\/www.sudokusweb.com\/los-5-ultimos-sudokus-de-nivel-experto\/\" \/>\n<meta property=\"og:locale\" content=\"ca_ES\" \/>\n<meta property=\"og:type\" content=\"article\" \/>\n<meta property=\"og:title\" content=\"[:es]Los 5 \u00faltimos sudokus de nivel experto[:en]The last 5 expert level sudokus[:fr]Les 5 derniers sudokus de niveau expert[:de]Die letzten 5 Sudokus auf Expertenniveau[:pt]Os \u00faltimos 5 sudokus de n\u00edvel especialista[:ca]Els 5 \u00faltims sudokus de nivell expert[:ko]\uc804\ubb38\uac00 \uc218\uc900\uc758 \ub9c8\uc9c0\ub9c9 5\uac1c \uc2a4\ub3c4\ucfe0[:jp]\u6700\u65b0 5 \u3064\u306e\u30a8\u30ad\u30b9\u30d1\u30fc\u30c8 \u30ec\u30d9\u30eb\u306e\u6570\u72ec[:] - SudokusWeb.com\" \/>\n<meta property=\"og:description\" content=\"Si no n&#8217;has tingut prou amb els 5 sudokus d&#8217;avui o simplement vols jugar a m\u00e9s sudokus de nivell expert,...\" \/>\n<meta property=\"og:url\" content=\"https:\/\/www.sudokusweb.com\/los-5-ultimos-sudokus-de-nivel-experto\/\" \/>\n<meta property=\"og:site_name\" content=\"SudokusWeb.com\" \/>\n<meta name=\"twitter:card\" content=\"summary_large_image\" \/>\n<meta name=\"twitter:label1\" content=\"Temps estimat de lectura\" \/>\n\t<meta name=\"twitter:data1\" content=\"1 minute\" \/>\n<script type=\"application\/ld+json\" class=\"yoast-schema-graph\">{\"@context\":\"https:\/\/schema.org\",\"@graph\":[{\"@type\":\"WebPage\",\"@id\":\"https:\/\/www.sudokusweb.com\/los-5-ultimos-sudokus-de-nivel-experto\/\",\"url\":\"https:\/\/www.sudokusweb.com\/los-5-ultimos-sudokus-de-nivel-experto\/\",\"name\":\"[:es]Los 5 \u00faltimos sudokus de nivel experto[:en]The last 5 expert level sudokus[:fr]Les 5 derniers sudokus de niveau expert[:de]Die letzten 5 Sudokus auf Expertenniveau[:pt]Os \u00faltimos 5 sudokus de n\u00edvel especialista[:ca]Els 5 \u00faltims sudokus de nivell expert[:ko]\uc804\ubb38\uac00 \uc218\uc900\uc758 \ub9c8\uc9c0\ub9c9 5\uac1c \uc2a4\ub3c4\ucfe0[:jp]\u6700\u65b0 5 \u3064\u306e\u30a8\u30ad\u30b9\u30d1\u30fc\u30c8 \u30ec\u30d9\u30eb\u306e\u6570\u72ec[:] - SudokusWeb.com\",\"isPartOf\":{\"@id\":\"https:\/\/www.sudokusweb.com\/#website\"},\"datePublished\":\"2023-10-28T23:37:56+00:00\",\"dateModified\":\"2023-10-28T23:37:56+00:00\",\"breadcrumb\":{\"@id\":\"https:\/\/www.sudokusweb.com\/los-5-ultimos-sudokus-de-nivel-experto\/#breadcrumb\"},\"inLanguage\":\"ca\",\"potentialAction\":[{\"@type\":\"ReadAction\",\"target\":[\"https:\/\/www.sudokusweb.com\/los-5-ultimos-sudokus-de-nivel-experto\/\"]}]},{\"@type\":\"BreadcrumbList\",\"@id\":\"https:\/\/www.sudokusweb.com\/los-5-ultimos-sudokus-de-nivel-experto\/#breadcrumb\",\"itemListElement\":[{\"@type\":\"ListItem\",\"position\":1,\"name\":\"Portada\",\"item\":\"https:\/\/www.sudokusweb.com\/\"},{\"@type\":\"ListItem\",\"position\":2,\"name\":\"Los 5 \u00faltimos sudokus de nivel experto\"}]},{\"@type\":\"WebSite\",\"@id\":\"https:\/\/www.sudokusweb.com\/#website\",\"url\":\"https:\/\/www.sudokusweb.com\/\",\"name\":\"SudokusWeb.com\",\"description\":\"Sudokus diarios gratis para imprimir o jugar online\",\"publisher\":{\"@id\":\"https:\/\/www.sudokusweb.com\/#organization\"},\"potentialAction\":[{\"@type\":\"SearchAction\",\"target\":{\"@type\":\"EntryPoint\",\"urlTemplate\":\"https:\/\/www.sudokusweb.com\/?s={search_term_string}\"},\"query-input\":\"required name=search_term_string\"}],\"inLanguage\":\"ca\"},{\"@type\":\"Organization\",\"@id\":\"https:\/\/www.sudokusweb.com\/#organization\",\"name\":\"SudokusWeb.com\",\"url\":\"https:\/\/www.sudokusweb.com\/\",\"logo\":{\"@type\":\"ImageObject\",\"inLanguage\":\"ca\",\"@id\":\"https:\/\/www.sudokusweb.com\/#\/schema\/logo\/image\/\",\"url\":\"https:\/\/www.sudokusweb.com\/wp-content\/uploads\/2023\/10\/sudokusweb-logo.png\",\"contentUrl\":\"https:\/\/www.sudokusweb.com\/wp-content\/uploads\/2023\/10\/sudokusweb-logo.png\",\"width\":250,\"height\":40,\"caption\":\"SudokusWeb.com\"},\"image\":{\"@id\":\"https:\/\/www.sudokusweb.com\/#\/schema\/logo\/image\/\"}}]}<\/script>\n<!-- \/ Yoast SEO plugin. -->","yoast_head_json":{"title":"[:es]Los 5 \u00faltimos sudokus de nivel experto[:en]The last 5 expert level sudokus[:fr]Les 5 derniers sudokus de niveau expert[:de]Die letzten 5 Sudokus auf Expertenniveau[:pt]Os \u00faltimos 5 sudokus de n\u00edvel especialista[:ca]Els 5 \u00faltims sudokus de nivell expert[:ko]\uc804\ubb38\uac00 \uc218\uc900\uc758 \ub9c8\uc9c0\ub9c9 5\uac1c \uc2a4\ub3c4\ucfe0[:jp]\u6700\u65b0 5 \u3064\u306e\u30a8\u30ad\u30b9\u30d1\u30fc\u30c8 \u30ec\u30d9\u30eb\u306e\u6570\u72ec[:] - SudokusWeb.com","robots":{"index":"index","follow":"follow","max-snippet":"max-snippet:-1","max-image-preview":"max-image-preview:large","max-video-preview":"max-video-preview:-1"},"canonical":"https:\/\/www.sudokusweb.com\/los-5-ultimos-sudokus-de-nivel-experto\/","og_locale":"ca_ES","og_type":"article","og_title":"[:es]Los 5 \u00faltimos sudokus de nivel experto[:en]The last 5 expert level sudokus[:fr]Les 5 derniers sudokus de niveau expert[:de]Die letzten 5 Sudokus auf Expertenniveau[:pt]Os \u00faltimos 5 sudokus de n\u00edvel especialista[:ca]Els 5 \u00faltims sudokus de nivell expert[:ko]\uc804\ubb38\uac00 \uc218\uc900\uc758 \ub9c8\uc9c0\ub9c9 5\uac1c \uc2a4\ub3c4\ucfe0[:jp]\u6700\u65b0 5 \u3064\u306e\u30a8\u30ad\u30b9\u30d1\u30fc\u30c8 \u30ec\u30d9\u30eb\u306e\u6570\u72ec[:] - SudokusWeb.com","og_description":"Si no n&#8217;has tingut prou amb els 5 sudokus d&#8217;avui o simplement vols jugar a m\u00e9s sudokus de nivell expert,...","og_url":"https:\/\/www.sudokusweb.com\/los-5-ultimos-sudokus-de-nivel-experto\/","og_site_name":"SudokusWeb.com","twitter_card":"summary_large_image","twitter_misc":{"Temps estimat de lectura":"1 minute"},"schema":{"@context":"https:\/\/schema.org","@graph":[{"@type":"WebPage","@id":"https:\/\/www.sudokusweb.com\/los-5-ultimos-sudokus-de-nivel-experto\/","url":"https:\/\/www.sudokusweb.com\/los-5-ultimos-sudokus-de-nivel-experto\/","name":"[:es]Los 5 \u00faltimos sudokus de nivel experto[:en]The last 5 expert level sudokus[:fr]Les 5 derniers sudokus de niveau expert[:de]Die letzten 5 Sudokus auf Expertenniveau[:pt]Os \u00faltimos 5 sudokus de n\u00edvel especialista[:ca]Els 5 \u00faltims sudokus de nivell expert[:ko]\uc804\ubb38\uac00 \uc218\uc900\uc758 \ub9c8\uc9c0\ub9c9 5\uac1c \uc2a4\ub3c4\ucfe0[:jp]\u6700\u65b0 5 \u3064\u306e\u30a8\u30ad\u30b9\u30d1\u30fc\u30c8 \u30ec\u30d9\u30eb\u306e\u6570\u72ec[:] - SudokusWeb.com","isPartOf":{"@id":"https:\/\/www.sudokusweb.com\/#website"},"datePublished":"2023-10-28T23:37:56+00:00","dateModified":"2023-10-28T23:37:56+00:00","breadcrumb":{"@id":"https:\/\/www.sudokusweb.com\/los-5-ultimos-sudokus-de-nivel-experto\/#breadcrumb"},"inLanguage":"ca","potentialAction":[{"@type":"ReadAction","target":["https:\/\/www.sudokusweb.com\/los-5-ultimos-sudokus-de-nivel-experto\/"]}]},{"@type":"BreadcrumbList","@id":"https:\/\/www.sudokusweb.com\/los-5-ultimos-sudokus-de-nivel-experto\/#breadcrumb","itemListElement":[{"@type":"ListItem","position":1,"name":"Portada","item":"https:\/\/www.sudokusweb.com\/"},{"@type":"ListItem","position":2,"name":"Los 5 \u00faltimos sudokus de nivel experto"}]},{"@type":"WebSite","@id":"https:\/\/www.sudokusweb.com\/#website","url":"https:\/\/www.sudokusweb.com\/","name":"SudokusWeb.com","description":"Sudokus diarios gratis para imprimir o jugar online","publisher":{"@id":"https:\/\/www.sudokusweb.com\/#organization"},"potentialAction":[{"@type":"SearchAction","target":{"@type":"EntryPoint","urlTemplate":"https:\/\/www.sudokusweb.com\/?s={search_term_string}"},"query-input":"required name=search_term_string"}],"inLanguage":"ca"},{"@type":"Organization","@id":"https:\/\/www.sudokusweb.com\/#organization","name":"SudokusWeb.com","url":"https:\/\/www.sudokusweb.com\/","logo":{"@type":"ImageObject","inLanguage":"ca","@id":"https:\/\/www.sudokusweb.com\/#\/schema\/logo\/image\/","url":"https:\/\/www.sudokusweb.com\/wp-content\/uploads\/2023\/10\/sudokusweb-logo.png","contentUrl":"https:\/\/www.sudokusweb.com\/wp-content\/uploads\/2023\/10\/sudokusweb-logo.png","width":250,"height":40,"caption":"SudokusWeb.com"},"image":{"@id":"https:\/\/www.sudokusweb.com\/#\/schema\/logo\/image\/"}}]}},"_links":{"self":[{"href":"https:\/\/www.sudokusweb.com\/ca\/wp-json\/wp\/v2\/pages\/134"}],"collection":[{"href":"https:\/\/www.sudokusweb.com\/ca\/wp-json\/wp\/v2\/pages"}],"about":[{"href":"https:\/\/www.sudokusweb.com\/ca\/wp-json\/wp\/v2\/types\/page"}],"author":[{"embeddable":true,"href":"https:\/\/www.sudokusweb.com\/ca\/wp-json\/wp\/v2\/users\/1"}],"replies":[{"embeddable":true,"href":"https:\/\/www.sudokusweb.com\/ca\/wp-json\/wp\/v2\/comments?post=134"}],"version-history":[{"count":1,"href":"https:\/\/www.sudokusweb.com\/ca\/wp-json\/wp\/v2\/pages\/134\/revisions"}],"predecessor-version":[{"id":135,"href":"https:\/\/www.sudokusweb.com\/ca\/wp-json\/wp\/v2\/pages\/134\/revisions\/135"}],"wp:attachment":[{"href":"https:\/\/www.sudokusweb.com\/ca\/wp-json\/wp\/v2\/media?parent=134"}],"curies":[{"name":"wp","href":"https:\/\/api.w.org\/{rel}","templated":true}]}}