{"id":2,"date":"2023-10-14T18:51:34","date_gmt":"2023-10-14T16:51:34","guid":{"rendered":"https:\/\/www.onze.es\/?page_id=2"},"modified":"2023-10-28T22:27:05","modified_gmt":"2023-10-28T20:27:05","slug":"pagina-ejemplo","status":"publish","type":"page","link":"https:\/\/www.sudokusweb.com\/ca\/metodes-de-resolucio\/","title":{"rendered":"M\u00e8todes de resoluci\u00f3"},"content":{"rendered":"<p>L&#8217;estrat\u00e8gia per a resoldre un puzle es pot considerar com la combinaci\u00f3 de tres processos: escaneig, marcat i an\u00e0lisi.<\/p>\r\n<p><strong>Escaneig<\/strong><br \/>L&#8217;escaneig es realitza des del principi i peri\u00f2dicament, durant tota la resoluci\u00f3. L&#8217;escaneig pot haver de ser executat diverses vegades entre per\u00edodes d&#8217;an\u00e0lisis. L&#8217;escaneig consta de dues t\u00e8cniques b\u00e0siques: trama creuada i recompte, que poden usar-se alternativament.<\/p>\r\n<ul>\r\n<li>Trama creuada, es tracta de l&#8217;escaneig de files (o columnes) per a identificar quina l\u00ednia en una regi\u00f3 particular pot contenir un nombre determinat mitjan\u00e7ant un proc\u00e9s d&#8217;eliminaci\u00f3. Aquest proc\u00e9s es repeteix llavors amb les columnes (o files). Per a obtenir resultats m\u00e9s r\u00e0pids, els nombres s\u00f3n escanejats de forma ordenada, segons la seva freq\u00fc\u00e8ncia d&#8217;aparici\u00f3. \u00e9s important realitzar aquest proc\u00e9s sistem\u00e0ticament, comprovant tots els d\u00edgits del 1 al 9.<\/li>\r\n<li>Recompte 1-9 per regions, files i columnes per a identificar nombres perduts. El recompte basat en l&#8217;\u00faltim nombre descobert pot augmentar la velocitat de la recerca. Tamb\u00e9 pot ser el cas (\u00e9s t\u00edpic en puzles m\u00e9s dif\u00edcils) que el valor d&#8217;una cel\u00b7la individual pugui ser determinat mitjan\u00e7ant un recompte invers, aix\u00f2 \u00e9s, escanejant la seva regi\u00f3, fila o columna per a valors que no poden ser, per a veure quin \u00e9s el qual falta.<\/li>\r\n<\/ul>\r\n<p>Els resoledors avan\u00e7ats busquen &#8220;conting\u00e8ncies&#8221; mentre escanegen, aix\u00f2 \u00e9s, fiten la ubicaci\u00f3 d&#8217;un nombre en una fila, columna o regi\u00f3 o dues o tres cel\u00b7les. Quan aquestes cel\u00b7les descansen totes en la mateixa fila (o columna) i regi\u00f3, poden usar-se amb un prop\u00f2sit d&#8217;eliminaci\u00f3 durant la trama creuada i el recompte. Puzles particularment desafiadors poden requerir el reconeixement de m\u00faltiples conting\u00e8ncies, potser en m\u00faltiples direccions o fins i tot interseccions &#8211; relegant la majoria dels resoledors al marcat (com es descriu m\u00e9s abaix). Els puzles que poden ser resolts nom\u00e9s mitjan\u00e7ant escaneig, sense requerir la detecci\u00f3 de conting\u00e8ncies es classifiquen com puzles &#8220;f\u00e0cils&#8221;; altres puzles m\u00e9s dif\u00edcils, per definici\u00f3, no poden resoldre&#8217;s \u00fanicament mitjan\u00e7ant escaneig.<\/p>\r\n<p><strong>Marcat<\/strong><br \/>L&#8217;escaneig ve a interrompre&#8217;s quan no poden descobrir-se nous nombres. En aquest punt \u00e9s necessari centrar-se en alguna an\u00e0lisi l\u00f2gica. La majoria troba \u00fatil guiar aquesta an\u00e0lisi mitjan\u00e7ant el marcat de nombres candidats en les cel\u00b7les buides. Hi ha dues notacions populars: sub\u00edndexos i punts. En la notaci\u00f3 de sub\u00edndex, els nombres candidats s&#8217;escriuen en petit en les cel\u00b7les. El desavantatge \u00e9s que els puzles originals s\u00f3n publicats en peri\u00f2dics que habitualment no deixen massa espai per a acomodar m\u00e9s d&#8217;uns pocs d\u00edgits. Si s&#8217;usa aquesta notaci\u00f3, els resoledors creen, sovint, una c\u00f2pia m\u00e9s gran del sudoku i empren un llapis afilat. La segona notaci\u00f3 \u00e9s un patr\u00f3 de punts amb un punt en el cant\u00f3 superior esquerra representant un 1 i un punt en el cant\u00f3 inferior dreta representant un 9. Aquesta notaci\u00f3 t\u00e9 com avantatge que pot usar-se en el sudoku original. Es requereix destresa per a l&#8217;empla\u00e7ament dels punts, perqu\u00e8 punts despla\u00e7ats o marques distretes duen, inevitablement, a confusi\u00f3 i no s\u00f3n f\u00e0cils d&#8217;esborrar sense afegir m\u00e9s confusi\u00f3.<\/p>\r\n<p><strong>An\u00e0lisi<\/strong><br \/>Hi ha dues aproximacions principals &#8211; eliminaci\u00f3 i &#8220;i-si&#8221;.<\/p>\r\n<ul>\r\n<li>En eliminaci\u00f3, el progr\u00e9s es realitza mitjan\u00e7ant la successiva eliminaci\u00f3 de nombres candidats per a una o m\u00e9s cel\u00b7les, fins a deixar nom\u00e9s una elecci\u00f3. Despr\u00e9s d&#8217;assolir cada resposta, deu realitzar-se un nou escaneig (habitualment comprovant l&#8217;efecte de l&#8217;\u00faltim nombre). Hi ha una s\u00e8rie de t\u00e0ctiques d&#8217;eliminaci\u00f3. Una de les m\u00e9s comunes \u00e9s l&#8217;esborrat &#8220;del candidat no coincident&#8221;. Les cel\u00b7les amb id\u00e8ntica configuraci\u00f3 de nombres candidats es diu que coincideixen si la quantitat de nombres candidats en cadascuna \u00e9s igual al nombre de cel\u00b7les que els contenen. Per exemple, es diu que cel\u00b7les coincideixen amb una particular fila, columna o regi\u00f3 si dues cel?les contenen el mateix parell de nombres candidats (p,q) i no altres, o si tres cel\u00b7les contenen el mateix triplet de nombres candidats (p,q,r) i no altres. Aquestes son, essencialment, conting\u00e8ncies coincidents. Aquests nombres (p,q,r) que apareixen com candidats en qualsevol lloc en la mateixa fila, columna o regi\u00f3 en cel\u00b7les no coincidents, poden ser esborrats.<\/li>\r\n<li>En l&#8217;aproximaci\u00f3 &#8220;i-si&#8221;, se selecciona una cel\u00b7la amb nom\u00e9s dos nombres candidats i es realitza una conjectura. Les etapes de dalt es repeteixen llevat que es trobi una duplicaci\u00f3, en aquest cas el candidat alternatiu \u00e9s la soluci\u00f3. En termes l\u00f2gics aquest m\u00e8tode es coneix com reducci\u00f3 a l&#8217;absurd. Nishio \u00e9s una forma limitada d&#8217;aquesta aproximaci\u00f3: per a cada candidat per a una cel\u00b7la, la q\u00fcesti\u00f3 que es planteja: entrar\u00e0 un nombre particular d&#8217;una configuraci\u00f3 en altre empla\u00e7ament? Si la resposta \u00e9s s\u00ed, llavors aquest candidat pot ser eliminat. L&#8217;aproximaci\u00f3 &#8220;i-si&#8221; requereix un llapis i una goma. Aquesta aproximaci\u00f3 pot ser desaprovada per puristes l\u00f2gics per massa assaig i error per\u00f2 pot arribar a solucions clara i r\u00e0pidament.<\/li>\r\n<\/ul>\r\n<p>Idealment, es necessita trobar una combinaci\u00f3 de t\u00e8cniques que evitin algun dels inconvenients dels elements de dalt. El recompte de regions, files i columnes pot resultar avorrit. Escriure nombres candidats en cel?les buides pot consumir massa temps. L&#8217;aproximaci\u00f3 &#8220;i-si&#8221; pot ser confusa llevat que siguis b\u00e9 organitzat. El quid de la q\u00fcesti\u00f3 \u00e9s trobar una t\u00e8cnica que minimitzi el recompte, el marcat i l&#8217;esborrat.<\/p>","protected":false},"excerpt":{"rendered":"<p>L&#8217;estrat\u00e8gia per a resoldre un puzle es pot considerar com la combinaci\u00f3 de tres processos: escaneig, marcat i an\u00e0lisi. EscaneigL&#8217;escaneig&#8230;<\/p>\n","protected":false},"author":1,"featured_media":0,"parent":0,"menu_order":0,"comment_status":"closed","ping_status":"open","template":"","meta":{"footnotes":""},"yoast_head":"<!-- This site is optimized with the Yoast SEO plugin v23.3 - https:\/\/yoast.com\/wordpress\/plugins\/seo\/ -->\n<title>M\u00e8todes de resoluci\u00f3 - SudokusWeb.com<\/title>\n<meta name=\"robots\" content=\"index, follow, max-snippet:-1, max-image-preview:large, max-video-preview:-1\" \/>\n<link rel=\"canonical\" href=\"https:\/\/www.sudokusweb.com\/metodos-de-resolucion\/\" \/>\n<meta property=\"og:locale\" content=\"ca_ES\" \/>\n<meta property=\"og:type\" content=\"article\" \/>\n<meta property=\"og:title\" content=\"[:es]M\u00e9todos de resoluci\u00f3n[:en]Solution methods[:fr]M\u00e9thodes de r\u00e9solution[:de]L\u00f6sungsmethoden[:pt]Metodos de solu\u00e7\u00e3o[:ca]M\u00e8todes de resoluci\u00f3[:ko]\ud574\uacb0 \ubc29\ubc95[:jp]\u89e3\u6c7a\u65b9\u6cd5[:] - SudokusWeb.com\" \/>\n<meta property=\"og:description\" content=\"L&#8217;estrat\u00e8gia per a resoldre un puzle es pot considerar com la combinaci\u00f3 de tres processos: escaneig, marcat i an\u00e0lisi. EscaneigL&#8217;escaneig...\" \/>\n<meta property=\"og:url\" content=\"https:\/\/www.sudokusweb.com\/metodos-de-resolucion\/\" \/>\n<meta property=\"og:site_name\" content=\"SudokusWeb.com\" \/>\n<meta property=\"article:modified_time\" content=\"2023-10-28T20:27:05+00:00\" \/>\n<meta name=\"twitter:card\" content=\"summary_large_image\" \/>\n<meta name=\"twitter:label1\" content=\"Temps estimat de lectura\" \/>\n\t<meta name=\"twitter:data1\" content=\"30 minutes\" \/>\n<script type=\"application\/ld+json\" class=\"yoast-schema-graph\">{\"@context\":\"https:\/\/schema.org\",\"@graph\":[{\"@type\":\"WebPage\",\"@id\":\"https:\/\/www.sudokusweb.com\/metodos-de-resolucion\/\",\"url\":\"https:\/\/www.sudokusweb.com\/metodos-de-resolucion\/\",\"name\":\"[:es]M\u00e9todos de resoluci\u00f3n[:en]Solution methods[:fr]M\u00e9thodes de r\u00e9solution[:de]L\u00f6sungsmethoden[:pt]Metodos de solu\u00e7\u00e3o[:ca]M\u00e8todes de resoluci\u00f3[:ko]\ud574\uacb0 \ubc29\ubc95[:jp]\u89e3\u6c7a\u65b9\u6cd5[:] - SudokusWeb.com\",\"isPartOf\":{\"@id\":\"https:\/\/www.sudokusweb.com\/#website\"},\"datePublished\":\"2023-10-14T16:51:34+00:00\",\"dateModified\":\"2023-10-28T20:27:05+00:00\",\"breadcrumb\":{\"@id\":\"https:\/\/www.sudokusweb.com\/metodos-de-resolucion\/#breadcrumb\"},\"inLanguage\":\"ca\",\"potentialAction\":[{\"@type\":\"ReadAction\",\"target\":[\"https:\/\/www.sudokusweb.com\/metodos-de-resolucion\/\"]}]},{\"@type\":\"BreadcrumbList\",\"@id\":\"https:\/\/www.sudokusweb.com\/metodos-de-resolucion\/#breadcrumb\",\"itemListElement\":[{\"@type\":\"ListItem\",\"position\":1,\"name\":\"Portada\",\"item\":\"https:\/\/www.sudokusweb.com\/\"},{\"@type\":\"ListItem\",\"position\":2,\"name\":\"M\u00e9todos de resoluci\u00f3n\"}]},{\"@type\":\"WebSite\",\"@id\":\"https:\/\/www.sudokusweb.com\/#website\",\"url\":\"https:\/\/www.sudokusweb.com\/\",\"name\":\"SudokusWeb.com\",\"description\":\"Sudokus diarios gratis para imprimir o jugar online\",\"publisher\":{\"@id\":\"https:\/\/www.sudokusweb.com\/#organization\"},\"potentialAction\":[{\"@type\":\"SearchAction\",\"target\":{\"@type\":\"EntryPoint\",\"urlTemplate\":\"https:\/\/www.sudokusweb.com\/?s={search_term_string}\"},\"query-input\":\"required name=search_term_string\"}],\"inLanguage\":\"ca\"},{\"@type\":\"Organization\",\"@id\":\"https:\/\/www.sudokusweb.com\/#organization\",\"name\":\"SudokusWeb.com\",\"url\":\"https:\/\/www.sudokusweb.com\/\",\"logo\":{\"@type\":\"ImageObject\",\"inLanguage\":\"ca\",\"@id\":\"https:\/\/www.sudokusweb.com\/#\/schema\/logo\/image\/\",\"url\":\"https:\/\/www.sudokusweb.com\/wp-content\/uploads\/2023\/10\/sudokusweb-logo.png\",\"contentUrl\":\"https:\/\/www.sudokusweb.com\/wp-content\/uploads\/2023\/10\/sudokusweb-logo.png\",\"width\":250,\"height\":40,\"caption\":\"SudokusWeb.com\"},\"image\":{\"@id\":\"https:\/\/www.sudokusweb.com\/#\/schema\/logo\/image\/\"}}]}<\/script>\n<!-- \/ Yoast SEO plugin. -->","yoast_head_json":{"title":"[:es]M\u00e9todos de resoluci\u00f3n[:en]Solution methods[:fr]M\u00e9thodes de r\u00e9solution[:de]L\u00f6sungsmethoden[:pt]Metodos de solu\u00e7\u00e3o[:ca]M\u00e8todes de resoluci\u00f3[:ko]\ud574\uacb0 \ubc29\ubc95[:jp]\u89e3\u6c7a\u65b9\u6cd5[:] - SudokusWeb.com","robots":{"index":"index","follow":"follow","max-snippet":"max-snippet:-1","max-image-preview":"max-image-preview:large","max-video-preview":"max-video-preview:-1"},"canonical":"https:\/\/www.sudokusweb.com\/metodos-de-resolucion\/","og_locale":"ca_ES","og_type":"article","og_title":"[:es]M\u00e9todos de resoluci\u00f3n[:en]Solution methods[:fr]M\u00e9thodes de r\u00e9solution[:de]L\u00f6sungsmethoden[:pt]Metodos de solu\u00e7\u00e3o[:ca]M\u00e8todes de resoluci\u00f3[:ko]\ud574\uacb0 \ubc29\ubc95[:jp]\u89e3\u6c7a\u65b9\u6cd5[:] - SudokusWeb.com","og_description":"L&#8217;estrat\u00e8gia per a resoldre un puzle es pot considerar com la combinaci\u00f3 de tres processos: escaneig, marcat i an\u00e0lisi. EscaneigL&#8217;escaneig...","og_url":"https:\/\/www.sudokusweb.com\/metodos-de-resolucion\/","og_site_name":"SudokusWeb.com","article_modified_time":"2023-10-28T20:27:05+00:00","twitter_card":"summary_large_image","twitter_misc":{"Temps estimat de lectura":"30 minutes"},"schema":{"@context":"https:\/\/schema.org","@graph":[{"@type":"WebPage","@id":"https:\/\/www.sudokusweb.com\/metodos-de-resolucion\/","url":"https:\/\/www.sudokusweb.com\/metodos-de-resolucion\/","name":"[:es]M\u00e9todos de resoluci\u00f3n[:en]Solution methods[:fr]M\u00e9thodes de r\u00e9solution[:de]L\u00f6sungsmethoden[:pt]Metodos de solu\u00e7\u00e3o[:ca]M\u00e8todes de resoluci\u00f3[:ko]\ud574\uacb0 \ubc29\ubc95[:jp]\u89e3\u6c7a\u65b9\u6cd5[:] - SudokusWeb.com","isPartOf":{"@id":"https:\/\/www.sudokusweb.com\/#website"},"datePublished":"2023-10-14T16:51:34+00:00","dateModified":"2023-10-28T20:27:05+00:00","breadcrumb":{"@id":"https:\/\/www.sudokusweb.com\/metodos-de-resolucion\/#breadcrumb"},"inLanguage":"ca","potentialAction":[{"@type":"ReadAction","target":["https:\/\/www.sudokusweb.com\/metodos-de-resolucion\/"]}]},{"@type":"BreadcrumbList","@id":"https:\/\/www.sudokusweb.com\/metodos-de-resolucion\/#breadcrumb","itemListElement":[{"@type":"ListItem","position":1,"name":"Portada","item":"https:\/\/www.sudokusweb.com\/"},{"@type":"ListItem","position":2,"name":"M\u00e9todos de resoluci\u00f3n"}]},{"@type":"WebSite","@id":"https:\/\/www.sudokusweb.com\/#website","url":"https:\/\/www.sudokusweb.com\/","name":"SudokusWeb.com","description":"Sudokus diarios gratis para imprimir o jugar online","publisher":{"@id":"https:\/\/www.sudokusweb.com\/#organization"},"potentialAction":[{"@type":"SearchAction","target":{"@type":"EntryPoint","urlTemplate":"https:\/\/www.sudokusweb.com\/?s={search_term_string}"},"query-input":"required name=search_term_string"}],"inLanguage":"ca"},{"@type":"Organization","@id":"https:\/\/www.sudokusweb.com\/#organization","name":"SudokusWeb.com","url":"https:\/\/www.sudokusweb.com\/","logo":{"@type":"ImageObject","inLanguage":"ca","@id":"https:\/\/www.sudokusweb.com\/#\/schema\/logo\/image\/","url":"https:\/\/www.sudokusweb.com\/wp-content\/uploads\/2023\/10\/sudokusweb-logo.png","contentUrl":"https:\/\/www.sudokusweb.com\/wp-content\/uploads\/2023\/10\/sudokusweb-logo.png","width":250,"height":40,"caption":"SudokusWeb.com"},"image":{"@id":"https:\/\/www.sudokusweb.com\/#\/schema\/logo\/image\/"}}]}},"_links":{"self":[{"href":"https:\/\/www.sudokusweb.com\/ca\/wp-json\/wp\/v2\/pages\/2"}],"collection":[{"href":"https:\/\/www.sudokusweb.com\/ca\/wp-json\/wp\/v2\/pages"}],"about":[{"href":"https:\/\/www.sudokusweb.com\/ca\/wp-json\/wp\/v2\/types\/page"}],"author":[{"embeddable":true,"href":"https:\/\/www.sudokusweb.com\/ca\/wp-json\/wp\/v2\/users\/1"}],"replies":[{"embeddable":true,"href":"https:\/\/www.sudokusweb.com\/ca\/wp-json\/wp\/v2\/comments?post=2"}],"version-history":[{"count":3,"href":"https:\/\/www.sudokusweb.com\/ca\/wp-json\/wp\/v2\/pages\/2\/revisions"}],"predecessor-version":[{"id":96,"href":"https:\/\/www.sudokusweb.com\/ca\/wp-json\/wp\/v2\/pages\/2\/revisions\/96"}],"wp:attachment":[{"href":"https:\/\/www.sudokusweb.com\/ca\/wp-json\/wp\/v2\/media?parent=2"}],"curies":[{"name":"wp","href":"https:\/\/api.w.org\/{rel}","templated":true}]}}