{"id":2,"date":"2023-10-14T18:51:34","date_gmt":"2023-10-14T16:51:34","guid":{"rendered":"https:\/\/www.onze.es\/?page_id=2"},"modified":"2023-10-28T22:27:05","modified_gmt":"2023-10-28T20:27:05","slug":"pagina-ejemplo","status":"publish","type":"page","link":"https:\/\/www.sudokusweb.com\/de\/losungsmethoden\/","title":{"rendered":"L\u00f6sungsmethoden"},"content":{"rendered":"<p>Die Strategie zum L\u00f6sen eines R\u00e4tsels kann als Kombination von drei Prozessen betrachtet werden: Scannen, Markieren und Analysieren.<\/p>\r\n<p><strong>Scannen<\/strong><br \/>Das Scannen wird von Anfang an und in regelm\u00e4\u00dfigen Abst\u00e4nden w\u00e4hrend der gesamten Aufl\u00f6sung durchgef\u00fchrt. Der Scan muss zwischen den Scan-Zeitr\u00e4umen m\u00f6glicherweise mehrmals ausgef\u00fchrt werden. Das Scannen besteht aus zwei grundlegenden Techniken: Kreuzschraffur und Z\u00e4hlen, die alternativ verwendet werden k\u00f6nnen.<\/p>\r\n<ul>\r\n<li>Kreuzschraffur ist das Scannen von Zeilen (oder Spalten), um durch einen Eliminierungsprozess zu ermitteln, welche Zeile in einem bestimmten Bereich eine bestimmte Zahl enthalten k\u00f6nnte. Dieser Vorgang wird dann mit den Spalten (oder Zeilen) wiederholt. Um schnellere Ergebnisse zu erzielen, werden die Nummern der Reihe nach entsprechend ihrer H\u00e4ufigkeit gescannt. Es ist wichtig, diesen Vorgang systematisch durchzuf\u00fchren und alle Ziffern von 1 bis 9 zu \u00fcberpr\u00fcfen.<\/li>\r\n<li>Z\u00e4hlen Sie 1\u20139 nach Regionen, Zeilen und Spalten, um fehlende Zahlen zu identifizieren. Die Z\u00e4hlung auf Basis der zuletzt gefundenen Nummer kann die Geschwindigkeit der Suche erh\u00f6hen. Es kann auch vorkommen (typisch bei schwierigeren R\u00e4tseln), dass der Wert einer einzelnen Zelle durch umgekehrtes Z\u00e4hlen ermittelt werden kann, d fehlt.<\/li>\r\n<\/ul>\r\n<p>Fortgeschrittene L\u00f6ser suchen beim Scannen nach \u201eEventualit\u00e4ten\u201c, d. h. sie grenzen die Position einer Zahl in einer Zeile, Spalte oder einem Bereich oder zwei oder drei Zellen ein. Wenn diese Zellen alle in derselben Zeile (oder Spalte) und Region liegen, k\u00f6nnen sie f\u00fcr Eliminierungszwecke beim Kreuzschraffieren und Z\u00e4hlen verwendet werden. Besonders anspruchsvolle R\u00e4tsel erfordern m\u00f6glicherweise die Erkennung mehrerer Eventualit\u00e4ten, m\u00f6glicherweise in mehreren Richtungen oder sogar Kreuzungen \u2013 was die meisten L\u00f6ser auf Markup beschr\u00e4nkt (wie unten beschrieben). R\u00e4tsel, die allein durch Scannen gel\u00f6st werden k\u00f6nnen, ohne dass Eventualit\u00e4ten erkannt werden m\u00fcssen, werden als \u201eeinfache\u201c R\u00e4tsel klassifiziert; Andere, schwierigere R\u00e4tsel k\u00f6nnen per Definition nicht durch Scannen allein gel\u00f6st werden.<\/p>\r\n<p><strong>W\u00e4hlen<\/strong><br \/>Der Scanvorgang stoppt, wenn keine neuen Nummern gefunden werden k\u00f6nnen. An dieser Stelle ist es notwendig, sich auf eine logische Analyse zu konzentrieren. Die meisten finden es hilfreich, diese Analyse durch Markieren der Kandidatennummern in leeren Zellen zu leiten. Es gibt zwei beliebte Schreibweisen: Indizes und Punkte. In der tiefgestellten Schreibweise werden Kandidatennummern klein in Zellen geschrieben. Der Nachteil besteht darin, dass die Originalr\u00e4tsel in Zeitungen ver\u00f6ffentlicht werden, die normalerweise nicht viel Platz f\u00fcr mehr als ein paar Ziffern lassen. Wenn diese Notation verwendet wird, erstellen die L\u00f6ser h\u00e4ufig eine gr\u00f6\u00dfere Kopie des R\u00e4tsels und verwenden dazu einen spitzen Bleistift. Die zweite Notation ist ein Punktmuster, bei dem ein Punkt in der oberen linken Ecke eine 1 und ein Punkt in der unteren rechten Ecke eine 9 darstellt. Diese Notation hat den Vorteil, dass sie im urspr\u00fcnglichen Puzzle verwendet werden kann. Das Platzieren der Punkte erfordert Geschick, da verschobene Punkte oder versehentliche Markierungen unweigerlich zu Verwirrung f\u00fchren und nicht einfach zu l\u00f6schen sind, ohne noch mehr Verwirrung zu stiften.<\/p>\r\n<p><strong>Analyse<\/strong><br \/>Es gibt zwei Hauptans\u00e4tze: Eliminierung und Was-w\u00e4re-wenn.<\/p>\r\n<ul>\r\n<li>Bei der Eliminierung erfolgt der Fortschritt durch die sukzessive Eliminierung von Kandidatennummern f\u00fcr eine oder mehrere Zellen, bis nur noch eine Auswahl \u00fcbrig ist. Nachdem jede Antwort erreicht wurde, sollte ein neuer Scan durchgef\u00fchrt werden (in der Regel wird die Auswirkung der letzten Zahl \u00fcberpr\u00fcft). Es gibt eine Reihe von Eliminierungstaktiken. Einer der h\u00e4ufigsten F\u00e4lle ist die \u201eL\u00f6schung nicht \u00fcbereinstimmender Kandidaten\u201c. Zellen mit identischer Konfiguration von Kandidatennummern gelten als \u00fcbereinstimmend, wenn die Anzahl der Kandidatennummern in jeder Zelle gleich der Anzahl der Zellen ist, die sie enthalten. Beispielsweise wird gesagt, dass Zellen mit einer bestimmten Zeile, Spalte oder Region \u00fcbereinstimmen, wenn zwei Zellen das gleiche Paar von Kandidatenzahlen (p,q) und keine anderen enthalten, oder wenn drei Zellen das gleiche Triplett von Kandidatenzahlen (p,q) enthalten ). ,r) und nicht andere. Dabei handelt es sich im Wesentlichen um zuf\u00e4llige Eventualit\u00e4ten. Diese Zahlen (p,q,r), die irgendwo in derselben Zeile, Spalte oder Region in nicht \u00fcbereinstimmenden Zellen als Kandidaten erscheinen, k\u00f6nnen gel\u00f6scht werden.<\/li>\r\n<li>Beim Was-w\u00e4re-wenn-Ansatz wird eine Zelle mit nur zwei Kandidatenzahlen ausgew\u00e4hlt und eine Vermutung angestellt. Die obigen Schritte werden wiederholt, es sei denn, es wird eine Duplizierung gefunden. In diesem Fall ist der Alternativkandidat die L\u00f6sung. In logischer Hinsicht wird diese Methode als Reduktion auf das Absurde bezeichnet. Nishio ist eine eingeschr\u00e4nkte Form dieses Ansatzes: F\u00fcr jeden Zellkandidaten stellt sich die Frage: Passt eine bestimmte Anzahl einer Konfiguration an einen anderen Ort? Wenn die Antwort \u201eJa\u201c lautet, kann dieser Kandidat eliminiert werden. Der \u201eWas w\u00e4re wenn\u201c-Ansatz erfordert einen Bleistift und einen Radiergummi. Dieser Ansatz mag von logischen Puristen wegen zu viel Versuch und Irrtum missbilligt werden, aber er kann zu klaren und schnellen L\u00f6sungen f\u00fchren.<\/li>\r\n<\/ul>\r\n<p><br \/>Idealerweise m\u00fcssen Sie eine Kombination von Techniken finden, die einige der Nachteile der oben genannten Elemente vermeidet. Das Z\u00e4hlen von Regionen, Zeilen und Spalten kann langweilig sein. Das Eingeben von Kandidatennummern in leere Zellen kann zeitaufw\u00e4ndig sein. Der \u201eWas-w\u00e4re-wenn\u201c-Ansatz kann verwirrend sein, wenn Sie nicht gut organisiert sind. Der Knackpunkt besteht darin, eine Technik zu finden, die das Z\u00e4hlen, Markieren und L\u00f6schen minimiert.<\/p>","protected":false},"excerpt":{"rendered":"<p>Die Strategie zum L\u00f6sen eines R\u00e4tsels kann als Kombination von drei Prozessen betrachtet werden: Scannen, Markieren und Analysieren. ScannenDas Scannen&#8230;<\/p>\n","protected":false},"author":1,"featured_media":0,"parent":0,"menu_order":0,"comment_status":"closed","ping_status":"open","template":"","meta":{"footnotes":""},"yoast_head":"<!-- This site is optimized with the Yoast SEO plugin v23.3 - https:\/\/yoast.com\/wordpress\/plugins\/seo\/ -->\n<title>L\u00f6sungsmethoden - SudokusWeb.com<\/title>\n<meta name=\"robots\" content=\"index, follow, max-snippet:-1, max-image-preview:large, max-video-preview:-1\" \/>\n<link rel=\"canonical\" href=\"https:\/\/www.sudokusweb.com\/metodos-de-resolucion\/\" \/>\n<meta property=\"og:locale\" content=\"de_DE\" \/>\n<meta property=\"og:type\" content=\"article\" \/>\n<meta property=\"og:title\" content=\"[:es]M\u00e9todos de resoluci\u00f3n[:en]Solution methods[:fr]M\u00e9thodes de r\u00e9solution[:de]L\u00f6sungsmethoden[:pt]Metodos de solu\u00e7\u00e3o[:ca]M\u00e8todes de resoluci\u00f3[:ko]\ud574\uacb0 \ubc29\ubc95[:jp]\u89e3\u6c7a\u65b9\u6cd5[:] - SudokusWeb.com\" \/>\n<meta property=\"og:description\" content=\"Die Strategie zum L\u00f6sen eines R\u00e4tsels kann als Kombination von drei Prozessen betrachtet werden: Scannen, Markieren und Analysieren. ScannenDas Scannen...\" \/>\n<meta property=\"og:url\" content=\"https:\/\/www.sudokusweb.com\/metodos-de-resolucion\/\" \/>\n<meta property=\"og:site_name\" content=\"SudokusWeb.com\" \/>\n<meta property=\"article:modified_time\" content=\"2023-10-28T20:27:05+00:00\" \/>\n<meta name=\"twitter:card\" content=\"summary_large_image\" \/>\n<meta name=\"twitter:label1\" content=\"Gesch\u00e4tzte Lesezeit\" \/>\n\t<meta name=\"twitter:data1\" content=\"30 minutes\" \/>\n<script type=\"application\/ld+json\" class=\"yoast-schema-graph\">{\"@context\":\"https:\/\/schema.org\",\"@graph\":[{\"@type\":\"WebPage\",\"@id\":\"https:\/\/www.sudokusweb.com\/metodos-de-resolucion\/\",\"url\":\"https:\/\/www.sudokusweb.com\/metodos-de-resolucion\/\",\"name\":\"[:es]M\u00e9todos de resoluci\u00f3n[:en]Solution methods[:fr]M\u00e9thodes de r\u00e9solution[:de]L\u00f6sungsmethoden[:pt]Metodos de solu\u00e7\u00e3o[:ca]M\u00e8todes de resoluci\u00f3[:ko]\ud574\uacb0 \ubc29\ubc95[:jp]\u89e3\u6c7a\u65b9\u6cd5[:] - SudokusWeb.com\",\"isPartOf\":{\"@id\":\"https:\/\/www.sudokusweb.com\/#website\"},\"datePublished\":\"2023-10-14T16:51:34+00:00\",\"dateModified\":\"2023-10-28T20:27:05+00:00\",\"breadcrumb\":{\"@id\":\"https:\/\/www.sudokusweb.com\/metodos-de-resolucion\/#breadcrumb\"},\"inLanguage\":\"de-DE\",\"potentialAction\":[{\"@type\":\"ReadAction\",\"target\":[\"https:\/\/www.sudokusweb.com\/metodos-de-resolucion\/\"]}]},{\"@type\":\"BreadcrumbList\",\"@id\":\"https:\/\/www.sudokusweb.com\/metodos-de-resolucion\/#breadcrumb\",\"itemListElement\":[{\"@type\":\"ListItem\",\"position\":1,\"name\":\"Portada\",\"item\":\"https:\/\/www.sudokusweb.com\/\"},{\"@type\":\"ListItem\",\"position\":2,\"name\":\"M\u00e9todos de resoluci\u00f3n\"}]},{\"@type\":\"WebSite\",\"@id\":\"https:\/\/www.sudokusweb.com\/#website\",\"url\":\"https:\/\/www.sudokusweb.com\/\",\"name\":\"SudokusWeb.com\",\"description\":\"Sudokus diarios gratis para imprimir o jugar online\",\"publisher\":{\"@id\":\"https:\/\/www.sudokusweb.com\/#organization\"},\"potentialAction\":[{\"@type\":\"SearchAction\",\"target\":{\"@type\":\"EntryPoint\",\"urlTemplate\":\"https:\/\/www.sudokusweb.com\/?s={search_term_string}\"},\"query-input\":\"required name=search_term_string\"}],\"inLanguage\":\"de-DE\"},{\"@type\":\"Organization\",\"@id\":\"https:\/\/www.sudokusweb.com\/#organization\",\"name\":\"SudokusWeb.com\",\"url\":\"https:\/\/www.sudokusweb.com\/\",\"logo\":{\"@type\":\"ImageObject\",\"inLanguage\":\"de-DE\",\"@id\":\"https:\/\/www.sudokusweb.com\/#\/schema\/logo\/image\/\",\"url\":\"https:\/\/www.sudokusweb.com\/wp-content\/uploads\/2023\/10\/sudokusweb-logo.png\",\"contentUrl\":\"https:\/\/www.sudokusweb.com\/wp-content\/uploads\/2023\/10\/sudokusweb-logo.png\",\"width\":250,\"height\":40,\"caption\":\"SudokusWeb.com\"},\"image\":{\"@id\":\"https:\/\/www.sudokusweb.com\/#\/schema\/logo\/image\/\"}}]}<\/script>\n<!-- \/ Yoast SEO plugin. -->","yoast_head_json":{"title":"[:es]M\u00e9todos de resoluci\u00f3n[:en]Solution methods[:fr]M\u00e9thodes de r\u00e9solution[:de]L\u00f6sungsmethoden[:pt]Metodos de solu\u00e7\u00e3o[:ca]M\u00e8todes de resoluci\u00f3[:ko]\ud574\uacb0 \ubc29\ubc95[:jp]\u89e3\u6c7a\u65b9\u6cd5[:] - SudokusWeb.com","robots":{"index":"index","follow":"follow","max-snippet":"max-snippet:-1","max-image-preview":"max-image-preview:large","max-video-preview":"max-video-preview:-1"},"canonical":"https:\/\/www.sudokusweb.com\/metodos-de-resolucion\/","og_locale":"de_DE","og_type":"article","og_title":"[:es]M\u00e9todos de resoluci\u00f3n[:en]Solution methods[:fr]M\u00e9thodes de r\u00e9solution[:de]L\u00f6sungsmethoden[:pt]Metodos de solu\u00e7\u00e3o[:ca]M\u00e8todes de resoluci\u00f3[:ko]\ud574\uacb0 \ubc29\ubc95[:jp]\u89e3\u6c7a\u65b9\u6cd5[:] - SudokusWeb.com","og_description":"Die Strategie zum L\u00f6sen eines R\u00e4tsels kann als Kombination von drei Prozessen betrachtet werden: Scannen, Markieren und Analysieren. ScannenDas Scannen...","og_url":"https:\/\/www.sudokusweb.com\/metodos-de-resolucion\/","og_site_name":"SudokusWeb.com","article_modified_time":"2023-10-28T20:27:05+00:00","twitter_card":"summary_large_image","twitter_misc":{"Gesch\u00e4tzte Lesezeit":"30 minutes"},"schema":{"@context":"https:\/\/schema.org","@graph":[{"@type":"WebPage","@id":"https:\/\/www.sudokusweb.com\/metodos-de-resolucion\/","url":"https:\/\/www.sudokusweb.com\/metodos-de-resolucion\/","name":"[:es]M\u00e9todos de resoluci\u00f3n[:en]Solution methods[:fr]M\u00e9thodes de r\u00e9solution[:de]L\u00f6sungsmethoden[:pt]Metodos de solu\u00e7\u00e3o[:ca]M\u00e8todes de resoluci\u00f3[:ko]\ud574\uacb0 \ubc29\ubc95[:jp]\u89e3\u6c7a\u65b9\u6cd5[:] - SudokusWeb.com","isPartOf":{"@id":"https:\/\/www.sudokusweb.com\/#website"},"datePublished":"2023-10-14T16:51:34+00:00","dateModified":"2023-10-28T20:27:05+00:00","breadcrumb":{"@id":"https:\/\/www.sudokusweb.com\/metodos-de-resolucion\/#breadcrumb"},"inLanguage":"de-DE","potentialAction":[{"@type":"ReadAction","target":["https:\/\/www.sudokusweb.com\/metodos-de-resolucion\/"]}]},{"@type":"BreadcrumbList","@id":"https:\/\/www.sudokusweb.com\/metodos-de-resolucion\/#breadcrumb","itemListElement":[{"@type":"ListItem","position":1,"name":"Portada","item":"https:\/\/www.sudokusweb.com\/"},{"@type":"ListItem","position":2,"name":"M\u00e9todos de resoluci\u00f3n"}]},{"@type":"WebSite","@id":"https:\/\/www.sudokusweb.com\/#website","url":"https:\/\/www.sudokusweb.com\/","name":"SudokusWeb.com","description":"Sudokus diarios gratis para imprimir o jugar online","publisher":{"@id":"https:\/\/www.sudokusweb.com\/#organization"},"potentialAction":[{"@type":"SearchAction","target":{"@type":"EntryPoint","urlTemplate":"https:\/\/www.sudokusweb.com\/?s={search_term_string}"},"query-input":"required name=search_term_string"}],"inLanguage":"de-DE"},{"@type":"Organization","@id":"https:\/\/www.sudokusweb.com\/#organization","name":"SudokusWeb.com","url":"https:\/\/www.sudokusweb.com\/","logo":{"@type":"ImageObject","inLanguage":"de-DE","@id":"https:\/\/www.sudokusweb.com\/#\/schema\/logo\/image\/","url":"https:\/\/www.sudokusweb.com\/wp-content\/uploads\/2023\/10\/sudokusweb-logo.png","contentUrl":"https:\/\/www.sudokusweb.com\/wp-content\/uploads\/2023\/10\/sudokusweb-logo.png","width":250,"height":40,"caption":"SudokusWeb.com"},"image":{"@id":"https:\/\/www.sudokusweb.com\/#\/schema\/logo\/image\/"}}]}},"_links":{"self":[{"href":"https:\/\/www.sudokusweb.com\/de\/wp-json\/wp\/v2\/pages\/2"}],"collection":[{"href":"https:\/\/www.sudokusweb.com\/de\/wp-json\/wp\/v2\/pages"}],"about":[{"href":"https:\/\/www.sudokusweb.com\/de\/wp-json\/wp\/v2\/types\/page"}],"author":[{"embeddable":true,"href":"https:\/\/www.sudokusweb.com\/de\/wp-json\/wp\/v2\/users\/1"}],"replies":[{"embeddable":true,"href":"https:\/\/www.sudokusweb.com\/de\/wp-json\/wp\/v2\/comments?post=2"}],"version-history":[{"count":3,"href":"https:\/\/www.sudokusweb.com\/de\/wp-json\/wp\/v2\/pages\/2\/revisions"}],"predecessor-version":[{"id":96,"href":"https:\/\/www.sudokusweb.com\/de\/wp-json\/wp\/v2\/pages\/2\/revisions\/96"}],"wp:attachment":[{"href":"https:\/\/www.sudokusweb.com\/de\/wp-json\/wp\/v2\/media?parent=2"}],"curies":[{"name":"wp","href":"https:\/\/api.w.org\/{rel}","templated":true}]}}