{"id":3,"date":"2023-10-14T18:51:34","date_gmt":"2023-10-14T16:51:34","guid":{"rendered":"https:\/\/www.onze.es\/?page_id=3"},"modified":"2023-10-29T03:31:44","modified_gmt":"2023-10-29T02:31:44","slug":"politica-privacidad","status":"publish","type":"page","link":"https:\/\/www.sudokusweb.com\/de\/datenschutzrichtlinie\/","title":{"rendered":"Datenschutzrichtlinie"},"content":{"rendered":"<p><\/p>\n<h2 class=\"to-animate text-center fadeInRight animiert\"><strong>DATENSCHUTZ- UND COOKIE-RICHTLINIE<\/strong><\/h2>\n<p class=\"subtit-cuenta\">Was sind Cookies und warum verwenden wir sie bei SudokusWeb<\/p>\n<p>Ein Cookie ist eine Datei, die beim Zugriff auf bestimmte Webseiten auf das Ger\u00e4t des Benutzers heruntergeladen wird, um Informationen \u00fcber die von diesem Computer aus durchgef\u00fchrte Navigation zu speichern und abzurufen. Cookies erm\u00f6glichen es dieser Website unter anderem, Informationen \u00fcber Entscheidungen und Gewohnheiten des Benutzers zu speichern und abzurufen. Bei SudokusWeb verwenden wir sie, um das Erlebnis auf unseren Websites zu personalisieren, den registrierten Benutzer zu identifizieren und zu merken und die Navigation zu erleichtern. Es ist wichtig hervorzuheben, dass durch die Verwendung von Cookies keine personenbezogenen Daten des Benutzers bereitgestellt werden, der f\u00fcr SudokusWeb anonym bleibt. Der Benutzer kann seinen Browser so konfigurieren, dass die Verwendung von Cookies nicht akzeptiert wird. In diesem Fall w\u00fcrde die Personalisierung des Erlebnisses nicht zur Anwendung kommen, obwohl er weiterhin normal auf die Inhalte unserer Websites zugreifen kann. Auf der Wikipedia-Seite (<a href=\"http:\/\/es.wikipedia.org\/wiki\/Cookie_(inform%C3%A1tica)\">http:\/\/es.wikipedia.org\/wiki\/Cookie_(inform\u00e1tica)<\/a>) Es besteht die M\u00f6glichkeit, weitere Informationen dar\u00fcber zu erhalten, was Cookies sind und wie sie funktionieren.<\/p>\n<p class=\"subtit-account\">Welche Art von Cookies verwenden die SudokusWeb-Websites?<\/p>\n<p>Cookies k\u00f6nnen je nach Dauerhaftigkeit in Sitzungscookies und permanente Cookies unterteilt werden. Die ersten verfallen, wenn der Benutzer den Browser schlie\u00dft. Letztere verfallen, je nachdem, wann der Zweck erf\u00fcllt ist, dem sie dienen (z. B. damit der Benutzer auf den Websites und Diensten von SudokusWeb identifiziert bleibt) oder wenn sie manuell gel\u00f6scht werden. Abh\u00e4ngig von ihrem Zweck k\u00f6nnen Cookies au\u00dferdem wie folgt klassifiziert werden: <strong>Leistungscookies:<\/strong> Diese Art von Cookie merkt sich Ihre Pr\u00e4ferenzen f\u00fcr die in den Diensten gefundenen Tools, sodass sie den Dienst nicht jedes Mal neu konfigurieren m\u00fcssen du besuchst. Zu dieser Typologie geh\u00f6ren beispielsweise:<\/p>\n<ul>\n<li>Lautst\u00e4rkeeinstellungen f\u00fcr Video- oder Soundplayer.<\/li>\n<li>Die von Ihrem Browser unterst\u00fctzten Video\u00fcbertragungsgeschwindigkeiten.<\/li>\n<\/ul>\n<p><strong>Geolocation-Cookies:<\/strong> Diese Cookies werden verwendet, um herauszufinden, in welchem \u200b\u200bLand Sie sich befinden, wenn Sie eine Website oder einen Dienst anfordern. Dieses Cookie ist v\u00f6llig anonym und wird nur dazu verwendet, Inhalte gezielt auf Ihren Standort auszurichten. <strong>Registrierungs-Cookies:<\/strong> Registrierungs-Cookies werden generiert, sobald sich der Benutzer registriert oder anschlie\u00dfend seine Sitzung ge\u00f6ffnet hat, und werden verwendet, um ihn auf den Websites und Diensten mit den folgenden Zielen zu identifizieren:<\/p >\n<ul>\n<li>Halten Sie die Identifizierung des Benutzers aufrecht, damit er weiterhin identifiziert bleibt, wenn er einen Dienst oder eine Website, den Browser oder den Computer schlie\u00dft und zu einem anderen Zeitpunkt oder an einem anderen Tag diesen Dienst oder diese Website erneut aufruft, was ihm die Navigation erleichtert ohne zur\u00fcckkehren zu m\u00fcssen, um sich auszuweisen. Diese Funktionalit\u00e4t kann gel\u00f6scht werden, wenn der Benutzer auf die Funktion \u201eBeenden\u201c klickt, sodass dieses Cookie gel\u00f6scht wird und sich der Benutzer beim n\u00e4chsten Betreten der Website erneut anmelden muss, um identifiziert zu werden.<\/li>\n<li>\u00dcberpr\u00fcfen Sie, ob der Benutzer berechtigt ist, auf bestimmte Dienste zuzugreifen, beispielsweise um an einem Wettbewerb teilzunehmen.<\/li>\n<li>Dar\u00fcber hinaus nutzen einige Dienste m\u00f6glicherweise Konnektoren von Drittanbietern wie Facebook, Twitter oder Google. Wenn sich der Benutzer bei einem Dienst mit Anmeldeinformationen eines sozialen Netzwerks oder eines Identifikationssystems eines Drittanbieters registriert, autorisiert er diesen, ein dauerhaftes Cookie zu speichern, das seine Identit\u00e4t speichert und den Zugriff auf die Website bis zum Ablaufdatum garantiert. Der Benutzer kann dieses Cookie l\u00f6schen und den Zugriff auf die Website \u00fcber soziale Netzwerke oder Identifikationssysteme Dritter widerrufen, indem er seine Pr\u00e4ferenzen im jeweiligen sozialen Netzwerk aktualisiert.<\/li>\n<\/ul>\n<p><strong>Analyse-Cookies:<\/strong> Jedes Mal, wenn ein Benutzer eine Website oder einen Dienst besucht, generiert ein Tool eines externen Anbieters (Google Analytics und \u00e4hnliches) ein analytisches Cookie auf dem Ger\u00e4t des Benutzers. Dieses Cookie, das nur w\u00e4hrend des Besuchs generiert wird, wird bei zuk\u00fcnftigen Besuchen der SudokusWeb-Dienste verwendet, um den Besucher anonym zu identifizieren. Die verfolgten Hauptziele sind:<\/p>\n<ul>\n<li>Erm\u00f6glichen Sie die anonyme Identifizierung der surfenden Benutzer durch das \u201eCookie\u201c (identifiziert Browser und Ger\u00e4te, nicht Personen) und damit die ungef\u00e4hre Erfassung der Anzahl der Besucher und ihres Trends im Zeitverlauf.<\/li>\n<li>Identifizieren Sie anonym die am h\u00e4ufigsten besuchten und damit f\u00fcr Benutzer attraktivsten Inhalte<\/li>\n<li>Erkennen Sie, ob der Benutzer, der darauf zugreift, ein neuer oder wiederkehrender Besucher ist.<\/li>\n<\/ul>\n<p><em>Wichtig:<\/em> Sofern sich der Benutzer nicht dazu entschlie\u00dft, sich auf einer SudokusWeb-Website zu registrieren, wird das Cookie niemals mit personenbezogenen Daten verkn\u00fcpft, die ihn identifizieren k\u00f6nnten. Diese Cookies werden nur zu statistischen Zwecken verwendet, die dazu beitragen, das Benutzererlebnis auf der Website zu optimieren. Weitere Informationen zu den Datenschutzbestimmungen dieser Analysetools finden Sie unter:\u00a0<a href=\"http:\/\/www.google.es\/intl\/es\/analytics\/privacyoverview.html\">Google Analytics<\/a>. <strong>Werbe-Cookies:<\/strong>\u00a0Diese Arten von Cookies erm\u00f6glichen es uns, die Informationen der Werbung zu erweitern, die jedem anonymen Benutzer auf den SudokusWeb angezeigt wird. Unter anderem werden die Dauer oder H\u00e4ufigkeit der Anzeige von Werbepositionen, die Interaktion mit ihnen oder das Surfverhalten und\/oder Verhalten des Nutzers gespeichert, um ein Profil des Werbeinteresses zu erstellen. Auf diese Weise erm\u00f6glichen sie es uns, Werbung anzubieten, die auf die Interessen des Nutzers zugeschnitten ist. Zur Verwaltung der SudokusWeb-Werbung werden Werbediensttools verwendet (<a href=\"http:\/\/es.wikipedia.org\/wiki\/Adserver\">Adserver \u2013 http:\/\/es.wikipedia.org\/wiki\/Adserver\u201c)<\/a>\u00a0von Dritten. Diese Dritten k\u00f6nnen von den SudokusWeb gesendete Cookies \u00fcber die Browser der Benutzer speichern und auf die darin gespeicherten Daten zugreifen. Die Unternehmen, die diese Cookies generieren, haben ihre eigenen Datenschutzrichtlinien. Derzeit nutzt SudokusWeb zur Verwaltung dieser Dienste die Doubleclick-Plattform von Google. Weitere Informationen finden Sie unter <a href=\"http:\/\/www.google.es\/policies\/privacy\/ads\/#toc-doubleclick\">http:\/\/www.google.es\/policies\/privacy\/ads\/#. toc-doubleclick<\/a> und ein <a href=\"http:\/\/www.google.es\/policies\/privacy\/ads\/\">http:\/\/www.google.es\/policies\/privacy\/ads\/<\/a>.<\/p>\n<p class=\"subtit-account\">So deaktivieren Sie Cookies im Browser<\/p>\n<p>Bei den meisten Browsern kann der Nutzer derzeit konfigurieren, ob und welche Cookies er akzeptieren m\u00f6chte. Diese Einstellungen finden Sie normalerweise im Men\u00fc \u201eOptionen\u201c oder \u201eEinstellungen\u201c Ihres Browsers. Dies sind die Anweisungen zum Konfigurieren von Cookies in den wichtigsten Browsern:<\/p>\n<ul>\n<li><strong>Chrome:<\/strong> Einstellungen -&gt; Erweiterte Optionen anzeigen -&gt; Datenschutz -&gt; Inhaltseinstellungen. Weitere Informationen finden Sie im Google-Support oder in der Browser-Hilfe.<\/li>\n<li><strong>Firefox:<\/strong> Extras -&gt; Optionen -&gt; Datenschutz -&gt; Geschichte -&gt; Benutzerdefinierte Einstellungen. Weitere Informationen finden Sie im Mozilla-Support oder in der Browser-Hilfe.<\/li>\n<li><strong>Internet Explorer:<\/strong> Extras -&gt; Internetoptionen -&gt; Datenschutz -&gt; Einstellung. Weitere Informationen finden Sie im Microsoft-Support oder in der Browser-Hilfe.<\/li>\n<li><strong>Safari:<\/strong> Einstellungen -&gt; Sicherheit. Weitere Informationen finden Sie im Apple Support oder in der Browser-Hilfe.<\/li>\n<\/ul>\n<p><\/p>","protected":false},"excerpt":{"rendered":"<p>DATENSCHUTZ- UND COOKIE-RICHTLINIE Was sind Cookies und warum verwenden wir sie bei SudokusWeb Ein Cookie ist eine Datei, die beim&#8230;<\/p>\n","protected":false},"author":1,"featured_media":0,"parent":0,"menu_order":0,"comment_status":"closed","ping_status":"open","template":"","meta":{"footnotes":""},"yoast_head":"<!-- This site is optimized with the Yoast SEO plugin v23.3 - https:\/\/yoast.com\/wordpress\/plugins\/seo\/ -->\n<title>Datenschutzrichtlinie - SudokusWeb.com<\/title>\n<meta name=\"robots\" content=\"index, follow, max-snippet:-1, max-image-preview:large, max-video-preview:-1\" \/>\n<link rel=\"canonical\" href=\"https:\/\/www.sudokusweb.com\/politica-de-privacidad\/\" \/>\n<meta property=\"og:locale\" content=\"de_DE\" \/>\n<meta property=\"og:type\" content=\"article\" \/>\n<meta property=\"og:title\" content=\"[:es]Pol\u00edtica de privacidad[:en]Privacy Policy[:fr]Politique de confidentialit\u00e9[:de]Datenschutzrichtlinie[:pt]Pol\u00edtica de privacidade[:ca]Pol\u00edtica de privacitat[:ko]\uac1c\uc778 \uc815\ubcf4 \uc815\ucc45[:jp]\u30d7\u30e9\u30a4\u30d0\u30b7\u30fc\u30dd\u30ea\u30b7\u30fc[:] - SudokusWeb.com\" \/>\n<meta property=\"og:description\" content=\"DATENSCHUTZ- UND COOKIE-RICHTLINIE Was sind Cookies und warum verwenden wir sie bei SudokusWeb Ein Cookie ist eine Datei, die beim...\" \/>\n<meta property=\"og:url\" content=\"https:\/\/www.sudokusweb.com\/politica-de-privacidad\/\" \/>\n<meta property=\"og:site_name\" content=\"SudokusWeb.com\" \/>\n<meta property=\"article:modified_time\" content=\"2023-10-29T02:31:44+00:00\" \/>\n<meta name=\"twitter:card\" content=\"summary_large_image\" \/>\n<meta name=\"twitter:label1\" content=\"Gesch\u00e4tzte Lesezeit\" \/>\n\t<meta name=\"twitter:data1\" content=\"1 minute\" \/>\n<script type=\"application\/ld+json\" class=\"yoast-schema-graph\">{\"@context\":\"https:\/\/schema.org\",\"@graph\":[{\"@type\":\"WebPage\",\"@id\":\"https:\/\/www.sudokusweb.com\/politica-de-privacidad\/\",\"url\":\"https:\/\/www.sudokusweb.com\/politica-de-privacidad\/\",\"name\":\"[:es]Pol\u00edtica de privacidad[:en]Privacy Policy[:fr]Politique de confidentialit\u00e9[:de]Datenschutzrichtlinie[:pt]Pol\u00edtica de privacidade[:ca]Pol\u00edtica de privacitat[:ko]\uac1c\uc778 \uc815\ubcf4 \uc815\ucc45[:jp]\u30d7\u30e9\u30a4\u30d0\u30b7\u30fc\u30dd\u30ea\u30b7\u30fc[:] - SudokusWeb.com\",\"isPartOf\":{\"@id\":\"https:\/\/www.sudokusweb.com\/#website\"},\"datePublished\":\"2023-10-14T16:51:34+00:00\",\"dateModified\":\"2023-10-29T02:31:44+00:00\",\"breadcrumb\":{\"@id\":\"https:\/\/www.sudokusweb.com\/politica-de-privacidad\/#breadcrumb\"},\"inLanguage\":\"de-DE\",\"potentialAction\":[{\"@type\":\"ReadAction\",\"target\":[\"https:\/\/www.sudokusweb.com\/politica-de-privacidad\/\"]}]},{\"@type\":\"BreadcrumbList\",\"@id\":\"https:\/\/www.sudokusweb.com\/politica-de-privacidad\/#breadcrumb\",\"itemListElement\":[{\"@type\":\"ListItem\",\"position\":1,\"name\":\"Portada\",\"item\":\"https:\/\/www.sudokusweb.com\/\"},{\"@type\":\"ListItem\",\"position\":2,\"name\":\"Pol\u00edtica de privacidad\"}]},{\"@type\":\"WebSite\",\"@id\":\"https:\/\/www.sudokusweb.com\/#website\",\"url\":\"https:\/\/www.sudokusweb.com\/\",\"name\":\"SudokusWeb.com\",\"description\":\"Sudokus diarios gratis para imprimir o jugar online\",\"publisher\":{\"@id\":\"https:\/\/www.sudokusweb.com\/#organization\"},\"potentialAction\":[{\"@type\":\"SearchAction\",\"target\":{\"@type\":\"EntryPoint\",\"urlTemplate\":\"https:\/\/www.sudokusweb.com\/?s={search_term_string}\"},\"query-input\":\"required name=search_term_string\"}],\"inLanguage\":\"de-DE\"},{\"@type\":\"Organization\",\"@id\":\"https:\/\/www.sudokusweb.com\/#organization\",\"name\":\"SudokusWeb.com\",\"url\":\"https:\/\/www.sudokusweb.com\/\",\"logo\":{\"@type\":\"ImageObject\",\"inLanguage\":\"de-DE\",\"@id\":\"https:\/\/www.sudokusweb.com\/#\/schema\/logo\/image\/\",\"url\":\"https:\/\/www.sudokusweb.com\/wp-content\/uploads\/2023\/10\/sudokusweb-logo.png\",\"contentUrl\":\"https:\/\/www.sudokusweb.com\/wp-content\/uploads\/2023\/10\/sudokusweb-logo.png\",\"width\":250,\"height\":40,\"caption\":\"SudokusWeb.com\"},\"image\":{\"@id\":\"https:\/\/www.sudokusweb.com\/#\/schema\/logo\/image\/\"}}]}<\/script>\n<!-- \/ Yoast SEO plugin. -->","yoast_head_json":{"title":"[:es]Pol\u00edtica de privacidad[:en]Privacy Policy[:fr]Politique de confidentialit\u00e9[:de]Datenschutzrichtlinie[:pt]Pol\u00edtica de privacidade[:ca]Pol\u00edtica de privacitat[:ko]\uac1c\uc778 \uc815\ubcf4 \uc815\ucc45[:jp]\u30d7\u30e9\u30a4\u30d0\u30b7\u30fc\u30dd\u30ea\u30b7\u30fc[:] - SudokusWeb.com","robots":{"index":"index","follow":"follow","max-snippet":"max-snippet:-1","max-image-preview":"max-image-preview:large","max-video-preview":"max-video-preview:-1"},"canonical":"https:\/\/www.sudokusweb.com\/politica-de-privacidad\/","og_locale":"de_DE","og_type":"article","og_title":"[:es]Pol\u00edtica de privacidad[:en]Privacy Policy[:fr]Politique de confidentialit\u00e9[:de]Datenschutzrichtlinie[:pt]Pol\u00edtica de privacidade[:ca]Pol\u00edtica de privacitat[:ko]\uac1c\uc778 \uc815\ubcf4 \uc815\ucc45[:jp]\u30d7\u30e9\u30a4\u30d0\u30b7\u30fc\u30dd\u30ea\u30b7\u30fc[:] - SudokusWeb.com","og_description":"DATENSCHUTZ- UND COOKIE-RICHTLINIE Was sind Cookies und warum verwenden wir sie bei SudokusWeb Ein Cookie ist eine Datei, die beim...","og_url":"https:\/\/www.sudokusweb.com\/politica-de-privacidad\/","og_site_name":"SudokusWeb.com","article_modified_time":"2023-10-29T02:31:44+00:00","twitter_card":"summary_large_image","twitter_misc":{"Gesch\u00e4tzte Lesezeit":"1 minute"},"schema":{"@context":"https:\/\/schema.org","@graph":[{"@type":"WebPage","@id":"https:\/\/www.sudokusweb.com\/politica-de-privacidad\/","url":"https:\/\/www.sudokusweb.com\/politica-de-privacidad\/","name":"[:es]Pol\u00edtica de privacidad[:en]Privacy Policy[:fr]Politique de confidentialit\u00e9[:de]Datenschutzrichtlinie[:pt]Pol\u00edtica de privacidade[:ca]Pol\u00edtica de privacitat[:ko]\uac1c\uc778 \uc815\ubcf4 \uc815\ucc45[:jp]\u30d7\u30e9\u30a4\u30d0\u30b7\u30fc\u30dd\u30ea\u30b7\u30fc[:] - SudokusWeb.com","isPartOf":{"@id":"https:\/\/www.sudokusweb.com\/#website"},"datePublished":"2023-10-14T16:51:34+00:00","dateModified":"2023-10-29T02:31:44+00:00","breadcrumb":{"@id":"https:\/\/www.sudokusweb.com\/politica-de-privacidad\/#breadcrumb"},"inLanguage":"de-DE","potentialAction":[{"@type":"ReadAction","target":["https:\/\/www.sudokusweb.com\/politica-de-privacidad\/"]}]},{"@type":"BreadcrumbList","@id":"https:\/\/www.sudokusweb.com\/politica-de-privacidad\/#breadcrumb","itemListElement":[{"@type":"ListItem","position":1,"name":"Portada","item":"https:\/\/www.sudokusweb.com\/"},{"@type":"ListItem","position":2,"name":"Pol\u00edtica de privacidad"}]},{"@type":"WebSite","@id":"https:\/\/www.sudokusweb.com\/#website","url":"https:\/\/www.sudokusweb.com\/","name":"SudokusWeb.com","description":"Sudokus diarios gratis para imprimir o jugar online","publisher":{"@id":"https:\/\/www.sudokusweb.com\/#organization"},"potentialAction":[{"@type":"SearchAction","target":{"@type":"EntryPoint","urlTemplate":"https:\/\/www.sudokusweb.com\/?s={search_term_string}"},"query-input":"required name=search_term_string"}],"inLanguage":"de-DE"},{"@type":"Organization","@id":"https:\/\/www.sudokusweb.com\/#organization","name":"SudokusWeb.com","url":"https:\/\/www.sudokusweb.com\/","logo":{"@type":"ImageObject","inLanguage":"de-DE","@id":"https:\/\/www.sudokusweb.com\/#\/schema\/logo\/image\/","url":"https:\/\/www.sudokusweb.com\/wp-content\/uploads\/2023\/10\/sudokusweb-logo.png","contentUrl":"https:\/\/www.sudokusweb.com\/wp-content\/uploads\/2023\/10\/sudokusweb-logo.png","width":250,"height":40,"caption":"SudokusWeb.com"},"image":{"@id":"https:\/\/www.sudokusweb.com\/#\/schema\/logo\/image\/"}}]}},"_links":{"self":[{"href":"https:\/\/www.sudokusweb.com\/de\/wp-json\/wp\/v2\/pages\/3"}],"collection":[{"href":"https:\/\/www.sudokusweb.com\/de\/wp-json\/wp\/v2\/pages"}],"about":[{"href":"https:\/\/www.sudokusweb.com\/de\/wp-json\/wp\/v2\/types\/page"}],"author":[{"embeddable":true,"href":"https:\/\/www.sudokusweb.com\/de\/wp-json\/wp\/v2\/users\/1"}],"replies":[{"embeddable":true,"href":"https:\/\/www.sudokusweb.com\/de\/wp-json\/wp\/v2\/comments?post=3"}],"version-history":[{"count":5,"href":"https:\/\/www.sudokusweb.com\/de\/wp-json\/wp\/v2\/pages\/3\/revisions"}],"predecessor-version":[{"id":7562,"href":"https:\/\/www.sudokusweb.com\/de\/wp-json\/wp\/v2\/pages\/3\/revisions\/7562"}],"wp:attachment":[{"href":"https:\/\/www.sudokusweb.com\/de\/wp-json\/wp\/v2\/media?parent=3"}],"curies":[{"name":"wp","href":"https:\/\/api.w.org\/{rel}","templated":true}]}}