{"id":56,"date":"2023-10-28T14:32:48","date_gmt":"2023-10-28T12:32:48","guid":{"rendered":"https:\/\/pruebas.sudokusweb.com\/?page_id=56"},"modified":"2023-10-28T22:28:42","modified_gmt":"2023-10-28T20:28:42","slug":"periodicos-y-revistas","status":"publish","type":"page","link":"https:\/\/www.sudokusweb.com\/de\/zeitungen-und-magazines\/","title":{"rendered":"Zeitungen und magazines"},"content":{"rendered":"<p>Wenn Sie unsere Sudokus in Ihrer Zeitung, Zeitschrift oder Ihrem R\u00e4tselbuch verwenden m\u00f6chten, z\u00f6gern Sie nicht, uns zu kontaktieren. Wir k\u00f6nnen Ihnen t\u00e4gliche, w\u00f6chentliche, monatliche oder spezielle Sudokus mit Ihren eigenen Motiven (anstelle von Zahlen k\u00f6nnen Sie auch Buchstaben, Bilder, Logos usw. verwenden) zu sehr wettbewerbsf\u00e4higen Preisen anbieten.<\/p>\n<p>Aber nicht nur das, wenn Sie neben Sudokus auch andere Hobbys haben m\u00f6chten, wie Kreuzwortr\u00e4tsel, selbstdefinierte R\u00e4tsel, Kreuze, Labyrinthe, Subaris, Wordokus&#8230; z\u00f6gern Sie nicht, unsere Website <a href=\"http:\/\/www.pasatiemposweb.com\/\">PasatiemposWeb.com<\/a>, zu besuchen, wo Sie finden alles, was Sie suchen.<\/p>\n<p>Die vollst\u00e4ndige oder teilweise Reproduktion unserer Sudokus in einem gedruckten Medium ist ohne unsere ausdr\u00fcckliche Genehmigung nicht gestattet. Jede Verwendung, die gegen die Regeln des geistigen Eigentums verst\u00f6\u00dft, wird gem\u00e4\u00df der geltenden Gesetzgebung strafrechtlich verfolgt.<\/p>\n<p>\n<div class=\"wpcf7 no-js\" id=\"wpcf7-f87-o4\" lang=\"es-ES\" dir=\"ltr\">\n<div class=\"screen-reader-response\"><p role=\"status\" aria-live=\"polite\" aria-atomic=\"true\"><\/p> <ul><\/ul><\/div>\n<form action=\"\/de\/wp-json\/wp\/v2\/pages\/56#wpcf7-f87-o4\" method=\"post\" class=\"wpcf7-form init\" aria-label=\"Formulario de contacto\" novalidate=\"novalidate\" data-status=\"init\">\n<div style=\"display: none;\">\n<input type=\"hidden\" name=\"_wpcf7\" value=\"87\" \/>\n<input type=\"hidden\" name=\"_wpcf7_version\" value=\"5.9.8\" \/>\n<input type=\"hidden\" name=\"_wpcf7_locale\" value=\"es_ES\" \/>\n<input type=\"hidden\" name=\"_wpcf7_unit_tag\" value=\"wpcf7-f87-o4\" \/>\n<input type=\"hidden\" name=\"_wpcf7_container_post\" value=\"0\" \/>\n<input type=\"hidden\" name=\"_wpcf7_posted_data_hash\" value=\"\" \/>\n<\/div>\n<p><label> Ihr Name<br \/>\n<span class=\"wpcf7-form-control-wrap\" data-name=\"your-name\"><input size=\"40\" maxlength=\"400\" class=\"wpcf7-form-control wpcf7-text wpcf7-validates-as-required\" autocomplete=\"name\" aria-required=\"true\" aria-invalid=\"false\" value=\"\" type=\"text\" name=\"your-name\" \/><\/span> <\/label>\n<\/p>\n<p><label> Deine E-Mail<br \/>\n<span class=\"wpcf7-form-control-wrap\" data-name=\"your-email\"><input size=\"40\" maxlength=\"400\" class=\"wpcf7-form-control wpcf7-email wpcf7-validates-as-required wpcf7-text wpcf7-validates-as-email\" autocomplete=\"email\" aria-required=\"true\" aria-invalid=\"false\" value=\"\" type=\"email\" name=\"your-email\" \/><\/span> <\/label>\n<\/p>\n<p><label> Aff\u00e4re<br \/>\n<span class=\"wpcf7-form-control-wrap\" data-name=\"your-subject\"><input size=\"40\" maxlength=\"400\" class=\"wpcf7-form-control wpcf7-text wpcf7-validates-as-required\" aria-required=\"true\" aria-invalid=\"false\" value=\"\" type=\"text\" name=\"your-subject\" \/><\/span> <\/label>\n<\/p>\n<p><label> Ihre Nachricht<br \/>\n<span class=\"wpcf7-form-control-wrap\" data-name=\"your-message\"><textarea cols=\"40\" rows=\"10\" maxlength=\"2000\" class=\"wpcf7-form-control wpcf7-textarea wpcf7-validates-as-required\" aria-required=\"true\" aria-invalid=\"false\" name=\"your-message\"><\/textarea><\/span> <\/label>\n<\/p>\n<p><input class=\"wpcf7-form-control wpcf7-submit has-spinner\" type=\"submit\" value=\"Schicken\" \/>\n<\/p><p style=\"display: none !important;\" class=\"akismet-fields-container\" data-prefix=\"_wpcf7_ak_\"><label>&#916;<textarea name=\"_wpcf7_ak_hp_textarea\" cols=\"45\" rows=\"8\" maxlength=\"100\"><\/textarea><\/label><input type=\"hidden\" id=\"ak_js_4\" name=\"_wpcf7_ak_js\" value=\"184\"\/><script>document.getElementById( \"ak_js_4\" ).setAttribute( \"value\", ( new Date() ).getTime() );<\/script><\/p><div class=\"wpcf7-response-output\" aria-hidden=\"true\"><\/div>\n<\/form>\n<\/div>\n<\/p>","protected":false},"excerpt":{"rendered":"<p>Wenn Sie unsere Sudokus in Ihrer Zeitung, Zeitschrift oder Ihrem R\u00e4tselbuch verwenden m\u00f6chten, z\u00f6gern Sie nicht, uns zu kontaktieren. Wir&#8230;<\/p>\n","protected":false},"author":1,"featured_media":0,"parent":0,"menu_order":0,"comment_status":"closed","ping_status":"closed","template":"","meta":{"footnotes":""},"yoast_head":"<!-- This site is optimized with the Yoast SEO plugin v23.3 - https:\/\/yoast.com\/wordpress\/plugins\/seo\/ -->\n<title>Zeitungen und magazines - SudokusWeb.com<\/title>\n<meta name=\"robots\" content=\"index, follow, max-snippet:-1, max-image-preview:large, max-video-preview:-1\" \/>\n<link rel=\"canonical\" href=\"https:\/\/www.sudokusweb.com\/periodicos-y-revistas\/\" \/>\n<meta property=\"og:locale\" content=\"de_DE\" \/>\n<meta property=\"og:type\" content=\"article\" \/>\n<meta property=\"og:title\" content=\"[:es]Peri\u00f3dicos y revistas[:en]Newspapers and magazines[:fr]Journaux et magazines[:de]Zeitungen und magazines[:pt]Jornais e revistas[:ca]Diaris i revistes[:ko]\uc2e0\ubb38\uacfc \uc7a1\uc9c0[:jp]\u65b0\u805e\u3068\u96d1\u8a8c[:] - SudokusWeb.com\" \/>\n<meta property=\"og:description\" content=\"Wenn Sie unsere Sudokus in Ihrer Zeitung, Zeitschrift oder Ihrem R\u00e4tselbuch verwenden m\u00f6chten, z\u00f6gern Sie nicht, uns zu kontaktieren. Wir...\" \/>\n<meta property=\"og:url\" content=\"https:\/\/www.sudokusweb.com\/periodicos-y-revistas\/\" \/>\n<meta property=\"og:site_name\" content=\"SudokusWeb.com\" \/>\n<meta property=\"article:modified_time\" content=\"2023-10-28T20:28:42+00:00\" \/>\n<meta name=\"twitter:card\" content=\"summary_large_image\" \/>\n<meta name=\"twitter:label1\" content=\"Gesch\u00e4tzte Lesezeit\" \/>\n\t<meta name=\"twitter:data1\" content=\"5 minutes\" \/>\n<script type=\"application\/ld+json\" class=\"yoast-schema-graph\">{\"@context\":\"https:\/\/schema.org\",\"@graph\":[{\"@type\":\"WebPage\",\"@id\":\"https:\/\/www.sudokusweb.com\/periodicos-y-revistas\/\",\"url\":\"https:\/\/www.sudokusweb.com\/periodicos-y-revistas\/\",\"name\":\"[:es]Peri\u00f3dicos y revistas[:en]Newspapers and magazines[:fr]Journaux et magazines[:de]Zeitungen und magazines[:pt]Jornais e revistas[:ca]Diaris i revistes[:ko]\uc2e0\ubb38\uacfc \uc7a1\uc9c0[:jp]\u65b0\u805e\u3068\u96d1\u8a8c[:] - SudokusWeb.com\",\"isPartOf\":{\"@id\":\"https:\/\/www.sudokusweb.com\/#website\"},\"datePublished\":\"2023-10-28T12:32:48+00:00\",\"dateModified\":\"2023-10-28T20:28:42+00:00\",\"breadcrumb\":{\"@id\":\"https:\/\/www.sudokusweb.com\/periodicos-y-revistas\/#breadcrumb\"},\"inLanguage\":\"de-DE\",\"potentialAction\":[{\"@type\":\"ReadAction\",\"target\":[\"https:\/\/www.sudokusweb.com\/periodicos-y-revistas\/\"]}]},{\"@type\":\"BreadcrumbList\",\"@id\":\"https:\/\/www.sudokusweb.com\/periodicos-y-revistas\/#breadcrumb\",\"itemListElement\":[{\"@type\":\"ListItem\",\"position\":1,\"name\":\"Portada\",\"item\":\"https:\/\/www.sudokusweb.com\/\"},{\"@type\":\"ListItem\",\"position\":2,\"name\":\"Peri\u00f3dicos y revistas\"}]},{\"@type\":\"WebSite\",\"@id\":\"https:\/\/www.sudokusweb.com\/#website\",\"url\":\"https:\/\/www.sudokusweb.com\/\",\"name\":\"SudokusWeb.com\",\"description\":\"Sudokus diarios gratis para imprimir o jugar online\",\"publisher\":{\"@id\":\"https:\/\/www.sudokusweb.com\/#organization\"},\"potentialAction\":[{\"@type\":\"SearchAction\",\"target\":{\"@type\":\"EntryPoint\",\"urlTemplate\":\"https:\/\/www.sudokusweb.com\/?s={search_term_string}\"},\"query-input\":\"required name=search_term_string\"}],\"inLanguage\":\"de-DE\"},{\"@type\":\"Organization\",\"@id\":\"https:\/\/www.sudokusweb.com\/#organization\",\"name\":\"SudokusWeb.com\",\"url\":\"https:\/\/www.sudokusweb.com\/\",\"logo\":{\"@type\":\"ImageObject\",\"inLanguage\":\"de-DE\",\"@id\":\"https:\/\/www.sudokusweb.com\/#\/schema\/logo\/image\/\",\"url\":\"https:\/\/www.sudokusweb.com\/wp-content\/uploads\/2023\/10\/sudokusweb-logo.png\",\"contentUrl\":\"https:\/\/www.sudokusweb.com\/wp-content\/uploads\/2023\/10\/sudokusweb-logo.png\",\"width\":250,\"height\":40,\"caption\":\"SudokusWeb.com\"},\"image\":{\"@id\":\"https:\/\/www.sudokusweb.com\/#\/schema\/logo\/image\/\"}}]}<\/script>\n<!-- \/ Yoast SEO plugin. -->","yoast_head_json":{"title":"[:es]Peri\u00f3dicos y revistas[:en]Newspapers and magazines[:fr]Journaux et magazines[:de]Zeitungen und magazines[:pt]Jornais e revistas[:ca]Diaris i revistes[:ko]\uc2e0\ubb38\uacfc \uc7a1\uc9c0[:jp]\u65b0\u805e\u3068\u96d1\u8a8c[:] - SudokusWeb.com","robots":{"index":"index","follow":"follow","max-snippet":"max-snippet:-1","max-image-preview":"max-image-preview:large","max-video-preview":"max-video-preview:-1"},"canonical":"https:\/\/www.sudokusweb.com\/periodicos-y-revistas\/","og_locale":"de_DE","og_type":"article","og_title":"[:es]Peri\u00f3dicos y revistas[:en]Newspapers and magazines[:fr]Journaux et magazines[:de]Zeitungen und magazines[:pt]Jornais e revistas[:ca]Diaris i revistes[:ko]\uc2e0\ubb38\uacfc \uc7a1\uc9c0[:jp]\u65b0\u805e\u3068\u96d1\u8a8c[:] - SudokusWeb.com","og_description":"Wenn Sie unsere Sudokus in Ihrer Zeitung, Zeitschrift oder Ihrem R\u00e4tselbuch verwenden m\u00f6chten, z\u00f6gern Sie nicht, uns zu kontaktieren. Wir...","og_url":"https:\/\/www.sudokusweb.com\/periodicos-y-revistas\/","og_site_name":"SudokusWeb.com","article_modified_time":"2023-10-28T20:28:42+00:00","twitter_card":"summary_large_image","twitter_misc":{"Gesch\u00e4tzte Lesezeit":"5 minutes"},"schema":{"@context":"https:\/\/schema.org","@graph":[{"@type":"WebPage","@id":"https:\/\/www.sudokusweb.com\/periodicos-y-revistas\/","url":"https:\/\/www.sudokusweb.com\/periodicos-y-revistas\/","name":"[:es]Peri\u00f3dicos y revistas[:en]Newspapers and magazines[:fr]Journaux et magazines[:de]Zeitungen und magazines[:pt]Jornais e revistas[:ca]Diaris i revistes[:ko]\uc2e0\ubb38\uacfc \uc7a1\uc9c0[:jp]\u65b0\u805e\u3068\u96d1\u8a8c[:] - SudokusWeb.com","isPartOf":{"@id":"https:\/\/www.sudokusweb.com\/#website"},"datePublished":"2023-10-28T12:32:48+00:00","dateModified":"2023-10-28T20:28:42+00:00","breadcrumb":{"@id":"https:\/\/www.sudokusweb.com\/periodicos-y-revistas\/#breadcrumb"},"inLanguage":"de-DE","potentialAction":[{"@type":"ReadAction","target":["https:\/\/www.sudokusweb.com\/periodicos-y-revistas\/"]}]},{"@type":"BreadcrumbList","@id":"https:\/\/www.sudokusweb.com\/periodicos-y-revistas\/#breadcrumb","itemListElement":[{"@type":"ListItem","position":1,"name":"Portada","item":"https:\/\/www.sudokusweb.com\/"},{"@type":"ListItem","position":2,"name":"Peri\u00f3dicos y revistas"}]},{"@type":"WebSite","@id":"https:\/\/www.sudokusweb.com\/#website","url":"https:\/\/www.sudokusweb.com\/","name":"SudokusWeb.com","description":"Sudokus diarios gratis para imprimir o jugar online","publisher":{"@id":"https:\/\/www.sudokusweb.com\/#organization"},"potentialAction":[{"@type":"SearchAction","target":{"@type":"EntryPoint","urlTemplate":"https:\/\/www.sudokusweb.com\/?s={search_term_string}"},"query-input":"required name=search_term_string"}],"inLanguage":"de-DE"},{"@type":"Organization","@id":"https:\/\/www.sudokusweb.com\/#organization","name":"SudokusWeb.com","url":"https:\/\/www.sudokusweb.com\/","logo":{"@type":"ImageObject","inLanguage":"de-DE","@id":"https:\/\/www.sudokusweb.com\/#\/schema\/logo\/image\/","url":"https:\/\/www.sudokusweb.com\/wp-content\/uploads\/2023\/10\/sudokusweb-logo.png","contentUrl":"https:\/\/www.sudokusweb.com\/wp-content\/uploads\/2023\/10\/sudokusweb-logo.png","width":250,"height":40,"caption":"SudokusWeb.com"},"image":{"@id":"https:\/\/www.sudokusweb.com\/#\/schema\/logo\/image\/"}}]}},"_links":{"self":[{"href":"https:\/\/www.sudokusweb.com\/de\/wp-json\/wp\/v2\/pages\/56"}],"collection":[{"href":"https:\/\/www.sudokusweb.com\/de\/wp-json\/wp\/v2\/pages"}],"about":[{"href":"https:\/\/www.sudokusweb.com\/de\/wp-json\/wp\/v2\/types\/page"}],"author":[{"embeddable":true,"href":"https:\/\/www.sudokusweb.com\/de\/wp-json\/wp\/v2\/users\/1"}],"replies":[{"embeddable":true,"href":"https:\/\/www.sudokusweb.com\/de\/wp-json\/wp\/v2\/comments?post=56"}],"version-history":[{"count":5,"href":"https:\/\/www.sudokusweb.com\/de\/wp-json\/wp\/v2\/pages\/56\/revisions"}],"predecessor-version":[{"id":97,"href":"https:\/\/www.sudokusweb.com\/de\/wp-json\/wp\/v2\/pages\/56\/revisions\/97"}],"wp:attachment":[{"href":"https:\/\/www.sudokusweb.com\/de\/wp-json\/wp\/v2\/media?parent=56"}],"curies":[{"name":"wp","href":"https:\/\/api.w.org\/{rel}","templated":true}]}}