{"id":132,"date":"2023-10-29T01:32:43","date_gmt":"2023-10-28T23:32:43","guid":{"rendered":"https:\/\/pruebas.sudokusweb.com\/?page_id=132"},"modified":"2023-10-29T01:32:43","modified_gmt":"2023-10-28T23:32:43","slug":"los-5-ultimos-sudokus-de-nivel-dificil","status":"publish","type":"page","link":"https:\/\/www.sudokusweb.com\/en\/the-last-5-difficult-level-sudokus\/","title":{"rendered":"The last 5 difficult level sudokus"},"content":{"rendered":"<p>If you haven&#8217;t had enough with today&#8217;s 5 sudokus or you simply want to play <strong>more difficult level sudokus,<\/strong> you can download in a single PDF file <strong>the last 5 difficult level sudokus<\/strong > published by clicking on the following link:<\/p>\n<p><a href=\"\/pdf_ultimos_5.php?nivel=4&#038;lang=en\" target=\"_blank\" rel=\"noopener\">The 5 last difficult level Sudokus<img decoding=\"async\" class=\"pdf_download\" src=\"\/imag\/pdf-download.png\" alt=\"The last 5 difficult level Sudokus\" \/><\/a><\/p>","protected":false},"excerpt":{"rendered":"<p>If you haven&#8217;t had enough with today&#8217;s 5 sudokus or you simply want to play more difficult level sudokus, you&#8230;<\/p>\n","protected":false},"author":1,"featured_media":0,"parent":0,"menu_order":0,"comment_status":"closed","ping_status":"closed","template":"","meta":{"footnotes":""},"yoast_head":"<!-- This site is optimized with the Yoast SEO plugin v23.3 - https:\/\/yoast.com\/wordpress\/plugins\/seo\/ -->\n<title>The last 5 difficult level sudokus - SudokusWeb.com<\/title>\n<meta name=\"robots\" content=\"index, follow, max-snippet:-1, max-image-preview:large, max-video-preview:-1\" \/>\n<link rel=\"canonical\" href=\"https:\/\/www.sudokusweb.com\/los-5-ultimos-sudokus-de-nivel-dificil\/\" \/>\n<meta property=\"og:locale\" content=\"en_US\" \/>\n<meta property=\"og:type\" content=\"article\" \/>\n<meta property=\"og:title\" content=\"[:es]Los 5 \u00faltimos sudokus de nivel dif\u00edcil[:en]The last 5 difficult level sudokus[:fr]Les 5 derniers sudokus de niveau difficile[:de]Die letzten 5 schweren Sudokus[:pt]Os \u00faltimos 5 sudokus de n\u00edvel dif\u00edcil[:ca]Els 5 \u00faltims sudokus de nivell dif\u00edcil[:ko]\ub9c8\uc9c0\ub9c9 5\uac1c\uc758 \uc5b4\ub824\uc6b4 \ub808\ubca8 \uc2a4\ub3c4\ucfe0[:jp]\u6700\u5f8c\u306e 5 \u3064\u306e\u96e3\u3057\u3044\u30ec\u30d9\u30eb\u306e\u6570\u72ec[:] - SudokusWeb.com\" \/>\n<meta property=\"og:description\" content=\"If you haven&#8217;t had enough with today&#8217;s 5 sudokus or you simply want to play more difficult level sudokus, you...\" \/>\n<meta property=\"og:url\" content=\"https:\/\/www.sudokusweb.com\/los-5-ultimos-sudokus-de-nivel-dificil\/\" \/>\n<meta property=\"og:site_name\" content=\"SudokusWeb.com\" \/>\n<meta name=\"twitter:card\" content=\"summary_large_image\" \/>\n<meta name=\"twitter:label1\" content=\"Est. reading time\" \/>\n\t<meta name=\"twitter:data1\" content=\"1 minute\" \/>\n<script type=\"application\/ld+json\" class=\"yoast-schema-graph\">{\"@context\":\"https:\/\/schema.org\",\"@graph\":[{\"@type\":\"WebPage\",\"@id\":\"https:\/\/www.sudokusweb.com\/los-5-ultimos-sudokus-de-nivel-dificil\/\",\"url\":\"https:\/\/www.sudokusweb.com\/los-5-ultimos-sudokus-de-nivel-dificil\/\",\"name\":\"[:es]Los 5 \u00faltimos sudokus de nivel dif\u00edcil[:en]The last 5 difficult level sudokus[:fr]Les 5 derniers sudokus de niveau difficile[:de]Die letzten 5 schweren Sudokus[:pt]Os \u00faltimos 5 sudokus de n\u00edvel dif\u00edcil[:ca]Els 5 \u00faltims sudokus de nivell dif\u00edcil[:ko]\ub9c8\uc9c0\ub9c9 5\uac1c\uc758 \uc5b4\ub824\uc6b4 \ub808\ubca8 \uc2a4\ub3c4\ucfe0[:jp]\u6700\u5f8c\u306e 5 \u3064\u306e\u96e3\u3057\u3044\u30ec\u30d9\u30eb\u306e\u6570\u72ec[:] - SudokusWeb.com\",\"isPartOf\":{\"@id\":\"https:\/\/www.sudokusweb.com\/#website\"},\"datePublished\":\"2023-10-28T23:32:43+00:00\",\"dateModified\":\"2023-10-28T23:32:43+00:00\",\"breadcrumb\":{\"@id\":\"https:\/\/www.sudokusweb.com\/los-5-ultimos-sudokus-de-nivel-dificil\/#breadcrumb\"},\"inLanguage\":\"en-US\",\"potentialAction\":[{\"@type\":\"ReadAction\",\"target\":[\"https:\/\/www.sudokusweb.com\/los-5-ultimos-sudokus-de-nivel-dificil\/\"]}]},{\"@type\":\"BreadcrumbList\",\"@id\":\"https:\/\/www.sudokusweb.com\/los-5-ultimos-sudokus-de-nivel-dificil\/#breadcrumb\",\"itemListElement\":[{\"@type\":\"ListItem\",\"position\":1,\"name\":\"Portada\",\"item\":\"https:\/\/www.sudokusweb.com\/\"},{\"@type\":\"ListItem\",\"position\":2,\"name\":\"Los 5 \u00faltimos sudokus de nivel dif\u00edcil\"}]},{\"@type\":\"WebSite\",\"@id\":\"https:\/\/www.sudokusweb.com\/#website\",\"url\":\"https:\/\/www.sudokusweb.com\/\",\"name\":\"SudokusWeb.com\",\"description\":\"Sudokus diarios gratis para imprimir o jugar online\",\"publisher\":{\"@id\":\"https:\/\/www.sudokusweb.com\/#organization\"},\"potentialAction\":[{\"@type\":\"SearchAction\",\"target\":{\"@type\":\"EntryPoint\",\"urlTemplate\":\"https:\/\/www.sudokusweb.com\/?s={search_term_string}\"},\"query-input\":\"required name=search_term_string\"}],\"inLanguage\":\"en-US\"},{\"@type\":\"Organization\",\"@id\":\"https:\/\/www.sudokusweb.com\/#organization\",\"name\":\"SudokusWeb.com\",\"url\":\"https:\/\/www.sudokusweb.com\/\",\"logo\":{\"@type\":\"ImageObject\",\"inLanguage\":\"en-US\",\"@id\":\"https:\/\/www.sudokusweb.com\/#\/schema\/logo\/image\/\",\"url\":\"https:\/\/www.sudokusweb.com\/wp-content\/uploads\/2023\/10\/sudokusweb-logo.png\",\"contentUrl\":\"https:\/\/www.sudokusweb.com\/wp-content\/uploads\/2023\/10\/sudokusweb-logo.png\",\"width\":250,\"height\":40,\"caption\":\"SudokusWeb.com\"},\"image\":{\"@id\":\"https:\/\/www.sudokusweb.com\/#\/schema\/logo\/image\/\"}}]}<\/script>\n<!-- \/ Yoast SEO plugin. -->","yoast_head_json":{"title":"[:es]Los 5 \u00faltimos sudokus de nivel dif\u00edcil[:en]The last 5 difficult level sudokus[:fr]Les 5 derniers sudokus de niveau difficile[:de]Die letzten 5 schweren Sudokus[:pt]Os \u00faltimos 5 sudokus de n\u00edvel dif\u00edcil[:ca]Els 5 \u00faltims sudokus de nivell dif\u00edcil[:ko]\ub9c8\uc9c0\ub9c9 5\uac1c\uc758 \uc5b4\ub824\uc6b4 \ub808\ubca8 \uc2a4\ub3c4\ucfe0[:jp]\u6700\u5f8c\u306e 5 \u3064\u306e\u96e3\u3057\u3044\u30ec\u30d9\u30eb\u306e\u6570\u72ec[:] - SudokusWeb.com","robots":{"index":"index","follow":"follow","max-snippet":"max-snippet:-1","max-image-preview":"max-image-preview:large","max-video-preview":"max-video-preview:-1"},"canonical":"https:\/\/www.sudokusweb.com\/los-5-ultimos-sudokus-de-nivel-dificil\/","og_locale":"en_US","og_type":"article","og_title":"[:es]Los 5 \u00faltimos sudokus de nivel dif\u00edcil[:en]The last 5 difficult level sudokus[:fr]Les 5 derniers sudokus de niveau difficile[:de]Die letzten 5 schweren Sudokus[:pt]Os \u00faltimos 5 sudokus de n\u00edvel dif\u00edcil[:ca]Els 5 \u00faltims sudokus de nivell dif\u00edcil[:ko]\ub9c8\uc9c0\ub9c9 5\uac1c\uc758 \uc5b4\ub824\uc6b4 \ub808\ubca8 \uc2a4\ub3c4\ucfe0[:jp]\u6700\u5f8c\u306e 5 \u3064\u306e\u96e3\u3057\u3044\u30ec\u30d9\u30eb\u306e\u6570\u72ec[:] - SudokusWeb.com","og_description":"If you haven&#8217;t had enough with today&#8217;s 5 sudokus or you simply want to play more difficult level sudokus, you...","og_url":"https:\/\/www.sudokusweb.com\/los-5-ultimos-sudokus-de-nivel-dificil\/","og_site_name":"SudokusWeb.com","twitter_card":"summary_large_image","twitter_misc":{"Est. reading time":"1 minute"},"schema":{"@context":"https:\/\/schema.org","@graph":[{"@type":"WebPage","@id":"https:\/\/www.sudokusweb.com\/los-5-ultimos-sudokus-de-nivel-dificil\/","url":"https:\/\/www.sudokusweb.com\/los-5-ultimos-sudokus-de-nivel-dificil\/","name":"[:es]Los 5 \u00faltimos sudokus de nivel dif\u00edcil[:en]The last 5 difficult level sudokus[:fr]Les 5 derniers sudokus de niveau difficile[:de]Die letzten 5 schweren Sudokus[:pt]Os \u00faltimos 5 sudokus de n\u00edvel dif\u00edcil[:ca]Els 5 \u00faltims sudokus de nivell dif\u00edcil[:ko]\ub9c8\uc9c0\ub9c9 5\uac1c\uc758 \uc5b4\ub824\uc6b4 \ub808\ubca8 \uc2a4\ub3c4\ucfe0[:jp]\u6700\u5f8c\u306e 5 \u3064\u306e\u96e3\u3057\u3044\u30ec\u30d9\u30eb\u306e\u6570\u72ec[:] - SudokusWeb.com","isPartOf":{"@id":"https:\/\/www.sudokusweb.com\/#website"},"datePublished":"2023-10-28T23:32:43+00:00","dateModified":"2023-10-28T23:32:43+00:00","breadcrumb":{"@id":"https:\/\/www.sudokusweb.com\/los-5-ultimos-sudokus-de-nivel-dificil\/#breadcrumb"},"inLanguage":"en-US","potentialAction":[{"@type":"ReadAction","target":["https:\/\/www.sudokusweb.com\/los-5-ultimos-sudokus-de-nivel-dificil\/"]}]},{"@type":"BreadcrumbList","@id":"https:\/\/www.sudokusweb.com\/los-5-ultimos-sudokus-de-nivel-dificil\/#breadcrumb","itemListElement":[{"@type":"ListItem","position":1,"name":"Portada","item":"https:\/\/www.sudokusweb.com\/"},{"@type":"ListItem","position":2,"name":"Los 5 \u00faltimos sudokus de nivel dif\u00edcil"}]},{"@type":"WebSite","@id":"https:\/\/www.sudokusweb.com\/#website","url":"https:\/\/www.sudokusweb.com\/","name":"SudokusWeb.com","description":"Sudokus diarios gratis para imprimir o jugar online","publisher":{"@id":"https:\/\/www.sudokusweb.com\/#organization"},"potentialAction":[{"@type":"SearchAction","target":{"@type":"EntryPoint","urlTemplate":"https:\/\/www.sudokusweb.com\/?s={search_term_string}"},"query-input":"required name=search_term_string"}],"inLanguage":"en-US"},{"@type":"Organization","@id":"https:\/\/www.sudokusweb.com\/#organization","name":"SudokusWeb.com","url":"https:\/\/www.sudokusweb.com\/","logo":{"@type":"ImageObject","inLanguage":"en-US","@id":"https:\/\/www.sudokusweb.com\/#\/schema\/logo\/image\/","url":"https:\/\/www.sudokusweb.com\/wp-content\/uploads\/2023\/10\/sudokusweb-logo.png","contentUrl":"https:\/\/www.sudokusweb.com\/wp-content\/uploads\/2023\/10\/sudokusweb-logo.png","width":250,"height":40,"caption":"SudokusWeb.com"},"image":{"@id":"https:\/\/www.sudokusweb.com\/#\/schema\/logo\/image\/"}}]}},"_links":{"self":[{"href":"https:\/\/www.sudokusweb.com\/en\/wp-json\/wp\/v2\/pages\/132"}],"collection":[{"href":"https:\/\/www.sudokusweb.com\/en\/wp-json\/wp\/v2\/pages"}],"about":[{"href":"https:\/\/www.sudokusweb.com\/en\/wp-json\/wp\/v2\/types\/page"}],"author":[{"embeddable":true,"href":"https:\/\/www.sudokusweb.com\/en\/wp-json\/wp\/v2\/users\/1"}],"replies":[{"embeddable":true,"href":"https:\/\/www.sudokusweb.com\/en\/wp-json\/wp\/v2\/comments?post=132"}],"version-history":[{"count":1,"href":"https:\/\/www.sudokusweb.com\/en\/wp-json\/wp\/v2\/pages\/132\/revisions"}],"predecessor-version":[{"id":133,"href":"https:\/\/www.sudokusweb.com\/en\/wp-json\/wp\/v2\/pages\/132\/revisions\/133"}],"wp:attachment":[{"href":"https:\/\/www.sudokusweb.com\/en\/wp-json\/wp\/v2\/media?parent=132"}],"curies":[{"name":"wp","href":"https:\/\/api.w.org\/{rel}","templated":true}]}}