{"id":2,"date":"2023-10-14T18:51:34","date_gmt":"2023-10-14T16:51:34","guid":{"rendered":"https:\/\/www.onze.es\/?page_id=2"},"modified":"2023-10-28T22:27:05","modified_gmt":"2023-10-28T20:27:05","slug":"pagina-ejemplo","status":"publish","type":"page","link":"https:\/\/www.sudokusweb.com\/fr\/methodes-de-resolution\/","title":{"rendered":"M\u00e9thodes de r\u00e9solution"},"content":{"rendered":"<p>La strat\u00e9gie pour r\u00e9soudre un puzzle peut \u00eatre consid\u00e9r\u00e9e comme la combinaison de trois processus\u00a0: la num\u00e9risation, le marquage et l&rsquo;analyse.<\/p>\r\n<p><strong>Scan<\/strong><br \/>Le scan est effectu\u00e9 d\u00e8s le d\u00e9but et p\u00e9riodiquement, tout au long de la r\u00e9solution. L&rsquo;analyse devra peut-\u00eatre \u00eatre ex\u00e9cut\u00e9e plusieurs fois entre les p\u00e9riodes d&rsquo;analyse. La num\u00e9risation se compose de deux techniques de base\u00a0: le hachurage et le comptage, qui peuvent \u00eatre utilis\u00e9es alternativement.<\/p>\r\n<ul>\r\n<li>Les hachures crois\u00e9es consistent \u00e0 analyser des lignes (ou des colonnes) pour identifier quelle ligne dans une r\u00e9gion particuli\u00e8re peut contenir un nombre donn\u00e9 gr\u00e2ce \u00e0 un processus d&rsquo;\u00e9limination. Ce processus est ensuite r\u00e9p\u00e9t\u00e9 avec les colonnes (ou lignes). Pour des r\u00e9sultats plus rapides, les nombres sont scann\u00e9s dans l&rsquo;ordre, en fonction de leur fr\u00e9quence d&rsquo;apparition. Il est important d&rsquo;effectuer ce processus syst\u00e9matiquement, en v\u00e9rifiant tous les chiffres de 1 \u00e0 9.<\/li>\r\n<li>Comptez de 1 \u00e0 9 par r\u00e9gions, lignes et colonnes pour identifier les num\u00e9ros manquants. Le comptage bas\u00e9 sur le dernier num\u00e9ro d\u00e9couvert peut augmenter la vitesse de recherche. Il peut \u00e9galement arriver (typique dans des \u00e9nigmes plus difficiles) que la valeur d&rsquo;une cellule individuelle puisse \u00eatre d\u00e9termin\u00e9e par comptage inverse, c&rsquo;est-\u00e0-dire en analysant sa r\u00e9gion, sa ligne ou sa colonne \u00e0 la recherche de valeurs qui ne peuvent pas l&rsquo;\u00eatre, pour voir ce que c&rsquo;est. manquant.<\/li>\r\n<\/ul>\r\n<p>Les solveurs avanc\u00e9s recherchent des \u00ab\u00a0contingences\u00a0\u00bb lors de l&rsquo;analyse, c&rsquo;est-\u00e0-dire qu&rsquo;ils affinent l&#8217;emplacement d&rsquo;un nombre dans une ligne, une colonne ou une r\u00e9gion ou dans deux ou trois cellules. Lorsque ces cellules se trouvent toutes dans la m\u00eame ligne (ou colonne) et dans la m\u00eame r\u00e9gion, elles peuvent \u00eatre utilis\u00e9es \u00e0 des fins d&rsquo;\u00e9limination lors du hachurage et du comptage. Les \u00e9nigmes particuli\u00e8rement difficiles peuvent n\u00e9cessiter la reconnaissance de multiples contingences, peut-\u00eatre dans plusieurs directions ou m\u00eame \u00e0 des intersections \u2013 rel\u00e9guant la plupart des solutions au balisage (comme d\u00e9crit ci-dessous). Les \u00e9nigmes qui peuvent \u00eatre r\u00e9solues par num\u00e9risation seule, sans n\u00e9cessiter la d\u00e9tection d&rsquo;al\u00e9as, sont class\u00e9es comme \u00e9nigmes \u00ab faciles \u00bb ; D&rsquo;autres \u00e9nigmes plus difficiles, par d\u00e9finition, ne peuvent pas \u00eatre r\u00e9solues par la seule num\u00e9risation.<\/p>\r\n<p><strong>Num\u00e9rotation<\/strong><br \/>La recherche s&rsquo;arr\u00eate lorsqu&rsquo;aucun nouveau num\u00e9ro ne peut \u00eatre d\u00e9couvert. \u00c0 ce stade, il est n\u00e9cessaire de se concentrer sur une analyse logique. La plupart trouvent utile de guider cette analyse en marquant les num\u00e9ros des candidats dans les cellules vides. Il existe deux notations populaires : les indices et les points. En notation en indice, les nombres candidats sont \u00e9crits en petits caract\u00e8res dans les cellules. L&rsquo;inconv\u00e9nient est que les puzzles originaux sont publi\u00e9s dans des journaux qui ne laissent g\u00e9n\u00e9ralement pas beaucoup d&rsquo;espace pour ins\u00e9rer plus de quelques chiffres. Si cette notation est utilis\u00e9e, les r\u00e9solveurs cr\u00e9ent souvent une copie plus grande du puzzle et utilisent un crayon bien aiguis\u00e9. La deuxi\u00e8me notation est un motif de points avec un point dans le coin sup\u00e9rieur gauche repr\u00e9sentant un 1 et un point dans le coin inf\u00e9rieur droit repr\u00e9sentant un 9. Cette notation a l&rsquo;avantage de pouvoir \u00eatre utilis\u00e9e dans le puzzle original. Il faut du savoir-faire pour placer les points, car les points d\u00e9plac\u00e9s ou les marques involontaires pr\u00eatent in\u00e9vitablement \u00e0 confusion et ne sont pas faciles \u00e0 effacer sans ajouter davantage de confusion.<\/p>\r\n<p><strong>Analyse<\/strong><br \/>Il existe deux approches principales\u00a0: l&rsquo;\u00e9limination et la simulation.<\/p>\r\n<ul>\r\n<li>En \u00e9limination, la progression s&rsquo;effectue en \u00e9liminant successivement les num\u00e9ros candidats pour une ou plusieurs cellules, jusqu&rsquo;\u00e0 ce qu&rsquo;il ne reste qu&rsquo;un seul choix. Une fois chaque r\u00e9ponse obtenue, une nouvelle analyse doit \u00eatre effectu\u00e9e (en v\u00e9rifiant g\u00e9n\u00e9ralement l&rsquo;effet du dernier num\u00e9ro). Il existe un certain nombre de tactiques d&rsquo;\u00e9limination. L\u2019une des plus courantes est la \u00ab suppression de candidats sans correspondance \u00bb. On dit que les cellules avec une configuration identique de num\u00e9ros candidats correspondent si le nombre de num\u00e9ros candidats dans chacune est \u00e9gal au nombre de cellules les contenant. Par exemple, on dit que les cellules correspondent \u00e0 une ligne, une colonne ou une r\u00e9gion particuli\u00e8re si deux cellules contiennent la m\u00eame paire de nombres candidats (p, q) et aucun autre, ou si trois cellules contiennent le m\u00eame triplet de nombres candidats (p, q). ). ,r) et pas les autres. Ce sont essentiellement des contingences fortuites. Ces nombres (p,q,r) qui apparaissent comme candidats n&rsquo;importe o\u00f9 dans la m\u00eame ligne, colonne ou r\u00e9gion dans des cellules non correspondantes peuvent \u00eatre supprim\u00e9s.<\/li>\r\n<li>Dans l&rsquo;approche de simulation, une cellule contenant seulement deux nombres candidats est s\u00e9lectionn\u00e9e et une supposition est faite. Les \u00e9tapes ci-dessus sont r\u00e9p\u00e9t\u00e9es sauf si une duplication est trouv\u00e9e, auquel cas le candidat alternatif est la solution. En termes logiques, cette m\u00e9thode est connue sous le nom de r\u00e9duction \u00e0 l\u2019absurde. Nishio est une forme limit\u00e9e de cette approche : pour chaque cellule candidate, la question se pose : un nombre particulier d&rsquo;une configuration s&rsquo;adaptera-t-il \u00e0 un autre emplacement ? Si la r\u00e9ponse est oui, alors ce candidat peut \u00eatre \u00e9limin\u00e9. L&rsquo;approche \u00ab\u00a0et si\u00a0\u00bb n\u00e9cessite un crayon et une gomme. Cette approche peut \u00eatre d\u00e9sapprouv\u00e9e par les puristes logiques en raison de trop d&rsquo;essais et d&rsquo;erreurs, mais elle peut aboutir \u00e0 des solutions claires et rapides.<\/li>\r\n<\/ul>\r\n<p><br \/>Id\u00e9alement, vous devez trouver une combinaison de techniques qui \u00e9vitent certains des inconv\u00e9nients des \u00e9l\u00e9ments ci-dessus. Compter les r\u00e9gions, les lignes et les colonnes peut \u00eatre ennuyeux. Taper les num\u00e9ros des candidats dans des cellules vides peut prendre beaucoup de temps. L&rsquo;approche \u00ab\u00a0et si\u00a0\u00bb peut pr\u00eater \u00e0 confusion \u00e0 moins que vous ne soyez bien organis\u00e9. Le n\u0153ud du probl\u00e8me est de trouver une technique qui minimise le comptage, le marquage et la suppression.<\/p>","protected":false},"excerpt":{"rendered":"<p>D\u00e9sol\u00e9, cet article est seulement disponible en Espagnol Europ\u00e9en, Anglais Am\u00e9ricain, Allemand, Portugais Europ\u00e9en, Catalan, \ud55c\uae00 et \u65e5\u672c\u8a9e.<\/p>\n","protected":false},"author":1,"featured_media":0,"parent":0,"menu_order":0,"comment_status":"closed","ping_status":"open","template":"","meta":{"footnotes":""},"yoast_head":"<!-- This site is optimized with the Yoast SEO plugin v23.3 - https:\/\/yoast.com\/wordpress\/plugins\/seo\/ -->\n<title>M\u00e9thodes de r\u00e9solution - SudokusWeb.com<\/title>\n<meta name=\"robots\" content=\"index, follow, max-snippet:-1, max-image-preview:large, max-video-preview:-1\" \/>\n<link rel=\"canonical\" href=\"https:\/\/www.sudokusweb.com\/metodos-de-resolucion\/\" \/>\n<meta property=\"og:locale\" content=\"fr_FR\" \/>\n<meta property=\"og:type\" content=\"article\" \/>\n<meta property=\"og:title\" content=\"[:es]M\u00e9todos de resoluci\u00f3n[:en]Solution methods[:fr]M\u00e9thodes de r\u00e9solution[:de]L\u00f6sungsmethoden[:pt]Metodos de solu\u00e7\u00e3o[:ca]M\u00e8todes de resoluci\u00f3[:ko]\ud574\uacb0 \ubc29\ubc95[:jp]\u89e3\u6c7a\u65b9\u6cd5[:] - SudokusWeb.com\" \/>\n<meta property=\"og:description\" content=\"D\u00e9sol\u00e9, cet article est seulement disponible en Espagnol Europ\u00e9en, Anglais Am\u00e9ricain, Allemand, Portugais Europ\u00e9en, Catalan, \ud55c\uae00 et \u65e5\u672c\u8a9e.\" \/>\n<meta property=\"og:url\" content=\"https:\/\/www.sudokusweb.com\/metodos-de-resolucion\/\" \/>\n<meta property=\"og:site_name\" content=\"SudokusWeb.com\" \/>\n<meta property=\"article:modified_time\" content=\"2023-10-28T20:27:05+00:00\" \/>\n<meta name=\"twitter:card\" content=\"summary_large_image\" \/>\n<meta name=\"twitter:label1\" content=\"Dur\u00e9e de lecture estim\u00e9e\" \/>\n\t<meta name=\"twitter:data1\" content=\"30 minutes\" \/>\n<script type=\"application\/ld+json\" class=\"yoast-schema-graph\">{\"@context\":\"https:\/\/schema.org\",\"@graph\":[{\"@type\":\"WebPage\",\"@id\":\"https:\/\/www.sudokusweb.com\/metodos-de-resolucion\/\",\"url\":\"https:\/\/www.sudokusweb.com\/metodos-de-resolucion\/\",\"name\":\"[:es]M\u00e9todos de resoluci\u00f3n[:en]Solution methods[:fr]M\u00e9thodes de r\u00e9solution[:de]L\u00f6sungsmethoden[:pt]Metodos de solu\u00e7\u00e3o[:ca]M\u00e8todes de resoluci\u00f3[:ko]\ud574\uacb0 \ubc29\ubc95[:jp]\u89e3\u6c7a\u65b9\u6cd5[:] - SudokusWeb.com\",\"isPartOf\":{\"@id\":\"https:\/\/www.sudokusweb.com\/#website\"},\"datePublished\":\"2023-10-14T16:51:34+00:00\",\"dateModified\":\"2023-10-28T20:27:05+00:00\",\"breadcrumb\":{\"@id\":\"https:\/\/www.sudokusweb.com\/metodos-de-resolucion\/#breadcrumb\"},\"inLanguage\":\"fr-FR\",\"potentialAction\":[{\"@type\":\"ReadAction\",\"target\":[\"https:\/\/www.sudokusweb.com\/metodos-de-resolucion\/\"]}]},{\"@type\":\"BreadcrumbList\",\"@id\":\"https:\/\/www.sudokusweb.com\/metodos-de-resolucion\/#breadcrumb\",\"itemListElement\":[{\"@type\":\"ListItem\",\"position\":1,\"name\":\"Portada\",\"item\":\"https:\/\/www.sudokusweb.com\/\"},{\"@type\":\"ListItem\",\"position\":2,\"name\":\"M\u00e9todos de resoluci\u00f3n\"}]},{\"@type\":\"WebSite\",\"@id\":\"https:\/\/www.sudokusweb.com\/#website\",\"url\":\"https:\/\/www.sudokusweb.com\/\",\"name\":\"SudokusWeb.com\",\"description\":\"Sudokus diarios gratis para imprimir o jugar online\",\"publisher\":{\"@id\":\"https:\/\/www.sudokusweb.com\/#organization\"},\"potentialAction\":[{\"@type\":\"SearchAction\",\"target\":{\"@type\":\"EntryPoint\",\"urlTemplate\":\"https:\/\/www.sudokusweb.com\/?s={search_term_string}\"},\"query-input\":\"required name=search_term_string\"}],\"inLanguage\":\"fr-FR\"},{\"@type\":\"Organization\",\"@id\":\"https:\/\/www.sudokusweb.com\/#organization\",\"name\":\"SudokusWeb.com\",\"url\":\"https:\/\/www.sudokusweb.com\/\",\"logo\":{\"@type\":\"ImageObject\",\"inLanguage\":\"fr-FR\",\"@id\":\"https:\/\/www.sudokusweb.com\/#\/schema\/logo\/image\/\",\"url\":\"https:\/\/www.sudokusweb.com\/wp-content\/uploads\/2023\/10\/sudokusweb-logo.png\",\"contentUrl\":\"https:\/\/www.sudokusweb.com\/wp-content\/uploads\/2023\/10\/sudokusweb-logo.png\",\"width\":250,\"height\":40,\"caption\":\"SudokusWeb.com\"},\"image\":{\"@id\":\"https:\/\/www.sudokusweb.com\/#\/schema\/logo\/image\/\"}}]}<\/script>\n<!-- \/ Yoast SEO plugin. -->","yoast_head_json":{"title":"[:es]M\u00e9todos de resoluci\u00f3n[:en]Solution methods[:fr]M\u00e9thodes de r\u00e9solution[:de]L\u00f6sungsmethoden[:pt]Metodos de solu\u00e7\u00e3o[:ca]M\u00e8todes de resoluci\u00f3[:ko]\ud574\uacb0 \ubc29\ubc95[:jp]\u89e3\u6c7a\u65b9\u6cd5[:] - SudokusWeb.com","robots":{"index":"index","follow":"follow","max-snippet":"max-snippet:-1","max-image-preview":"max-image-preview:large","max-video-preview":"max-video-preview:-1"},"canonical":"https:\/\/www.sudokusweb.com\/metodos-de-resolucion\/","og_locale":"fr_FR","og_type":"article","og_title":"[:es]M\u00e9todos de resoluci\u00f3n[:en]Solution methods[:fr]M\u00e9thodes de r\u00e9solution[:de]L\u00f6sungsmethoden[:pt]Metodos de solu\u00e7\u00e3o[:ca]M\u00e8todes de resoluci\u00f3[:ko]\ud574\uacb0 \ubc29\ubc95[:jp]\u89e3\u6c7a\u65b9\u6cd5[:] - SudokusWeb.com","og_description":"D\u00e9sol\u00e9, cet article est seulement disponible en Espagnol Europ\u00e9en, Anglais Am\u00e9ricain, Allemand, Portugais Europ\u00e9en, Catalan, \ud55c\uae00 et \u65e5\u672c\u8a9e.","og_url":"https:\/\/www.sudokusweb.com\/metodos-de-resolucion\/","og_site_name":"SudokusWeb.com","article_modified_time":"2023-10-28T20:27:05+00:00","twitter_card":"summary_large_image","twitter_misc":{"Dur\u00e9e de lecture estim\u00e9e":"30 minutes"},"schema":{"@context":"https:\/\/schema.org","@graph":[{"@type":"WebPage","@id":"https:\/\/www.sudokusweb.com\/metodos-de-resolucion\/","url":"https:\/\/www.sudokusweb.com\/metodos-de-resolucion\/","name":"[:es]M\u00e9todos de resoluci\u00f3n[:en]Solution methods[:fr]M\u00e9thodes de r\u00e9solution[:de]L\u00f6sungsmethoden[:pt]Metodos de solu\u00e7\u00e3o[:ca]M\u00e8todes de resoluci\u00f3[:ko]\ud574\uacb0 \ubc29\ubc95[:jp]\u89e3\u6c7a\u65b9\u6cd5[:] - SudokusWeb.com","isPartOf":{"@id":"https:\/\/www.sudokusweb.com\/#website"},"datePublished":"2023-10-14T16:51:34+00:00","dateModified":"2023-10-28T20:27:05+00:00","breadcrumb":{"@id":"https:\/\/www.sudokusweb.com\/metodos-de-resolucion\/#breadcrumb"},"inLanguage":"fr-FR","potentialAction":[{"@type":"ReadAction","target":["https:\/\/www.sudokusweb.com\/metodos-de-resolucion\/"]}]},{"@type":"BreadcrumbList","@id":"https:\/\/www.sudokusweb.com\/metodos-de-resolucion\/#breadcrumb","itemListElement":[{"@type":"ListItem","position":1,"name":"Portada","item":"https:\/\/www.sudokusweb.com\/"},{"@type":"ListItem","position":2,"name":"M\u00e9todos de resoluci\u00f3n"}]},{"@type":"WebSite","@id":"https:\/\/www.sudokusweb.com\/#website","url":"https:\/\/www.sudokusweb.com\/","name":"SudokusWeb.com","description":"Sudokus diarios gratis para imprimir o jugar online","publisher":{"@id":"https:\/\/www.sudokusweb.com\/#organization"},"potentialAction":[{"@type":"SearchAction","target":{"@type":"EntryPoint","urlTemplate":"https:\/\/www.sudokusweb.com\/?s={search_term_string}"},"query-input":"required name=search_term_string"}],"inLanguage":"fr-FR"},{"@type":"Organization","@id":"https:\/\/www.sudokusweb.com\/#organization","name":"SudokusWeb.com","url":"https:\/\/www.sudokusweb.com\/","logo":{"@type":"ImageObject","inLanguage":"fr-FR","@id":"https:\/\/www.sudokusweb.com\/#\/schema\/logo\/image\/","url":"https:\/\/www.sudokusweb.com\/wp-content\/uploads\/2023\/10\/sudokusweb-logo.png","contentUrl":"https:\/\/www.sudokusweb.com\/wp-content\/uploads\/2023\/10\/sudokusweb-logo.png","width":250,"height":40,"caption":"SudokusWeb.com"},"image":{"@id":"https:\/\/www.sudokusweb.com\/#\/schema\/logo\/image\/"}}]}},"_links":{"self":[{"href":"https:\/\/www.sudokusweb.com\/fr\/wp-json\/wp\/v2\/pages\/2"}],"collection":[{"href":"https:\/\/www.sudokusweb.com\/fr\/wp-json\/wp\/v2\/pages"}],"about":[{"href":"https:\/\/www.sudokusweb.com\/fr\/wp-json\/wp\/v2\/types\/page"}],"author":[{"embeddable":true,"href":"https:\/\/www.sudokusweb.com\/fr\/wp-json\/wp\/v2\/users\/1"}],"replies":[{"embeddable":true,"href":"https:\/\/www.sudokusweb.com\/fr\/wp-json\/wp\/v2\/comments?post=2"}],"version-history":[{"count":3,"href":"https:\/\/www.sudokusweb.com\/fr\/wp-json\/wp\/v2\/pages\/2\/revisions"}],"predecessor-version":[{"id":96,"href":"https:\/\/www.sudokusweb.com\/fr\/wp-json\/wp\/v2\/pages\/2\/revisions\/96"}],"wp:attachment":[{"href":"https:\/\/www.sudokusweb.com\/fr\/wp-json\/wp\/v2\/media?parent=2"}],"curies":[{"name":"wp","href":"https:\/\/api.w.org\/{rel}","templated":true}]}}