{"id":3,"date":"2023-10-14T18:51:34","date_gmt":"2023-10-14T16:51:34","guid":{"rendered":"https:\/\/www.onze.es\/?page_id=3"},"modified":"2023-10-29T03:31:44","modified_gmt":"2023-10-29T02:31:44","slug":"politica-privacidad","status":"publish","type":"page","link":"https:\/\/www.sudokusweb.com\/fr\/politique-de-confidentialite\/","title":{"rendered":"Politique de confidentialit\u00e9"},"content":{"rendered":"<p><\/p>\n<h2 class=\"to-animate text-center fadeInRight anim\u00e9\"><strong>POLITIQUE DE CONFIDENTIALIT\u00c9 ET DE COOKIES<\/strong><\/h2>\n<p class=\"subtit-cuenta\">Que sont les cookies et pourquoi les utilisons-nous sur SudokusWeb<\/p>\n<p>Un cookie est un fichier qui est t\u00e9l\u00e9charg\u00e9 sur l&rsquo;appareil de l&rsquo;utilisateur lors de l&rsquo;acc\u00e8s \u00e0 certaines pages Web pour stocker et r\u00e9cup\u00e9rer des informations sur la navigation effectu\u00e9e \u00e0 partir dudit ordinateur. Les cookies permettent, entre autres, \u00e0 ce site Web de stocker et de r\u00e9cup\u00e9rer des informations sur les d\u00e9cisions et les habitudes de l&rsquo;utilisateur. Chez SudokusWeb, nous les utilisons pour personnaliser l&rsquo;exp\u00e9rience sur nos sites Web, identifier et m\u00e9moriser l&rsquo;utilisateur enregistr\u00e9 et faciliter la navigation. Il est important de souligner que l&rsquo;utilisation de cookies ne fournit pas de donn\u00e9es personnelles sur l&rsquo;utilisateur, qui reste anonyme pour SudokusWeb. L&rsquo;utilisateur peut configurer son navigateur pour ne pas accepter l&rsquo;utilisation de cookies, auquel cas la personnalisation de l&rsquo;exp\u00e9rience ne s&rsquo;appliquerait pas bien qu&rsquo;il puisse toujours acc\u00e9der normalement au contenu de nos sites Web. Sur la page Wikip\u00e9dia (<a href=\"http:\/\/es.wikipedia.org\/wiki\/Cookie_(inform%C3%A1tica)\">http:\/\/es.wikipedia.org\/wiki\/Cookie_(inform\u00e1tica)<\/a>) il est possible d&rsquo;obtenir plus d&rsquo;informations sur ce que sont les cookies et comment ils fonctionnent.<\/p>\n<p class=\"subtit-account\">Quels types de cookies les sites Web SudokusWeb utilisent-ils<\/p>\n<p>Les cookies, en fonction de leur permanence, peuvent \u00eatre divis\u00e9s en cookies de session ou permanents. Les premiers expirent lorsque l&rsquo;utilisateur ferme le navigateur. Ces derniers expirent en fonction du moment o\u00f9 la finalit\u00e9 pour laquelle ils servent est remplie (par exemple, pour que l&rsquo;utilisateur reste identifi\u00e9 sur les sites et services SudokusWeb) ou lorsqu&rsquo;ils sont supprim\u00e9s manuellement. De plus, en fonction de leur objectif, les Cookies peuvent \u00eatre class\u00e9s comme suit\u00a0: <strong>Cookies de performance\u00a0:<\/strong> Ce type de Cookie m\u00e9morise vos pr\u00e9f\u00e9rences pour les outils trouv\u00e9s dans les services, de sorte qu&rsquo;ils ne reconfigurent pas le service \u00e0 chaque fois. tu visites. A titre d&rsquo;exemple, cette typologie comprend\u00a0:<\/p>\n<ul>\n<li>Param\u00e8tres de volume pour les lecteurs vid\u00e9o ou audio.<\/li>\n<li>Les vitesses de transmission vid\u00e9o prises en charge par votre navigateur.<\/li>\n<\/ul>\n<p><strong>Cookies de g\u00e9olocalisation\u00a0:<\/strong>\u00a0ces cookies sont utilis\u00e9s pour savoir dans quel pays vous vous trouvez lorsque vous demandez un site Web ou un service. Ce cookie est totalement anonyme et n&rsquo;est utilis\u00e9 que pour aider \u00e0 cibler le contenu en fonction de votre emplacement. <strong>Cookies d&rsquo;inscription\u00a0:<\/strong> Les Cookies d&rsquo;inscription sont g\u00e9n\u00e9r\u00e9s une fois que l&rsquo;Utilisateur s&rsquo;est inscrit ou a ouvert ult\u00e9rieurement sa session, et servent \u00e0 l&rsquo;identifier sur les sites et services avec les objectifs suivants\u00a0:<\/p >\n<ul>\n<li>Gardez l&rsquo;identification de l&rsquo;utilisateur afin que, s&rsquo;il ferme un service ou un site Web, le navigateur ou l&rsquo;ordinateur et qu&rsquo;il acc\u00e8de \u00e0 nouveau \u00e0 un autre moment ou \u00e0 un autre jour audit service ou site Web, il continuera \u00e0 \u00eatre identifi\u00e9, facilitant ainsi sa navigation. sans avoir \u00e0 revenir pour vous identifier. Cette fonctionnalit\u00e9 peut \u00eatre supprim\u00e9e si l&rsquo;utilisateur clique sur la fonctionnalit\u00e9 \u00ab\u00a0Quitter\u00a0\u00bb, de sorte que ce cookie soit supprim\u00e9 et la prochaine fois qu&rsquo;il entrera sur le site Web, l&rsquo;utilisateur devra se connecter pour \u00eatre identifi\u00e9.<\/li>\n<li>V\u00e9rifiez si l&rsquo;utilisateur est autoris\u00e9 \u00e0 acc\u00e9der \u00e0 certains services, par exemple pour participer \u00e0 un concours.<\/li>\n<li>En outre, certains services peuvent utiliser des connecteurs tiers tels que Facebook, Twitter ou Google. Lorsque l&rsquo;utilisateur s&rsquo;inscrit \u00e0 un service avec les identifiants d&rsquo;un r\u00e9seau social ou d&rsquo;un syst\u00e8me d&rsquo;identification tiers, il autorise l&rsquo;enregistrement d&rsquo;un cookie persistant qui m\u00e9morise son identit\u00e9 et garantit l&rsquo;acc\u00e8s au site Web jusqu&rsquo;\u00e0 son expiration. L&rsquo;utilisateur peut supprimer ce cookie et r\u00e9voquer l&rsquo;acc\u00e8s au site Web via les r\u00e9seaux sociaux ou les syst\u00e8mes d&rsquo;identification tiers en mettant \u00e0 jour ses pr\u00e9f\u00e9rences sur le r\u00e9seau social sp\u00e9cifique.<\/li>\n<\/ul>\n<p><strong>Cookies analytiques\u00a0:<\/strong> chaque fois qu&rsquo;un utilisateur visite un site Web ou un service, un outil d&rsquo;un fournisseur externe (Google Analytics et similaire) g\u00e9n\u00e8re un cookie analytique sur l&rsquo;appareil de l&rsquo;utilisateur. Ce cookie, g\u00e9n\u00e9r\u00e9 uniquement lors de la visite, sera utilis\u00e9 lors de vos prochaines visites sur les services SudokusWeb pour identifier le visiteur de mani\u00e8re anonyme. Les principaux objectifs poursuivis sont\u00a0:<\/p>\n<ul>\n<li>Permettre l&rsquo;identification anonyme des utilisateurs naviguant gr\u00e2ce au \u00ab\u00a0Cookie\u00a0\u00bb (identifie les navigateurs et les appareils, pas les personnes) et donc la comptabilisation approximative du nombre de visiteurs et de leur \u00e9volution dans le temps.<\/li>\n<li>Identifier de mani\u00e8re anonyme les contenus les plus visit\u00e9s et donc les plus attractifs pour les utilisateurs<\/li>\n<li>Sachez si l&rsquo;utilisateur qui acc\u00e8de est un nouveau visiteur ou un visiteur r\u00e9gulier.<\/li>\n<\/ul>\n<p><em>Important\u00a0:<\/em> Sauf si l&rsquo;Utilisateur d\u00e9cide de s&rsquo;inscrire sur un site SudokusWeb, le cookie ne sera jamais associ\u00e9 \u00e0 des donn\u00e9es personnelles permettant de l&rsquo;identifier. Ces cookies ne seront utilis\u00e9s qu&rsquo;\u00e0 des fins statistiques permettant d&rsquo;optimiser l&rsquo;exp\u00e9rience utilisateur sur le site. Plus d&rsquo;informations sur la politique de confidentialit\u00e9 de ces outils d&rsquo;analyse sur\u00a0:\u00a0<a href=\"http:\/\/www.google.es\/intl\/es\/analytics\/privacyoverview.html\">Google Analytics<\/a>. <strong>Cookies publicitaires\u00a0:<\/strong>\u00a0Ces types de cookies nous permettent d&rsquo;\u00e9largir les informations des publicit\u00e9s pr\u00e9sent\u00e9es \u00e0 chaque utilisateur anonyme sur les sites Web SudokusWeb. Entre autres, la dur\u00e9e ou la fr\u00e9quence de visualisation des positions publicitaires, l&rsquo;interaction avec celles-ci ou les mod\u00e8les et\/ou comportements de navigation de l&rsquo;utilisateur sont stock\u00e9s car ils contribuent \u00e0 cr\u00e9er un profil d&rsquo;int\u00e9r\u00eat publicitaire. De cette mani\u00e8re, ils nous permettent de proposer des publicit\u00e9s li\u00e9es aux int\u00e9r\u00eats de l\u2019utilisateur. Pour g\u00e9rer la publicit\u00e9 SudokusWeb, des outils de service publicitaire sont utilis\u00e9s (<a href=\"http:\/\/es.wikipedia.org\/wiki\/Adserver\">Adservers \u2013 http:\/\/es.wikipedia.org\/wiki\/Adserver\u201d)<\/a>\u00a0de tiers. Ces tiers peuvent stocker des cookies envoy\u00e9s depuis les sites SudokusWeb \u00e0 partir des navigateurs des utilisateurs, ainsi qu&rsquo;acc\u00e9der aux donn\u00e9es qui y sont stock\u00e9es. Les soci\u00e9t\u00e9s qui g\u00e9n\u00e8rent ces Cookies ont leurs propres politiques de confidentialit\u00e9. Actuellement, SudokusWeb utilise la plateforme Doubleclick de Google pour g\u00e9rer ces services. Pour plus d&rsquo;informations, acc\u00e9dez \u00e0 <a href=\"http:\/\/www.google.es\/policies\/privacy\/ads\/#toc-doubleclick\">http:\/\/www.google.es\/policies\/privacy\/ads\/#. toc-doubleclick<\/a> et un <a href=\"http:\/\/www.google.es\/policies\/privacy\/ads\/\">http:\/\/www.google.es\/policies\/privacy\/ads\/<\/a>.<\/p>\n<p class=\"subtit-account\">Comment d\u00e9sactiver les cookies dans le navigateur<\/p>\n<p>La plupart des navigateurs permettent actuellement \u00e0 l&rsquo;utilisateur de configurer si et quels cookies il souhaite accepter. Ces param\u00e8tres se trouvent g\u00e9n\u00e9ralement dans le menu \u00ab Options \u00bb ou \u00ab Pr\u00e9f\u00e9rences \u00bb de votre navigateur. Voici les instructions pour configurer les cookies dans les principaux navigateurs\u00a0:<\/p>\n<ul>\n<li><strong>Chrome\u00a0:<\/strong> Param\u00e8tres -&gt; Afficher les options avanc\u00e9es -> Confidentialit\u00e9 -> Param\u00e8tres de contenu. Pour plus d&rsquo;informations, vous pouvez consulter l&rsquo;assistance Google ou l&rsquo;aide du navigateur.<\/li>\n<li><strong>Firefox\u00a0:<\/strong> Outils -&gt; Options -> Confidentialit\u00e9 -> Histoire -> Param\u00e8tres personnalis\u00e9s. Pour plus d&rsquo;informations, vous pouvez consulter le support Mozilla ou l&rsquo;aide du navigateur.<\/li>\n<li><strong>Internet Explorer\u00a0:<\/strong> Outils -&gt; Options Internet -> Confidentialit\u00e9 -> Param\u00e8tre. Pour plus d&rsquo;informations, vous pouvez consulter le support Microsoft ou l&rsquo;aide du navigateur.<\/li>\n<li><strong>Safari\u00a0:<\/strong> Pr\u00e9f\u00e9rences -&gt; S\u00e9curit\u00e9. Pour plus d&rsquo;informations, vous pouvez consulter l&rsquo;assistance Apple ou l&rsquo;aide du navigateur.<\/li>\n<\/ul>\n<p><\/p>","protected":false},"excerpt":{"rendered":"<p>POLITIQUE DE CONFIDENTIALIT\u00c9 ET DE COOKIES Que sont les cookies et pourquoi les utilisons-nous sur SudokusWeb Un cookie est un&#8230;<\/p>\n","protected":false},"author":1,"featured_media":0,"parent":0,"menu_order":0,"comment_status":"closed","ping_status":"open","template":"","meta":{"footnotes":""},"yoast_head":"<!-- This site is optimized with the Yoast SEO plugin v23.3 - https:\/\/yoast.com\/wordpress\/plugins\/seo\/ -->\n<title>Politique de confidentialit\u00e9 - SudokusWeb.com<\/title>\n<meta name=\"robots\" content=\"index, follow, max-snippet:-1, max-image-preview:large, max-video-preview:-1\" \/>\n<link rel=\"canonical\" href=\"https:\/\/www.sudokusweb.com\/politica-de-privacidad\/\" \/>\n<meta property=\"og:locale\" content=\"fr_FR\" \/>\n<meta property=\"og:type\" content=\"article\" \/>\n<meta property=\"og:title\" content=\"[:es]Pol\u00edtica de privacidad[:en]Privacy Policy[:fr]Politique de confidentialit\u00e9[:de]Datenschutzrichtlinie[:pt]Pol\u00edtica de privacidade[:ca]Pol\u00edtica de privacitat[:ko]\uac1c\uc778 \uc815\ubcf4 \uc815\ucc45[:jp]\u30d7\u30e9\u30a4\u30d0\u30b7\u30fc\u30dd\u30ea\u30b7\u30fc[:] - SudokusWeb.com\" \/>\n<meta property=\"og:description\" content=\"POLITIQUE DE CONFIDENTIALIT\u00c9 ET DE COOKIES Que sont les cookies et pourquoi les utilisons-nous sur SudokusWeb Un cookie est un...\" \/>\n<meta property=\"og:url\" content=\"https:\/\/www.sudokusweb.com\/politica-de-privacidad\/\" \/>\n<meta property=\"og:site_name\" content=\"SudokusWeb.com\" \/>\n<meta property=\"article:modified_time\" content=\"2023-10-29T02:31:44+00:00\" \/>\n<meta name=\"twitter:card\" content=\"summary_large_image\" \/>\n<meta name=\"twitter:label1\" content=\"Dur\u00e9e de lecture estim\u00e9e\" \/>\n\t<meta name=\"twitter:data1\" content=\"1 minute\" \/>\n<script type=\"application\/ld+json\" class=\"yoast-schema-graph\">{\"@context\":\"https:\/\/schema.org\",\"@graph\":[{\"@type\":\"WebPage\",\"@id\":\"https:\/\/www.sudokusweb.com\/politica-de-privacidad\/\",\"url\":\"https:\/\/www.sudokusweb.com\/politica-de-privacidad\/\",\"name\":\"[:es]Pol\u00edtica de privacidad[:en]Privacy Policy[:fr]Politique de confidentialit\u00e9[:de]Datenschutzrichtlinie[:pt]Pol\u00edtica de privacidade[:ca]Pol\u00edtica de privacitat[:ko]\uac1c\uc778 \uc815\ubcf4 \uc815\ucc45[:jp]\u30d7\u30e9\u30a4\u30d0\u30b7\u30fc\u30dd\u30ea\u30b7\u30fc[:] - SudokusWeb.com\",\"isPartOf\":{\"@id\":\"https:\/\/www.sudokusweb.com\/#website\"},\"datePublished\":\"2023-10-14T16:51:34+00:00\",\"dateModified\":\"2023-10-29T02:31:44+00:00\",\"breadcrumb\":{\"@id\":\"https:\/\/www.sudokusweb.com\/politica-de-privacidad\/#breadcrumb\"},\"inLanguage\":\"fr-FR\",\"potentialAction\":[{\"@type\":\"ReadAction\",\"target\":[\"https:\/\/www.sudokusweb.com\/politica-de-privacidad\/\"]}]},{\"@type\":\"BreadcrumbList\",\"@id\":\"https:\/\/www.sudokusweb.com\/politica-de-privacidad\/#breadcrumb\",\"itemListElement\":[{\"@type\":\"ListItem\",\"position\":1,\"name\":\"Portada\",\"item\":\"https:\/\/www.sudokusweb.com\/\"},{\"@type\":\"ListItem\",\"position\":2,\"name\":\"Pol\u00edtica de privacidad\"}]},{\"@type\":\"WebSite\",\"@id\":\"https:\/\/www.sudokusweb.com\/#website\",\"url\":\"https:\/\/www.sudokusweb.com\/\",\"name\":\"SudokusWeb.com\",\"description\":\"Sudokus diarios gratis para imprimir o jugar online\",\"publisher\":{\"@id\":\"https:\/\/www.sudokusweb.com\/#organization\"},\"potentialAction\":[{\"@type\":\"SearchAction\",\"target\":{\"@type\":\"EntryPoint\",\"urlTemplate\":\"https:\/\/www.sudokusweb.com\/?s={search_term_string}\"},\"query-input\":\"required name=search_term_string\"}],\"inLanguage\":\"fr-FR\"},{\"@type\":\"Organization\",\"@id\":\"https:\/\/www.sudokusweb.com\/#organization\",\"name\":\"SudokusWeb.com\",\"url\":\"https:\/\/www.sudokusweb.com\/\",\"logo\":{\"@type\":\"ImageObject\",\"inLanguage\":\"fr-FR\",\"@id\":\"https:\/\/www.sudokusweb.com\/#\/schema\/logo\/image\/\",\"url\":\"https:\/\/www.sudokusweb.com\/wp-content\/uploads\/2023\/10\/sudokusweb-logo.png\",\"contentUrl\":\"https:\/\/www.sudokusweb.com\/wp-content\/uploads\/2023\/10\/sudokusweb-logo.png\",\"width\":250,\"height\":40,\"caption\":\"SudokusWeb.com\"},\"image\":{\"@id\":\"https:\/\/www.sudokusweb.com\/#\/schema\/logo\/image\/\"}}]}<\/script>\n<!-- \/ Yoast SEO plugin. -->","yoast_head_json":{"title":"[:es]Pol\u00edtica de privacidad[:en]Privacy Policy[:fr]Politique de confidentialit\u00e9[:de]Datenschutzrichtlinie[:pt]Pol\u00edtica de privacidade[:ca]Pol\u00edtica de privacitat[:ko]\uac1c\uc778 \uc815\ubcf4 \uc815\ucc45[:jp]\u30d7\u30e9\u30a4\u30d0\u30b7\u30fc\u30dd\u30ea\u30b7\u30fc[:] - SudokusWeb.com","robots":{"index":"index","follow":"follow","max-snippet":"max-snippet:-1","max-image-preview":"max-image-preview:large","max-video-preview":"max-video-preview:-1"},"canonical":"https:\/\/www.sudokusweb.com\/politica-de-privacidad\/","og_locale":"fr_FR","og_type":"article","og_title":"[:es]Pol\u00edtica de privacidad[:en]Privacy Policy[:fr]Politique de confidentialit\u00e9[:de]Datenschutzrichtlinie[:pt]Pol\u00edtica de privacidade[:ca]Pol\u00edtica de privacitat[:ko]\uac1c\uc778 \uc815\ubcf4 \uc815\ucc45[:jp]\u30d7\u30e9\u30a4\u30d0\u30b7\u30fc\u30dd\u30ea\u30b7\u30fc[:] - SudokusWeb.com","og_description":"POLITIQUE DE CONFIDENTIALIT\u00c9 ET DE COOKIES Que sont les cookies et pourquoi les utilisons-nous sur SudokusWeb Un cookie est un...","og_url":"https:\/\/www.sudokusweb.com\/politica-de-privacidad\/","og_site_name":"SudokusWeb.com","article_modified_time":"2023-10-29T02:31:44+00:00","twitter_card":"summary_large_image","twitter_misc":{"Dur\u00e9e de lecture estim\u00e9e":"1 minute"},"schema":{"@context":"https:\/\/schema.org","@graph":[{"@type":"WebPage","@id":"https:\/\/www.sudokusweb.com\/politica-de-privacidad\/","url":"https:\/\/www.sudokusweb.com\/politica-de-privacidad\/","name":"[:es]Pol\u00edtica de privacidad[:en]Privacy Policy[:fr]Politique de confidentialit\u00e9[:de]Datenschutzrichtlinie[:pt]Pol\u00edtica de privacidade[:ca]Pol\u00edtica de privacitat[:ko]\uac1c\uc778 \uc815\ubcf4 \uc815\ucc45[:jp]\u30d7\u30e9\u30a4\u30d0\u30b7\u30fc\u30dd\u30ea\u30b7\u30fc[:] - SudokusWeb.com","isPartOf":{"@id":"https:\/\/www.sudokusweb.com\/#website"},"datePublished":"2023-10-14T16:51:34+00:00","dateModified":"2023-10-29T02:31:44+00:00","breadcrumb":{"@id":"https:\/\/www.sudokusweb.com\/politica-de-privacidad\/#breadcrumb"},"inLanguage":"fr-FR","potentialAction":[{"@type":"ReadAction","target":["https:\/\/www.sudokusweb.com\/politica-de-privacidad\/"]}]},{"@type":"BreadcrumbList","@id":"https:\/\/www.sudokusweb.com\/politica-de-privacidad\/#breadcrumb","itemListElement":[{"@type":"ListItem","position":1,"name":"Portada","item":"https:\/\/www.sudokusweb.com\/"},{"@type":"ListItem","position":2,"name":"Pol\u00edtica de privacidad"}]},{"@type":"WebSite","@id":"https:\/\/www.sudokusweb.com\/#website","url":"https:\/\/www.sudokusweb.com\/","name":"SudokusWeb.com","description":"Sudokus diarios gratis para imprimir o jugar online","publisher":{"@id":"https:\/\/www.sudokusweb.com\/#organization"},"potentialAction":[{"@type":"SearchAction","target":{"@type":"EntryPoint","urlTemplate":"https:\/\/www.sudokusweb.com\/?s={search_term_string}"},"query-input":"required name=search_term_string"}],"inLanguage":"fr-FR"},{"@type":"Organization","@id":"https:\/\/www.sudokusweb.com\/#organization","name":"SudokusWeb.com","url":"https:\/\/www.sudokusweb.com\/","logo":{"@type":"ImageObject","inLanguage":"fr-FR","@id":"https:\/\/www.sudokusweb.com\/#\/schema\/logo\/image\/","url":"https:\/\/www.sudokusweb.com\/wp-content\/uploads\/2023\/10\/sudokusweb-logo.png","contentUrl":"https:\/\/www.sudokusweb.com\/wp-content\/uploads\/2023\/10\/sudokusweb-logo.png","width":250,"height":40,"caption":"SudokusWeb.com"},"image":{"@id":"https:\/\/www.sudokusweb.com\/#\/schema\/logo\/image\/"}}]}},"_links":{"self":[{"href":"https:\/\/www.sudokusweb.com\/fr\/wp-json\/wp\/v2\/pages\/3"}],"collection":[{"href":"https:\/\/www.sudokusweb.com\/fr\/wp-json\/wp\/v2\/pages"}],"about":[{"href":"https:\/\/www.sudokusweb.com\/fr\/wp-json\/wp\/v2\/types\/page"}],"author":[{"embeddable":true,"href":"https:\/\/www.sudokusweb.com\/fr\/wp-json\/wp\/v2\/users\/1"}],"replies":[{"embeddable":true,"href":"https:\/\/www.sudokusweb.com\/fr\/wp-json\/wp\/v2\/comments?post=3"}],"version-history":[{"count":5,"href":"https:\/\/www.sudokusweb.com\/fr\/wp-json\/wp\/v2\/pages\/3\/revisions"}],"predecessor-version":[{"id":7562,"href":"https:\/\/www.sudokusweb.com\/fr\/wp-json\/wp\/v2\/pages\/3\/revisions\/7562"}],"wp:attachment":[{"href":"https:\/\/www.sudokusweb.com\/fr\/wp-json\/wp\/v2\/media?parent=3"}],"curies":[{"name":"wp","href":"https:\/\/api.w.org\/{rel}","templated":true}]}}