{"id":56,"date":"2023-10-28T14:32:48","date_gmt":"2023-10-28T12:32:48","guid":{"rendered":"https:\/\/pruebas.sudokusweb.com\/?page_id=56"},"modified":"2023-10-28T22:28:42","modified_gmt":"2023-10-28T20:28:42","slug":"periodicos-y-revistas","status":"publish","type":"page","link":"https:\/\/www.sudokusweb.com\/fr\/journaux-et-magazines\/","title":{"rendered":"Journaux et magazines"},"content":{"rendered":"<p>Si vous souhaitez utiliser nos Sudokus dans votre journal, magazine ou livre de puzzles, n&rsquo;h\u00e9sitez pas \u00e0 nous contacter. Nous pouvons vous proposer des Sudokus quotidiens, hebdomadaires, mensuels ou sp\u00e9cialis\u00e9s, avec vos propres motifs (au lieu de chiffres, vous pouvez utiliser des lettres, des images, des logos, etc&#8230;) \u00e0 des prix tr\u00e8s comp\u00e9titifs.<\/p>\n<p>Mais pas seulement, si vous souhaitez d&rsquo;autres loisirs en plus des sudokus, comme les mots crois\u00e9s, les puzzles auto-d\u00e9finis, les croix, les labyrinthes, les subaris, les wordokus&#8230; n&rsquo;h\u00e9sitez pas \u00e0 visiter notre site <a href=\"http:\/\/www.pasatiemposweb.com\/\">PasatiemposWeb.com<\/a>, o\u00f9 vous trouverez tout ce que vous recherchez.<\/p>\n<p>La reproduction totale ou partielle de nos sudokus sur tout support imprim\u00e9 n&rsquo;est pas autoris\u00e9e sans autorisation expresse de notre part. Toute utilisation contraire aux r\u00e8gles en mati\u00e8re de propri\u00e9t\u00e9 intellectuelle sera poursuivie conform\u00e9ment \u00e0 la l\u00e9gislation en vigueur.<\/p>\n<p>\n<div class=\"wpcf7 no-js\" id=\"wpcf7-f81-o3\" lang=\"es-ES\" dir=\"ltr\">\n<div class=\"screen-reader-response\"><p role=\"status\" aria-live=\"polite\" aria-atomic=\"true\"><\/p> <ul><\/ul><\/div>\n<form action=\"\/fr\/wp-json\/wp\/v2\/pages\/56#wpcf7-f81-o3\" method=\"post\" class=\"wpcf7-form init\" aria-label=\"Formulario de contacto\" novalidate=\"novalidate\" data-status=\"init\">\n<div style=\"display: none;\">\n<input type=\"hidden\" name=\"_wpcf7\" value=\"81\" \/>\n<input type=\"hidden\" name=\"_wpcf7_version\" value=\"5.9.8\" \/>\n<input type=\"hidden\" name=\"_wpcf7_locale\" value=\"es_ES\" \/>\n<input type=\"hidden\" name=\"_wpcf7_unit_tag\" value=\"wpcf7-f81-o3\" \/>\n<input type=\"hidden\" name=\"_wpcf7_container_post\" value=\"0\" \/>\n<input type=\"hidden\" name=\"_wpcf7_posted_data_hash\" value=\"\" \/>\n<\/div>\n<p><label> Ton nom<br \/>\n<span class=\"wpcf7-form-control-wrap\" data-name=\"your-name\"><input size=\"40\" maxlength=\"400\" class=\"wpcf7-form-control wpcf7-text wpcf7-validates-as-required\" autocomplete=\"name\" aria-required=\"true\" aria-invalid=\"false\" value=\"\" type=\"text\" name=\"your-name\" \/><\/span> <\/label>\n<\/p>\n<p><label> Ton adresse mail<br \/>\n<span class=\"wpcf7-form-control-wrap\" data-name=\"your-email\"><input size=\"40\" maxlength=\"400\" class=\"wpcf7-form-control wpcf7-email wpcf7-validates-as-required wpcf7-text wpcf7-validates-as-email\" autocomplete=\"email\" aria-required=\"true\" aria-invalid=\"false\" value=\"\" type=\"email\" name=\"your-email\" \/><\/span> <\/label>\n<\/p>\n<p><label> Affaire<br \/>\n<span class=\"wpcf7-form-control-wrap\" data-name=\"your-subject\"><input size=\"40\" maxlength=\"400\" class=\"wpcf7-form-control wpcf7-text wpcf7-validates-as-required\" aria-required=\"true\" aria-invalid=\"false\" value=\"\" type=\"text\" name=\"your-subject\" \/><\/span> <\/label>\n<\/p>\n<p><label> Ton message<br \/>\n<span class=\"wpcf7-form-control-wrap\" data-name=\"your-message\"><textarea cols=\"40\" rows=\"10\" maxlength=\"2000\" class=\"wpcf7-form-control wpcf7-textarea wpcf7-validates-as-required\" aria-required=\"true\" aria-invalid=\"false\" name=\"your-message\"><\/textarea><\/span> <\/label>\n<\/p>\n<p><input class=\"wpcf7-form-control wpcf7-submit has-spinner\" type=\"submit\" value=\"Envoyer\" \/>\n<\/p><p style=\"display: none !important;\" class=\"akismet-fields-container\" data-prefix=\"_wpcf7_ak_\"><label>&#916;<textarea name=\"_wpcf7_ak_hp_textarea\" cols=\"45\" rows=\"8\" maxlength=\"100\"><\/textarea><\/label><input type=\"hidden\" id=\"ak_js_3\" name=\"_wpcf7_ak_js\" value=\"42\"\/><script>document.getElementById( \"ak_js_3\" ).setAttribute( \"value\", ( new Date() ).getTime() );<\/script><\/p><div class=\"wpcf7-response-output\" aria-hidden=\"true\"><\/div>\n<\/form>\n<\/div>\n<\/p>","protected":false},"excerpt":{"rendered":"<p>Si vous souhaitez utiliser nos Sudokus dans votre journal, magazine ou livre de puzzles, n&rsquo;h\u00e9sitez pas \u00e0 nous contacter. Nous&#8230;<\/p>\n","protected":false},"author":1,"featured_media":0,"parent":0,"menu_order":0,"comment_status":"closed","ping_status":"closed","template":"","meta":{"footnotes":""},"yoast_head":"<!-- This site is optimized with the Yoast SEO plugin v23.3 - https:\/\/yoast.com\/wordpress\/plugins\/seo\/ -->\n<title>Journaux et magazines - SudokusWeb.com<\/title>\n<meta name=\"robots\" content=\"index, follow, max-snippet:-1, max-image-preview:large, max-video-preview:-1\" \/>\n<link rel=\"canonical\" href=\"https:\/\/www.sudokusweb.com\/periodicos-y-revistas\/\" \/>\n<meta property=\"og:locale\" content=\"fr_FR\" \/>\n<meta property=\"og:type\" content=\"article\" \/>\n<meta property=\"og:title\" content=\"[:es]Peri\u00f3dicos y revistas[:en]Newspapers and magazines[:fr]Journaux et magazines[:de]Zeitungen und magazines[:pt]Jornais e revistas[:ca]Diaris i revistes[:ko]\uc2e0\ubb38\uacfc \uc7a1\uc9c0[:jp]\u65b0\u805e\u3068\u96d1\u8a8c[:] - SudokusWeb.com\" \/>\n<meta property=\"og:description\" content=\"Si vous souhaitez utiliser nos Sudokus dans votre journal, magazine ou livre de puzzles, n&rsquo;h\u00e9sitez pas \u00e0 nous contacter. Nous...\" \/>\n<meta property=\"og:url\" content=\"https:\/\/www.sudokusweb.com\/periodicos-y-revistas\/\" \/>\n<meta property=\"og:site_name\" content=\"SudokusWeb.com\" \/>\n<meta property=\"article:modified_time\" content=\"2023-10-28T20:28:42+00:00\" \/>\n<meta name=\"twitter:card\" content=\"summary_large_image\" \/>\n<meta name=\"twitter:label1\" content=\"Dur\u00e9e de lecture estim\u00e9e\" \/>\n\t<meta name=\"twitter:data1\" content=\"5 minutes\" \/>\n<script type=\"application\/ld+json\" class=\"yoast-schema-graph\">{\"@context\":\"https:\/\/schema.org\",\"@graph\":[{\"@type\":\"WebPage\",\"@id\":\"https:\/\/www.sudokusweb.com\/periodicos-y-revistas\/\",\"url\":\"https:\/\/www.sudokusweb.com\/periodicos-y-revistas\/\",\"name\":\"[:es]Peri\u00f3dicos y revistas[:en]Newspapers and magazines[:fr]Journaux et magazines[:de]Zeitungen und magazines[:pt]Jornais e revistas[:ca]Diaris i revistes[:ko]\uc2e0\ubb38\uacfc \uc7a1\uc9c0[:jp]\u65b0\u805e\u3068\u96d1\u8a8c[:] - SudokusWeb.com\",\"isPartOf\":{\"@id\":\"https:\/\/www.sudokusweb.com\/#website\"},\"datePublished\":\"2023-10-28T12:32:48+00:00\",\"dateModified\":\"2023-10-28T20:28:42+00:00\",\"breadcrumb\":{\"@id\":\"https:\/\/www.sudokusweb.com\/periodicos-y-revistas\/#breadcrumb\"},\"inLanguage\":\"fr-FR\",\"potentialAction\":[{\"@type\":\"ReadAction\",\"target\":[\"https:\/\/www.sudokusweb.com\/periodicos-y-revistas\/\"]}]},{\"@type\":\"BreadcrumbList\",\"@id\":\"https:\/\/www.sudokusweb.com\/periodicos-y-revistas\/#breadcrumb\",\"itemListElement\":[{\"@type\":\"ListItem\",\"position\":1,\"name\":\"Portada\",\"item\":\"https:\/\/www.sudokusweb.com\/\"},{\"@type\":\"ListItem\",\"position\":2,\"name\":\"Peri\u00f3dicos y revistas\"}]},{\"@type\":\"WebSite\",\"@id\":\"https:\/\/www.sudokusweb.com\/#website\",\"url\":\"https:\/\/www.sudokusweb.com\/\",\"name\":\"SudokusWeb.com\",\"description\":\"Sudokus diarios gratis para imprimir o jugar online\",\"publisher\":{\"@id\":\"https:\/\/www.sudokusweb.com\/#organization\"},\"potentialAction\":[{\"@type\":\"SearchAction\",\"target\":{\"@type\":\"EntryPoint\",\"urlTemplate\":\"https:\/\/www.sudokusweb.com\/?s={search_term_string}\"},\"query-input\":\"required name=search_term_string\"}],\"inLanguage\":\"fr-FR\"},{\"@type\":\"Organization\",\"@id\":\"https:\/\/www.sudokusweb.com\/#organization\",\"name\":\"SudokusWeb.com\",\"url\":\"https:\/\/www.sudokusweb.com\/\",\"logo\":{\"@type\":\"ImageObject\",\"inLanguage\":\"fr-FR\",\"@id\":\"https:\/\/www.sudokusweb.com\/#\/schema\/logo\/image\/\",\"url\":\"https:\/\/www.sudokusweb.com\/wp-content\/uploads\/2023\/10\/sudokusweb-logo.png\",\"contentUrl\":\"https:\/\/www.sudokusweb.com\/wp-content\/uploads\/2023\/10\/sudokusweb-logo.png\",\"width\":250,\"height\":40,\"caption\":\"SudokusWeb.com\"},\"image\":{\"@id\":\"https:\/\/www.sudokusweb.com\/#\/schema\/logo\/image\/\"}}]}<\/script>\n<!-- \/ Yoast SEO plugin. -->","yoast_head_json":{"title":"[:es]Peri\u00f3dicos y revistas[:en]Newspapers and magazines[:fr]Journaux et magazines[:de]Zeitungen und magazines[:pt]Jornais e revistas[:ca]Diaris i revistes[:ko]\uc2e0\ubb38\uacfc \uc7a1\uc9c0[:jp]\u65b0\u805e\u3068\u96d1\u8a8c[:] - SudokusWeb.com","robots":{"index":"index","follow":"follow","max-snippet":"max-snippet:-1","max-image-preview":"max-image-preview:large","max-video-preview":"max-video-preview:-1"},"canonical":"https:\/\/www.sudokusweb.com\/periodicos-y-revistas\/","og_locale":"fr_FR","og_type":"article","og_title":"[:es]Peri\u00f3dicos y revistas[:en]Newspapers and magazines[:fr]Journaux et magazines[:de]Zeitungen und magazines[:pt]Jornais e revistas[:ca]Diaris i revistes[:ko]\uc2e0\ubb38\uacfc \uc7a1\uc9c0[:jp]\u65b0\u805e\u3068\u96d1\u8a8c[:] - SudokusWeb.com","og_description":"Si vous souhaitez utiliser nos Sudokus dans votre journal, magazine ou livre de puzzles, n&rsquo;h\u00e9sitez pas \u00e0 nous contacter. Nous...","og_url":"https:\/\/www.sudokusweb.com\/periodicos-y-revistas\/","og_site_name":"SudokusWeb.com","article_modified_time":"2023-10-28T20:28:42+00:00","twitter_card":"summary_large_image","twitter_misc":{"Dur\u00e9e de lecture estim\u00e9e":"5 minutes"},"schema":{"@context":"https:\/\/schema.org","@graph":[{"@type":"WebPage","@id":"https:\/\/www.sudokusweb.com\/periodicos-y-revistas\/","url":"https:\/\/www.sudokusweb.com\/periodicos-y-revistas\/","name":"[:es]Peri\u00f3dicos y revistas[:en]Newspapers and magazines[:fr]Journaux et magazines[:de]Zeitungen und magazines[:pt]Jornais e revistas[:ca]Diaris i revistes[:ko]\uc2e0\ubb38\uacfc \uc7a1\uc9c0[:jp]\u65b0\u805e\u3068\u96d1\u8a8c[:] - SudokusWeb.com","isPartOf":{"@id":"https:\/\/www.sudokusweb.com\/#website"},"datePublished":"2023-10-28T12:32:48+00:00","dateModified":"2023-10-28T20:28:42+00:00","breadcrumb":{"@id":"https:\/\/www.sudokusweb.com\/periodicos-y-revistas\/#breadcrumb"},"inLanguage":"fr-FR","potentialAction":[{"@type":"ReadAction","target":["https:\/\/www.sudokusweb.com\/periodicos-y-revistas\/"]}]},{"@type":"BreadcrumbList","@id":"https:\/\/www.sudokusweb.com\/periodicos-y-revistas\/#breadcrumb","itemListElement":[{"@type":"ListItem","position":1,"name":"Portada","item":"https:\/\/www.sudokusweb.com\/"},{"@type":"ListItem","position":2,"name":"Peri\u00f3dicos y revistas"}]},{"@type":"WebSite","@id":"https:\/\/www.sudokusweb.com\/#website","url":"https:\/\/www.sudokusweb.com\/","name":"SudokusWeb.com","description":"Sudokus diarios gratis para imprimir o jugar online","publisher":{"@id":"https:\/\/www.sudokusweb.com\/#organization"},"potentialAction":[{"@type":"SearchAction","target":{"@type":"EntryPoint","urlTemplate":"https:\/\/www.sudokusweb.com\/?s={search_term_string}"},"query-input":"required name=search_term_string"}],"inLanguage":"fr-FR"},{"@type":"Organization","@id":"https:\/\/www.sudokusweb.com\/#organization","name":"SudokusWeb.com","url":"https:\/\/www.sudokusweb.com\/","logo":{"@type":"ImageObject","inLanguage":"fr-FR","@id":"https:\/\/www.sudokusweb.com\/#\/schema\/logo\/image\/","url":"https:\/\/www.sudokusweb.com\/wp-content\/uploads\/2023\/10\/sudokusweb-logo.png","contentUrl":"https:\/\/www.sudokusweb.com\/wp-content\/uploads\/2023\/10\/sudokusweb-logo.png","width":250,"height":40,"caption":"SudokusWeb.com"},"image":{"@id":"https:\/\/www.sudokusweb.com\/#\/schema\/logo\/image\/"}}]}},"_links":{"self":[{"href":"https:\/\/www.sudokusweb.com\/fr\/wp-json\/wp\/v2\/pages\/56"}],"collection":[{"href":"https:\/\/www.sudokusweb.com\/fr\/wp-json\/wp\/v2\/pages"}],"about":[{"href":"https:\/\/www.sudokusweb.com\/fr\/wp-json\/wp\/v2\/types\/page"}],"author":[{"embeddable":true,"href":"https:\/\/www.sudokusweb.com\/fr\/wp-json\/wp\/v2\/users\/1"}],"replies":[{"embeddable":true,"href":"https:\/\/www.sudokusweb.com\/fr\/wp-json\/wp\/v2\/comments?post=56"}],"version-history":[{"count":5,"href":"https:\/\/www.sudokusweb.com\/fr\/wp-json\/wp\/v2\/pages\/56\/revisions"}],"predecessor-version":[{"id":97,"href":"https:\/\/www.sudokusweb.com\/fr\/wp-json\/wp\/v2\/pages\/56\/revisions\/97"}],"wp:attachment":[{"href":"https:\/\/www.sudokusweb.com\/fr\/wp-json\/wp\/v2\/media?parent=56"}],"curies":[{"name":"wp","href":"https:\/\/api.w.org\/{rel}","templated":true}]}}