{"id":60,"date":"2023-10-28T14:51:00","date_gmt":"2023-10-28T12:51:00","guid":{"rendered":"https:\/\/pruebas.sudokusweb.com\/?page_id=60"},"modified":"2023-10-28T14:51:00","modified_gmt":"2023-10-28T12:51:00","slug":"sudokusweb-en-movistar-tv","status":"publish","type":"page","link":"https:\/\/www.sudokusweb.com\/fr\/sudokusweb-sur-movistar-tv\/","title":{"rendered":"SudokusWeb sur Movistar TV"},"content":{"rendered":"<p>Depuis juin 2010, <a href=\"http:\/\/www.movistar.es\/ocio-tv\">Movistar TV<\/a>, la plateforme de t\u00e9l\u00e9vision de Telef\u00f3nica, fait confiance \u00e0 Sudokusweb comme fournisseur officiel de Sudokus pour son application <em>\u00ab\u00a0Mon monde\u00a0\u00bb<\/em> en Espagne et au Br\u00e9sil.<\/p>\n<p>My world est un ensemble de services personnels pour Movistar TV, avec un acc\u00e8s facile qui permet aux utilisateurs de profiter des informations et des contenus disponibles sur Internet, de mani\u00e8re simple et guid\u00e9e, avec une exp\u00e9rience utilisateur adapt\u00e9e \u00e0 la t\u00e9l\u00e9vision. L&rsquo;acc\u00e8s \u00e0 celui-ci se fait de mani\u00e8re tr\u00e8s simple depuis l&rsquo;un des menus du service Movistar TV tout en continuant \u00e0 profiter du contenu audiovisuel de la plateforme.<\/p>\n<p>De cette mani\u00e8re, tout client Movistar TV est autoris\u00e9 \u00e0 profiter des sudokus SudokusWeb directement sur sa t\u00e9l\u00e9vision tout en continuant \u00e0 regarder son programme pr\u00e9f\u00e9r\u00e9.<\/p>\n<p>Quelques captures d&rsquo;\u00e9cran du jeu :<\/p>\n<h4>\u00c9crans sur Movistar TV (Espagne)<\/h4>\n<p><img decoding=\"async\" src=\"\/imag\/imagenio\/Sudokusweb-Imagenio1.jpg\" alt=\"SudokusWeb sur Movistar TV\" \/><br \/>\n<em>\u00c9cran de s\u00e9lection du niveau initial<\/em><img decoding=\"async\" src=\"\/imag\/imagenio\/Sudokusweb-Imagenio2.jpg\" alt=\"SudokusWeb sur Movistar TV\" \/><br \/>\n<em>Jouer au sudoku en regardant la t\u00e9l\u00e9vision<\/em><\/p>\n<p><img decoding=\"async\" src=\"\/imag\/imagenio\/Sudokusweb-Imagenio3.jpg\" alt=\"SudokusWeb sur Movistar TV\" \/><br \/>\n<em>\u00c9cran de s\u00e9lection des options de jeu<\/em><\/p>\n<p><img decoding=\"async\" src=\"\/imag\/imagenio\/Sudokusweb-Imagenio4.jpg\" alt=\"SudokusWeb sur Movistar TV\" \/><br \/>\n<em>Sudoku d\u00e9j\u00e0 r\u00e9solu<\/em><\/p>\n<p><img decoding=\"async\" src=\"\/imag\/imagenio\/Sudokusweb-Imagenio5.jpg\" alt=\"SudokusWeb sur Movistar TV\" \/><br \/>\n<em>Chargement d&rsquo;un \u00e9cran de s\u00e9lection de sudoku pr\u00e9c\u00e9demment enregistr\u00e9<\/em><\/p>\n<h4>\u00c9crans sur Movistar TV (Br\u00e9sil)<\/h4>\n<p><img decoding=\"async\" src=\"\/imag\/imagenio\/Sudokusweb-MediaBox1.jpg\" alt=\"SudokusWeb dans MediaBox\" \/><br \/>\n<em>Menu de l&rsquo;application Movistar TV<\/em><img decoding=\"async\" src=\"\/imag\/imagenio\/Sudokusweb-MediaBox2.jpg\" alt=\"SudokusWeb dans MediaBox\" \/><br \/>\n<em>\u00c9cran initial des options d&rsquo;application du sudoku<\/em><\/p>\n<p><img decoding=\"async\" src=\"\/imag\/imagenio\/Sudokusweb-MediaBox3.jpg\" alt=\"SudokusWeb dans MediaBox\" \/><br \/>\n<em>\u00c9cran de s\u00e9lection du niveau initial<\/em><\/p>\n<p><img decoding=\"async\" src=\"\/imag\/imagenio\/Sudokusweb-MediaBox4.jpg\" alt=\"SudokusWeb dans MediaBox\" \/><br \/>\n<em>Jouer au sudoku en plein \u00e9cran<\/em><\/p>\n<p><img decoding=\"async\" src=\"\/imag\/imagenio\/Sudokusweb-MediaBox5.jpg\" alt=\"SudokusWeb dans MediaBox\" \/><br \/>\n<em>\u00c9cran de s\u00e9lection des options de jeu<\/em><\/p>","protected":false},"excerpt":{"rendered":"<p>Depuis juin 2010, Movistar TV, la plateforme de t\u00e9l\u00e9vision de Telef\u00f3nica, fait confiance \u00e0 Sudokusweb comme fournisseur officiel de Sudokus&#8230;<\/p>\n","protected":false},"author":1,"featured_media":0,"parent":0,"menu_order":0,"comment_status":"closed","ping_status":"closed","template":"","meta":{"footnotes":""},"yoast_head":"<!-- This site is optimized with the Yoast SEO plugin v23.3 - https:\/\/yoast.com\/wordpress\/plugins\/seo\/ -->\n<title>SudokusWeb sur Movistar TV - SudokusWeb.com<\/title>\n<meta name=\"robots\" content=\"index, follow, max-snippet:-1, max-image-preview:large, max-video-preview:-1\" \/>\n<link rel=\"canonical\" href=\"https:\/\/www.sudokusweb.com\/sudokusweb-en-movistar-tv\/\" \/>\n<meta property=\"og:locale\" content=\"fr_FR\" \/>\n<meta property=\"og:type\" content=\"article\" \/>\n<meta property=\"og:title\" content=\"[:es]SudokusWeb en Movistar TV[:en]SudokusWeb on Movistar TV[:fr]SudokusWeb sur Movistar TV[:de]SudokusWeb auf Movistar TV[:pt]SudokusWeb na Movistar TV[:ca]SudokusWeb a Movistar TV[:ko]Movistar TV\uc758 SudokusWeb[:jp]Movistar TV \u306e SudokusWeb[:] - SudokusWeb.com\" \/>\n<meta property=\"og:description\" content=\"Depuis juin 2010, Movistar TV, la plateforme de t\u00e9l\u00e9vision de Telef\u00f3nica, fait confiance \u00e0 Sudokusweb comme fournisseur officiel de Sudokus...\" \/>\n<meta property=\"og:url\" content=\"https:\/\/www.sudokusweb.com\/sudokusweb-en-movistar-tv\/\" \/>\n<meta property=\"og:site_name\" content=\"SudokusWeb.com\" \/>\n<meta name=\"twitter:card\" content=\"summary_large_image\" \/>\n<meta name=\"twitter:label1\" content=\"Dur\u00e9e de lecture estim\u00e9e\" \/>\n\t<meta name=\"twitter:data1\" content=\"7 minutes\" \/>\n<script type=\"application\/ld+json\" class=\"yoast-schema-graph\">{\"@context\":\"https:\/\/schema.org\",\"@graph\":[{\"@type\":\"WebPage\",\"@id\":\"https:\/\/www.sudokusweb.com\/sudokusweb-en-movistar-tv\/\",\"url\":\"https:\/\/www.sudokusweb.com\/sudokusweb-en-movistar-tv\/\",\"name\":\"[:es]SudokusWeb en Movistar TV[:en]SudokusWeb on Movistar TV[:fr]SudokusWeb sur Movistar TV[:de]SudokusWeb auf Movistar TV[:pt]SudokusWeb na Movistar TV[:ca]SudokusWeb a Movistar TV[:ko]Movistar TV\uc758 SudokusWeb[:jp]Movistar TV \u306e SudokusWeb[:] - SudokusWeb.com\",\"isPartOf\":{\"@id\":\"https:\/\/www.sudokusweb.com\/#website\"},\"datePublished\":\"2023-10-28T12:51:00+00:00\",\"dateModified\":\"2023-10-28T12:51:00+00:00\",\"breadcrumb\":{\"@id\":\"https:\/\/www.sudokusweb.com\/sudokusweb-en-movistar-tv\/#breadcrumb\"},\"inLanguage\":\"fr-FR\",\"potentialAction\":[{\"@type\":\"ReadAction\",\"target\":[\"https:\/\/www.sudokusweb.com\/sudokusweb-en-movistar-tv\/\"]}]},{\"@type\":\"BreadcrumbList\",\"@id\":\"https:\/\/www.sudokusweb.com\/sudokusweb-en-movistar-tv\/#breadcrumb\",\"itemListElement\":[{\"@type\":\"ListItem\",\"position\":1,\"name\":\"Portada\",\"item\":\"https:\/\/www.sudokusweb.com\/\"},{\"@type\":\"ListItem\",\"position\":2,\"name\":\"SudokusWeb en Movistar TV\"}]},{\"@type\":\"WebSite\",\"@id\":\"https:\/\/www.sudokusweb.com\/#website\",\"url\":\"https:\/\/www.sudokusweb.com\/\",\"name\":\"SudokusWeb.com\",\"description\":\"Sudokus diarios gratis para imprimir o jugar online\",\"publisher\":{\"@id\":\"https:\/\/www.sudokusweb.com\/#organization\"},\"potentialAction\":[{\"@type\":\"SearchAction\",\"target\":{\"@type\":\"EntryPoint\",\"urlTemplate\":\"https:\/\/www.sudokusweb.com\/?s={search_term_string}\"},\"query-input\":\"required name=search_term_string\"}],\"inLanguage\":\"fr-FR\"},{\"@type\":\"Organization\",\"@id\":\"https:\/\/www.sudokusweb.com\/#organization\",\"name\":\"SudokusWeb.com\",\"url\":\"https:\/\/www.sudokusweb.com\/\",\"logo\":{\"@type\":\"ImageObject\",\"inLanguage\":\"fr-FR\",\"@id\":\"https:\/\/www.sudokusweb.com\/#\/schema\/logo\/image\/\",\"url\":\"https:\/\/www.sudokusweb.com\/wp-content\/uploads\/2023\/10\/sudokusweb-logo.png\",\"contentUrl\":\"https:\/\/www.sudokusweb.com\/wp-content\/uploads\/2023\/10\/sudokusweb-logo.png\",\"width\":250,\"height\":40,\"caption\":\"SudokusWeb.com\"},\"image\":{\"@id\":\"https:\/\/www.sudokusweb.com\/#\/schema\/logo\/image\/\"}}]}<\/script>\n<!-- \/ Yoast SEO plugin. -->","yoast_head_json":{"title":"[:es]SudokusWeb en Movistar TV[:en]SudokusWeb on Movistar TV[:fr]SudokusWeb sur Movistar TV[:de]SudokusWeb auf Movistar TV[:pt]SudokusWeb na Movistar TV[:ca]SudokusWeb a Movistar TV[:ko]Movistar TV\uc758 SudokusWeb[:jp]Movistar TV \u306e SudokusWeb[:] - SudokusWeb.com","robots":{"index":"index","follow":"follow","max-snippet":"max-snippet:-1","max-image-preview":"max-image-preview:large","max-video-preview":"max-video-preview:-1"},"canonical":"https:\/\/www.sudokusweb.com\/sudokusweb-en-movistar-tv\/","og_locale":"fr_FR","og_type":"article","og_title":"[:es]SudokusWeb en Movistar TV[:en]SudokusWeb on Movistar TV[:fr]SudokusWeb sur Movistar TV[:de]SudokusWeb auf Movistar TV[:pt]SudokusWeb na Movistar TV[:ca]SudokusWeb a Movistar TV[:ko]Movistar TV\uc758 SudokusWeb[:jp]Movistar TV \u306e SudokusWeb[:] - SudokusWeb.com","og_description":"Depuis juin 2010, Movistar TV, la plateforme de t\u00e9l\u00e9vision de Telef\u00f3nica, fait confiance \u00e0 Sudokusweb comme fournisseur officiel de Sudokus...","og_url":"https:\/\/www.sudokusweb.com\/sudokusweb-en-movistar-tv\/","og_site_name":"SudokusWeb.com","twitter_card":"summary_large_image","twitter_misc":{"Dur\u00e9e de lecture estim\u00e9e":"7 minutes"},"schema":{"@context":"https:\/\/schema.org","@graph":[{"@type":"WebPage","@id":"https:\/\/www.sudokusweb.com\/sudokusweb-en-movistar-tv\/","url":"https:\/\/www.sudokusweb.com\/sudokusweb-en-movistar-tv\/","name":"[:es]SudokusWeb en Movistar TV[:en]SudokusWeb on Movistar TV[:fr]SudokusWeb sur Movistar TV[:de]SudokusWeb auf Movistar TV[:pt]SudokusWeb na Movistar TV[:ca]SudokusWeb a Movistar TV[:ko]Movistar TV\uc758 SudokusWeb[:jp]Movistar TV \u306e SudokusWeb[:] - SudokusWeb.com","isPartOf":{"@id":"https:\/\/www.sudokusweb.com\/#website"},"datePublished":"2023-10-28T12:51:00+00:00","dateModified":"2023-10-28T12:51:00+00:00","breadcrumb":{"@id":"https:\/\/www.sudokusweb.com\/sudokusweb-en-movistar-tv\/#breadcrumb"},"inLanguage":"fr-FR","potentialAction":[{"@type":"ReadAction","target":["https:\/\/www.sudokusweb.com\/sudokusweb-en-movistar-tv\/"]}]},{"@type":"BreadcrumbList","@id":"https:\/\/www.sudokusweb.com\/sudokusweb-en-movistar-tv\/#breadcrumb","itemListElement":[{"@type":"ListItem","position":1,"name":"Portada","item":"https:\/\/www.sudokusweb.com\/"},{"@type":"ListItem","position":2,"name":"SudokusWeb en Movistar TV"}]},{"@type":"WebSite","@id":"https:\/\/www.sudokusweb.com\/#website","url":"https:\/\/www.sudokusweb.com\/","name":"SudokusWeb.com","description":"Sudokus diarios gratis para imprimir o jugar online","publisher":{"@id":"https:\/\/www.sudokusweb.com\/#organization"},"potentialAction":[{"@type":"SearchAction","target":{"@type":"EntryPoint","urlTemplate":"https:\/\/www.sudokusweb.com\/?s={search_term_string}"},"query-input":"required name=search_term_string"}],"inLanguage":"fr-FR"},{"@type":"Organization","@id":"https:\/\/www.sudokusweb.com\/#organization","name":"SudokusWeb.com","url":"https:\/\/www.sudokusweb.com\/","logo":{"@type":"ImageObject","inLanguage":"fr-FR","@id":"https:\/\/www.sudokusweb.com\/#\/schema\/logo\/image\/","url":"https:\/\/www.sudokusweb.com\/wp-content\/uploads\/2023\/10\/sudokusweb-logo.png","contentUrl":"https:\/\/www.sudokusweb.com\/wp-content\/uploads\/2023\/10\/sudokusweb-logo.png","width":250,"height":40,"caption":"SudokusWeb.com"},"image":{"@id":"https:\/\/www.sudokusweb.com\/#\/schema\/logo\/image\/"}}]}},"_links":{"self":[{"href":"https:\/\/www.sudokusweb.com\/fr\/wp-json\/wp\/v2\/pages\/60"}],"collection":[{"href":"https:\/\/www.sudokusweb.com\/fr\/wp-json\/wp\/v2\/pages"}],"about":[{"href":"https:\/\/www.sudokusweb.com\/fr\/wp-json\/wp\/v2\/types\/page"}],"author":[{"embeddable":true,"href":"https:\/\/www.sudokusweb.com\/fr\/wp-json\/wp\/v2\/users\/1"}],"replies":[{"embeddable":true,"href":"https:\/\/www.sudokusweb.com\/fr\/wp-json\/wp\/v2\/comments?post=60"}],"version-history":[{"count":1,"href":"https:\/\/www.sudokusweb.com\/fr\/wp-json\/wp\/v2\/pages\/60\/revisions"}],"predecessor-version":[{"id":61,"href":"https:\/\/www.sudokusweb.com\/fr\/wp-json\/wp\/v2\/pages\/60\/revisions\/61"}],"wp:attachment":[{"href":"https:\/\/www.sudokusweb.com\/fr\/wp-json\/wp\/v2\/media?parent=60"}],"curies":[{"name":"wp","href":"https:\/\/api.w.org\/{rel}","templated":true}]}}