{"id":2,"date":"2023-10-14T18:51:34","date_gmt":"2023-10-14T16:51:34","guid":{"rendered":"https:\/\/www.onze.es\/?page_id=2"},"modified":"2023-10-28T22:27:05","modified_gmt":"2023-10-28T20:27:05","slug":"pagina-ejemplo","status":"publish","type":"page","link":"https:\/\/www.sudokusweb.com\/pt\/metodos-de-solucao\/","title":{"rendered":"Metodos de solu\u00e7\u00e3o"},"content":{"rendered":"<!-- wp:par\u00e1grafo -->\r\n<p>A estrat\u00e9gia para resolver um quebra-cabe\u00e7a pode ser considerada como a combina\u00e7\u00e3o de tr\u00eas processos: digitaliza\u00e7\u00e3o, marca\u00e7\u00e3o e an\u00e1lise.<\/p>\r\n<p><strong>Verifica\u00e7\u00e3o<\/strong><br \/>A verifica\u00e7\u00e3o \u00e9 realizada desde o in\u00edcio e periodicamente, ao longo da resolu\u00e7\u00e3o. A verifica\u00e7\u00e3o pode precisar ser executada v\u00e1rias vezes entre os per\u00edodos de verifica\u00e7\u00e3o. A digitaliza\u00e7\u00e3o consiste em duas t\u00e9cnicas b\u00e1sicas: hachura e contagem, que podem ser usadas alternativamente.<\/p>\r\n<ul>\r\n<li>A hachura cruzada \u00e9 a varredura de linhas (ou colunas) para identificar qual linha em uma regi\u00e3o espec\u00edfica pode conter um determinado n\u00famero por meio de um processo de elimina\u00e7\u00e3o. Este processo \u00e9 ent\u00e3o repetido com as colunas (ou linhas). Para resultados mais r\u00e1pidos, os n\u00fameros s\u00e3o digitalizados em ordem, de acordo com a frequ\u00eancia de aparecimento. \u00c9 importante realizar este processo de forma sistem\u00e1tica, verificando todos os d\u00edgitos de 1 a 9.<\/li>\r\n<li>Conte de 1 a 9 por regi\u00f5es, linhas e colunas para identificar n\u00fameros ausentes. A contagem com base no \u00faltimo n\u00famero descoberto pode aumentar a velocidade da busca. Tamb\u00e9m pode ser o caso (t\u00edpico em quebra-cabe\u00e7as mais dif\u00edceis) de que o valor de uma c\u00e9lula individual possa ser determinado por contagem reversa, ou seja, examinando sua regi\u00e3o, linha ou coluna em busca de valores que n\u00e3o podem ser, para ver o que est\u00e1 acontecendo. faltando.<\/li>\r\n<\/ul>\r\n<p>Os solucionadores avan\u00e7ados procuram &#8220;conting\u00eancias&#8221; durante a varredura, ou seja, restringem a localiza\u00e7\u00e3o de um n\u00famero em uma linha, coluna ou regi\u00e3o ou em duas ou tr\u00eas c\u00e9lulas. Quando todas essas c\u00e9lulas est\u00e3o na mesma linha (ou coluna) e regi\u00e3o, elas podem ser usadas para fins de elimina\u00e7\u00e3o durante a hachura cruzada e a contagem. Quebra-cabe\u00e7as particularmente desafiadores podem exigir o reconhecimento de m\u00faltiplas conting\u00eancias, talvez em m\u00faltiplas dire\u00e7\u00f5es ou mesmo interse\u00e7\u00f5es &#8211; relegando a maioria dos solucionadores \u00e0 marca\u00e7\u00e3o (conforme descrito abaixo). Os quebra-cabe\u00e7as que podem ser resolvidos apenas pela varredura, sem a necessidade de detec\u00e7\u00e3o de conting\u00eancias, s\u00e3o classificados como quebra-cabe\u00e7as &#8220;f\u00e1ceis&#8221;; Outros quebra-cabe\u00e7as mais dif\u00edceis, por defini\u00e7\u00e3o, n\u00e3o podem ser resolvidos apenas pela digitaliza\u00e7\u00e3o.<\/p>\r\n<p><strong>Discagem<\/strong><br \/>A verifica\u00e7\u00e3o \u00e9 interrompida quando nenhum novo n\u00famero pode ser descoberto. Neste ponto \u00e9 necess\u00e1rio focar em alguma an\u00e1lise l\u00f3gica. A maioria acha \u00fatil orientar esta an\u00e1lise marcando os n\u00fameros candidatos em c\u00e9lulas vazias. Existem duas nota\u00e7\u00f5es populares: subscritos e pontos. Na nota\u00e7\u00e3o subscrita, os n\u00fameros candidatos s\u00e3o escritos em letras pequenas nas c\u00e9lulas. A desvantagem \u00e9 que os quebra-cabe\u00e7as originais s\u00e3o publicados em jornais que normalmente n\u00e3o deixam muito espa\u00e7o para acomodar mais do que alguns d\u00edgitos. Se essa nota\u00e7\u00e3o for usada, os solucionadores geralmente criam uma c\u00f3pia maior do quebra-cabe\u00e7a e usam um l\u00e1pis afiado. A segunda nota\u00e7\u00e3o \u00e9 um padr\u00e3o de pontos com um ponto no canto superior esquerdo representando 1 e um ponto no canto inferior direito representando 9. Essa nota\u00e7\u00e3o tem a vantagem de poder ser usada no quebra-cabe\u00e7a original. \u00c9 necess\u00e1ria habilidade para posicionar os pontos, porque pontos deslocados ou marcas inadvertidas inevitavelmente levam \u00e0 confus\u00e3o e n\u00e3o s\u00e3o f\u00e1ceis de apagar sem adicionar mais confus\u00e3o.<\/p>\r\n<p><strong>An\u00e1lise<\/strong><br \/>Existem duas abordagens principais: elimina\u00e7\u00e3o e hip\u00f3tese.<\/p>\r\n<ul>\r\n<li>Na elimina\u00e7\u00e3o, o progresso \u00e9 feito eliminando sucessivamente n\u00fameros candidatos para uma ou mais c\u00e9lulas, at\u00e9 que reste apenas uma escolha. Ap\u00f3s cada resposta ser alcan\u00e7ada, uma nova varredura deve ser realizada (geralmente verificando o efeito do \u00faltimo n\u00famero). Existem v\u00e1rias t\u00e1ticas de elimina\u00e7\u00e3o. Uma das mais comuns \u00e9 a \u201cexclus\u00e3o de candidato sem correspond\u00eancia\u201d. Diz-se que as c\u00e9lulas com configura\u00e7\u00e3o id\u00eantica de n\u00fameros candidatos correspondem se o n\u00famero de n\u00fameros candidatos em cada uma for igual ao n\u00famero de c\u00e9lulas que as cont\u00eam. Por exemplo, diz-se que as c\u00e9lulas correspondem a uma linha, coluna ou regi\u00e3o espec\u00edfica se duas c\u00e9lulas cont\u00eam o mesmo par de n\u00fameros candidatos (p,q) e nenhum outro, ou se tr\u00eas c\u00e9lulas cont\u00eam o mesmo trio de n\u00fameros candidatos (p,q). ). ,r) e n\u00e3o outros. Estas s\u00e3o, essencialmente, conting\u00eancias coincidentes. Esses n\u00fameros (p,q,r) que aparecem como candidatos em qualquer lugar da mesma linha, coluna ou regi\u00e3o em c\u00e9lulas n\u00e3o correspondentes podem ser exclu\u00eddos.<\/li>\r\n<li>Na abordagem hipot\u00e9tica, uma c\u00e9lula com apenas dois n\u00fameros candidatos \u00e9 selecionada e uma estimativa \u00e9 feita. As etapas acima s\u00e3o repetidas a menos que seja encontrada uma duplica\u00e7\u00e3o, caso em que o candidato alternativo \u00e9 a solu\u00e7\u00e3o. Em termos l\u00f3gicos este m\u00e9todo \u00e9 conhecido como redu\u00e7\u00e3o ao absurdo. Nishio \u00e9 uma forma limitada desta abordagem: para cada c\u00e9lula candidata, surge a quest\u00e3o: um determinado n\u00famero de uma configura\u00e7\u00e3o caber\u00e1 em outro local? Se a resposta for sim, esse candidato pode ser eliminado. A abordagem \u201ce se\u201d requer l\u00e1pis e borracha. Essa abordagem pode ser desaprovada pelos puristas l\u00f3gicos por muitas tentativas e erros, mas pode chegar a solu\u00e7\u00f5es de forma clara e r\u00e1pida.<\/li>\r\n<\/ul>\r\n<p><br \/>Idealmente, voc\u00ea precisa encontrar uma combina\u00e7\u00e3o de t\u00e9cnicas que evite algumas das desvantagens dos elementos acima. Contar regi\u00f5es, linhas e colunas pode ser enfadonho. Digitar n\u00fameros de candidatos em c\u00e9lulas vazias pode ser demorado. A abordagem \u201ce se\u201d pode ser confusa, a menos que voc\u00ea esteja bem organizado. O cerne da quest\u00e3o \u00e9 encontrar uma t\u00e9cnica que minimize a contagem, marca\u00e7\u00e3o e exclus\u00e3o.<\/p>\r\n<!-- \/wp:par\u00e1grafo -->","protected":false},"excerpt":{"rendered":"<p>A estrat\u00e9gia para resolver um quebra-cabe\u00e7a pode ser considerada como a combina\u00e7\u00e3o de tr\u00eas processos: digitaliza\u00e7\u00e3o, marca\u00e7\u00e3o e an\u00e1lise. Verifica\u00e7\u00e3oA&#8230;<\/p>\n","protected":false},"author":1,"featured_media":0,"parent":0,"menu_order":0,"comment_status":"closed","ping_status":"open","template":"","meta":{"footnotes":""},"yoast_head":"<!-- This site is optimized with the Yoast SEO plugin v23.3 - https:\/\/yoast.com\/wordpress\/plugins\/seo\/ -->\n<title>Metodos de solu\u00e7\u00e3o - SudokusWeb.com<\/title>\n<meta name=\"robots\" content=\"index, follow, max-snippet:-1, max-image-preview:large, max-video-preview:-1\" \/>\n<link rel=\"canonical\" href=\"https:\/\/www.sudokusweb.com\/metodos-de-resolucion\/\" \/>\n<meta property=\"og:locale\" content=\"pt_PT\" \/>\n<meta property=\"og:type\" content=\"article\" \/>\n<meta property=\"og:title\" content=\"[:es]M\u00e9todos de resoluci\u00f3n[:en]Solution methods[:fr]M\u00e9thodes de r\u00e9solution[:de]L\u00f6sungsmethoden[:pt]Metodos de solu\u00e7\u00e3o[:ca]M\u00e8todes de resoluci\u00f3[:ko]\ud574\uacb0 \ubc29\ubc95[:jp]\u89e3\u6c7a\u65b9\u6cd5[:] - SudokusWeb.com\" \/>\n<meta property=\"og:description\" content=\"A estrat\u00e9gia para resolver um quebra-cabe\u00e7a pode ser considerada como a combina\u00e7\u00e3o de tr\u00eas processos: digitaliza\u00e7\u00e3o, marca\u00e7\u00e3o e an\u00e1lise. Verifica\u00e7\u00e3oA...\" \/>\n<meta property=\"og:url\" content=\"https:\/\/www.sudokusweb.com\/metodos-de-resolucion\/\" \/>\n<meta property=\"og:site_name\" content=\"SudokusWeb.com\" \/>\n<meta property=\"article:modified_time\" content=\"2023-10-28T20:27:05+00:00\" \/>\n<meta name=\"twitter:card\" content=\"summary_large_image\" \/>\n<meta name=\"twitter:label1\" content=\"Tempo estimado de leitura\" \/>\n\t<meta name=\"twitter:data1\" content=\"30 minutes\" \/>\n<script type=\"application\/ld+json\" class=\"yoast-schema-graph\">{\"@context\":\"https:\/\/schema.org\",\"@graph\":[{\"@type\":\"WebPage\",\"@id\":\"https:\/\/www.sudokusweb.com\/metodos-de-resolucion\/\",\"url\":\"https:\/\/www.sudokusweb.com\/metodos-de-resolucion\/\",\"name\":\"[:es]M\u00e9todos de resoluci\u00f3n[:en]Solution methods[:fr]M\u00e9thodes de r\u00e9solution[:de]L\u00f6sungsmethoden[:pt]Metodos de solu\u00e7\u00e3o[:ca]M\u00e8todes de resoluci\u00f3[:ko]\ud574\uacb0 \ubc29\ubc95[:jp]\u89e3\u6c7a\u65b9\u6cd5[:] - SudokusWeb.com\",\"isPartOf\":{\"@id\":\"https:\/\/www.sudokusweb.com\/#website\"},\"datePublished\":\"2023-10-14T16:51:34+00:00\",\"dateModified\":\"2023-10-28T20:27:05+00:00\",\"breadcrumb\":{\"@id\":\"https:\/\/www.sudokusweb.com\/metodos-de-resolucion\/#breadcrumb\"},\"inLanguage\":\"pt-PT\",\"potentialAction\":[{\"@type\":\"ReadAction\",\"target\":[\"https:\/\/www.sudokusweb.com\/metodos-de-resolucion\/\"]}]},{\"@type\":\"BreadcrumbList\",\"@id\":\"https:\/\/www.sudokusweb.com\/metodos-de-resolucion\/#breadcrumb\",\"itemListElement\":[{\"@type\":\"ListItem\",\"position\":1,\"name\":\"Portada\",\"item\":\"https:\/\/www.sudokusweb.com\/\"},{\"@type\":\"ListItem\",\"position\":2,\"name\":\"M\u00e9todos de resoluci\u00f3n\"}]},{\"@type\":\"WebSite\",\"@id\":\"https:\/\/www.sudokusweb.com\/#website\",\"url\":\"https:\/\/www.sudokusweb.com\/\",\"name\":\"SudokusWeb.com\",\"description\":\"Sudokus diarios gratis para imprimir o jugar online\",\"publisher\":{\"@id\":\"https:\/\/www.sudokusweb.com\/#organization\"},\"potentialAction\":[{\"@type\":\"SearchAction\",\"target\":{\"@type\":\"EntryPoint\",\"urlTemplate\":\"https:\/\/www.sudokusweb.com\/?s={search_term_string}\"},\"query-input\":\"required name=search_term_string\"}],\"inLanguage\":\"pt-PT\"},{\"@type\":\"Organization\",\"@id\":\"https:\/\/www.sudokusweb.com\/#organization\",\"name\":\"SudokusWeb.com\",\"url\":\"https:\/\/www.sudokusweb.com\/\",\"logo\":{\"@type\":\"ImageObject\",\"inLanguage\":\"pt-PT\",\"@id\":\"https:\/\/www.sudokusweb.com\/#\/schema\/logo\/image\/\",\"url\":\"https:\/\/www.sudokusweb.com\/wp-content\/uploads\/2023\/10\/sudokusweb-logo.png\",\"contentUrl\":\"https:\/\/www.sudokusweb.com\/wp-content\/uploads\/2023\/10\/sudokusweb-logo.png\",\"width\":250,\"height\":40,\"caption\":\"SudokusWeb.com\"},\"image\":{\"@id\":\"https:\/\/www.sudokusweb.com\/#\/schema\/logo\/image\/\"}}]}<\/script>\n<!-- \/ Yoast SEO plugin. -->","yoast_head_json":{"title":"[:es]M\u00e9todos de resoluci\u00f3n[:en]Solution methods[:fr]M\u00e9thodes de r\u00e9solution[:de]L\u00f6sungsmethoden[:pt]Metodos de solu\u00e7\u00e3o[:ca]M\u00e8todes de resoluci\u00f3[:ko]\ud574\uacb0 \ubc29\ubc95[:jp]\u89e3\u6c7a\u65b9\u6cd5[:] - SudokusWeb.com","robots":{"index":"index","follow":"follow","max-snippet":"max-snippet:-1","max-image-preview":"max-image-preview:large","max-video-preview":"max-video-preview:-1"},"canonical":"https:\/\/www.sudokusweb.com\/metodos-de-resolucion\/","og_locale":"pt_PT","og_type":"article","og_title":"[:es]M\u00e9todos de resoluci\u00f3n[:en]Solution methods[:fr]M\u00e9thodes de r\u00e9solution[:de]L\u00f6sungsmethoden[:pt]Metodos de solu\u00e7\u00e3o[:ca]M\u00e8todes de resoluci\u00f3[:ko]\ud574\uacb0 \ubc29\ubc95[:jp]\u89e3\u6c7a\u65b9\u6cd5[:] - SudokusWeb.com","og_description":"A estrat\u00e9gia para resolver um quebra-cabe\u00e7a pode ser considerada como a combina\u00e7\u00e3o de tr\u00eas processos: digitaliza\u00e7\u00e3o, marca\u00e7\u00e3o e an\u00e1lise. Verifica\u00e7\u00e3oA...","og_url":"https:\/\/www.sudokusweb.com\/metodos-de-resolucion\/","og_site_name":"SudokusWeb.com","article_modified_time":"2023-10-28T20:27:05+00:00","twitter_card":"summary_large_image","twitter_misc":{"Tempo estimado de leitura":"30 minutes"},"schema":{"@context":"https:\/\/schema.org","@graph":[{"@type":"WebPage","@id":"https:\/\/www.sudokusweb.com\/metodos-de-resolucion\/","url":"https:\/\/www.sudokusweb.com\/metodos-de-resolucion\/","name":"[:es]M\u00e9todos de resoluci\u00f3n[:en]Solution methods[:fr]M\u00e9thodes de r\u00e9solution[:de]L\u00f6sungsmethoden[:pt]Metodos de solu\u00e7\u00e3o[:ca]M\u00e8todes de resoluci\u00f3[:ko]\ud574\uacb0 \ubc29\ubc95[:jp]\u89e3\u6c7a\u65b9\u6cd5[:] - SudokusWeb.com","isPartOf":{"@id":"https:\/\/www.sudokusweb.com\/#website"},"datePublished":"2023-10-14T16:51:34+00:00","dateModified":"2023-10-28T20:27:05+00:00","breadcrumb":{"@id":"https:\/\/www.sudokusweb.com\/metodos-de-resolucion\/#breadcrumb"},"inLanguage":"pt-PT","potentialAction":[{"@type":"ReadAction","target":["https:\/\/www.sudokusweb.com\/metodos-de-resolucion\/"]}]},{"@type":"BreadcrumbList","@id":"https:\/\/www.sudokusweb.com\/metodos-de-resolucion\/#breadcrumb","itemListElement":[{"@type":"ListItem","position":1,"name":"Portada","item":"https:\/\/www.sudokusweb.com\/"},{"@type":"ListItem","position":2,"name":"M\u00e9todos de resoluci\u00f3n"}]},{"@type":"WebSite","@id":"https:\/\/www.sudokusweb.com\/#website","url":"https:\/\/www.sudokusweb.com\/","name":"SudokusWeb.com","description":"Sudokus diarios gratis para imprimir o jugar online","publisher":{"@id":"https:\/\/www.sudokusweb.com\/#organization"},"potentialAction":[{"@type":"SearchAction","target":{"@type":"EntryPoint","urlTemplate":"https:\/\/www.sudokusweb.com\/?s={search_term_string}"},"query-input":"required name=search_term_string"}],"inLanguage":"pt-PT"},{"@type":"Organization","@id":"https:\/\/www.sudokusweb.com\/#organization","name":"SudokusWeb.com","url":"https:\/\/www.sudokusweb.com\/","logo":{"@type":"ImageObject","inLanguage":"pt-PT","@id":"https:\/\/www.sudokusweb.com\/#\/schema\/logo\/image\/","url":"https:\/\/www.sudokusweb.com\/wp-content\/uploads\/2023\/10\/sudokusweb-logo.png","contentUrl":"https:\/\/www.sudokusweb.com\/wp-content\/uploads\/2023\/10\/sudokusweb-logo.png","width":250,"height":40,"caption":"SudokusWeb.com"},"image":{"@id":"https:\/\/www.sudokusweb.com\/#\/schema\/logo\/image\/"}}]}},"_links":{"self":[{"href":"https:\/\/www.sudokusweb.com\/pt\/wp-json\/wp\/v2\/pages\/2"}],"collection":[{"href":"https:\/\/www.sudokusweb.com\/pt\/wp-json\/wp\/v2\/pages"}],"about":[{"href":"https:\/\/www.sudokusweb.com\/pt\/wp-json\/wp\/v2\/types\/page"}],"author":[{"embeddable":true,"href":"https:\/\/www.sudokusweb.com\/pt\/wp-json\/wp\/v2\/users\/1"}],"replies":[{"embeddable":true,"href":"https:\/\/www.sudokusweb.com\/pt\/wp-json\/wp\/v2\/comments?post=2"}],"version-history":[{"count":3,"href":"https:\/\/www.sudokusweb.com\/pt\/wp-json\/wp\/v2\/pages\/2\/revisions"}],"predecessor-version":[{"id":96,"href":"https:\/\/www.sudokusweb.com\/pt\/wp-json\/wp\/v2\/pages\/2\/revisions\/96"}],"wp:attachment":[{"href":"https:\/\/www.sudokusweb.com\/pt\/wp-json\/wp\/v2\/media?parent=2"}],"curies":[{"name":"wp","href":"https:\/\/api.w.org\/{rel}","templated":true}]}}