{"id":56,"date":"2023-10-28T14:32:48","date_gmt":"2023-10-28T12:32:48","guid":{"rendered":"https:\/\/pruebas.sudokusweb.com\/?page_id=56"},"modified":"2023-10-28T22:28:42","modified_gmt":"2023-10-28T20:28:42","slug":"periodicos-y-revistas","status":"publish","type":"page","link":"https:\/\/www.sudokusweb.com\/pt\/jornais-e-revistas\/","title":{"rendered":"Jornais e revistas"},"content":{"rendered":"<p>Se quiser utilizar os nossos Sudokus no seu jornal, revista ou livro de puzzles, n\u00e3o hesite em contactar-nos. Podemos fornecer-lhe Sudokus di\u00e1rios, semanais, mensais ou especializados, com motivos pr\u00f3prios (em vez de n\u00fameros, pode usar letras, imagens, log\u00f3tipos, etc&#8230;) a pre\u00e7os muito competitivos.<\/p>\n<p>Mas n\u00e3o s\u00f3 isso, se quiser outros hobbies al\u00e9m do sudokus, como palavras cruzadas, quebra-cabe\u00e7as autodefinidos, cruzes, labirintos, subaris, wordokus&#8230; n\u00e3o hesite em visitar o nosso site <a href=\"http:\/\/www.pasatiemposweb.com\/\">PasatiemposWeb.com<\/a>, onde encontrar\u00e1 tudo o que voc\u00ea procura.<\/p>\n<p>N\u00e3o \u00e9 permitida a reprodu\u00e7\u00e3o total ou parcial dos nossos sudokus em qualquer meio impresso sem a nossa autoriza\u00e7\u00e3o expressa. Qualquer utiliza\u00e7\u00e3o dos mesmos contr\u00e1ria \u00e0s regras de propriedade intelectual ser\u00e1 processada de acordo com a legisla\u00e7\u00e3o vigente.<\/p>\n<p>\n<div class=\"wpcf7 no-js\" id=\"wpcf7-f88-o5\" lang=\"es-ES\" dir=\"ltr\">\n<div class=\"screen-reader-response\"><p role=\"status\" aria-live=\"polite\" aria-atomic=\"true\"><\/p> <ul><\/ul><\/div>\n<form action=\"\/pt\/wp-json\/wp\/v2\/pages\/56#wpcf7-f88-o5\" method=\"post\" class=\"wpcf7-form init\" aria-label=\"Formulario de contacto\" novalidate=\"novalidate\" data-status=\"init\">\n<div style=\"display: none;\">\n<input type=\"hidden\" name=\"_wpcf7\" value=\"88\" \/>\n<input type=\"hidden\" name=\"_wpcf7_version\" value=\"5.9.8\" \/>\n<input type=\"hidden\" name=\"_wpcf7_locale\" value=\"es_ES\" \/>\n<input type=\"hidden\" name=\"_wpcf7_unit_tag\" value=\"wpcf7-f88-o5\" \/>\n<input type=\"hidden\" name=\"_wpcf7_container_post\" value=\"0\" \/>\n<input type=\"hidden\" name=\"_wpcf7_posted_data_hash\" value=\"\" \/>\n<\/div>\n<p><label> Teu nome<br \/>\n<span class=\"wpcf7-form-control-wrap\" data-name=\"your-name\"><input size=\"40\" maxlength=\"400\" class=\"wpcf7-form-control wpcf7-text wpcf7-validates-as-required\" autocomplete=\"name\" aria-required=\"true\" aria-invalid=\"false\" value=\"\" type=\"text\" name=\"your-name\" \/><\/span> <\/label>\n<\/p>\n<p><label> Teu e-mail<br \/>\n<span class=\"wpcf7-form-control-wrap\" data-name=\"your-email\"><input size=\"40\" maxlength=\"400\" class=\"wpcf7-form-control wpcf7-email wpcf7-validates-as-required wpcf7-text wpcf7-validates-as-email\" autocomplete=\"email\" aria-required=\"true\" aria-invalid=\"false\" value=\"\" type=\"email\" name=\"your-email\" \/><\/span> <\/label>\n<\/p>\n<p><label> Assunto<br \/>\n<span class=\"wpcf7-form-control-wrap\" data-name=\"your-subject\"><input size=\"40\" maxlength=\"400\" class=\"wpcf7-form-control wpcf7-text wpcf7-validates-as-required\" aria-required=\"true\" aria-invalid=\"false\" value=\"\" type=\"text\" name=\"your-subject\" \/><\/span> <\/label>\n<\/p>\n<p><label> Sua mensagem<br \/>\n<span class=\"wpcf7-form-control-wrap\" data-name=\"your-message\"><textarea cols=\"40\" rows=\"10\" maxlength=\"2000\" class=\"wpcf7-form-control wpcf7-textarea wpcf7-validates-as-required\" aria-required=\"true\" aria-invalid=\"false\" name=\"your-message\"><\/textarea><\/span> <\/label>\n<\/p>\n<p><input class=\"wpcf7-form-control wpcf7-submit has-spinner\" type=\"submit\" value=\"Enviar\" \/>\n<\/p><p style=\"display: none !important;\" class=\"akismet-fields-container\" data-prefix=\"_wpcf7_ak_\"><label>&#916;<textarea name=\"_wpcf7_ak_hp_textarea\" cols=\"45\" rows=\"8\" maxlength=\"100\"><\/textarea><\/label><input type=\"hidden\" id=\"ak_js_5\" name=\"_wpcf7_ak_js\" value=\"108\"\/><script>document.getElementById( \"ak_js_5\" ).setAttribute( \"value\", ( new Date() ).getTime() );<\/script><\/p><div class=\"wpcf7-response-output\" aria-hidden=\"true\"><\/div>\n<\/form>\n<\/div>\n<\/p>","protected":false},"excerpt":{"rendered":"<p>Se quiser utilizar os nossos Sudokus no seu jornal, revista ou livro de puzzles, n\u00e3o hesite em contactar-nos. Podemos fornecer-lhe&#8230;<\/p>\n","protected":false},"author":1,"featured_media":0,"parent":0,"menu_order":0,"comment_status":"closed","ping_status":"closed","template":"","meta":{"footnotes":""},"yoast_head":"<!-- This site is optimized with the Yoast SEO plugin v23.3 - https:\/\/yoast.com\/wordpress\/plugins\/seo\/ -->\n<title>Jornais e revistas - SudokusWeb.com<\/title>\n<meta name=\"robots\" content=\"index, follow, max-snippet:-1, max-image-preview:large, max-video-preview:-1\" \/>\n<link rel=\"canonical\" href=\"https:\/\/www.sudokusweb.com\/periodicos-y-revistas\/\" \/>\n<meta property=\"og:locale\" content=\"pt_PT\" \/>\n<meta property=\"og:type\" content=\"article\" \/>\n<meta property=\"og:title\" content=\"[:es]Peri\u00f3dicos y revistas[:en]Newspapers and magazines[:fr]Journaux et magazines[:de]Zeitungen und magazines[:pt]Jornais e revistas[:ca]Diaris i revistes[:ko]\uc2e0\ubb38\uacfc \uc7a1\uc9c0[:jp]\u65b0\u805e\u3068\u96d1\u8a8c[:] - SudokusWeb.com\" \/>\n<meta property=\"og:description\" content=\"Se quiser utilizar os nossos Sudokus no seu jornal, revista ou livro de puzzles, n\u00e3o hesite em contactar-nos. Podemos fornecer-lhe...\" \/>\n<meta property=\"og:url\" content=\"https:\/\/www.sudokusweb.com\/periodicos-y-revistas\/\" \/>\n<meta property=\"og:site_name\" content=\"SudokusWeb.com\" \/>\n<meta property=\"article:modified_time\" content=\"2023-10-28T20:28:42+00:00\" \/>\n<meta name=\"twitter:card\" content=\"summary_large_image\" \/>\n<meta name=\"twitter:label1\" content=\"Tempo estimado de leitura\" \/>\n\t<meta name=\"twitter:data1\" content=\"5 minutes\" \/>\n<script type=\"application\/ld+json\" class=\"yoast-schema-graph\">{\"@context\":\"https:\/\/schema.org\",\"@graph\":[{\"@type\":\"WebPage\",\"@id\":\"https:\/\/www.sudokusweb.com\/periodicos-y-revistas\/\",\"url\":\"https:\/\/www.sudokusweb.com\/periodicos-y-revistas\/\",\"name\":\"[:es]Peri\u00f3dicos y revistas[:en]Newspapers and magazines[:fr]Journaux et magazines[:de]Zeitungen und magazines[:pt]Jornais e revistas[:ca]Diaris i revistes[:ko]\uc2e0\ubb38\uacfc \uc7a1\uc9c0[:jp]\u65b0\u805e\u3068\u96d1\u8a8c[:] - SudokusWeb.com\",\"isPartOf\":{\"@id\":\"https:\/\/www.sudokusweb.com\/#website\"},\"datePublished\":\"2023-10-28T12:32:48+00:00\",\"dateModified\":\"2023-10-28T20:28:42+00:00\",\"breadcrumb\":{\"@id\":\"https:\/\/www.sudokusweb.com\/periodicos-y-revistas\/#breadcrumb\"},\"inLanguage\":\"pt-PT\",\"potentialAction\":[{\"@type\":\"ReadAction\",\"target\":[\"https:\/\/www.sudokusweb.com\/periodicos-y-revistas\/\"]}]},{\"@type\":\"BreadcrumbList\",\"@id\":\"https:\/\/www.sudokusweb.com\/periodicos-y-revistas\/#breadcrumb\",\"itemListElement\":[{\"@type\":\"ListItem\",\"position\":1,\"name\":\"Portada\",\"item\":\"https:\/\/www.sudokusweb.com\/\"},{\"@type\":\"ListItem\",\"position\":2,\"name\":\"Peri\u00f3dicos y revistas\"}]},{\"@type\":\"WebSite\",\"@id\":\"https:\/\/www.sudokusweb.com\/#website\",\"url\":\"https:\/\/www.sudokusweb.com\/\",\"name\":\"SudokusWeb.com\",\"description\":\"Sudokus diarios gratis para imprimir o jugar online\",\"publisher\":{\"@id\":\"https:\/\/www.sudokusweb.com\/#organization\"},\"potentialAction\":[{\"@type\":\"SearchAction\",\"target\":{\"@type\":\"EntryPoint\",\"urlTemplate\":\"https:\/\/www.sudokusweb.com\/?s={search_term_string}\"},\"query-input\":\"required name=search_term_string\"}],\"inLanguage\":\"pt-PT\"},{\"@type\":\"Organization\",\"@id\":\"https:\/\/www.sudokusweb.com\/#organization\",\"name\":\"SudokusWeb.com\",\"url\":\"https:\/\/www.sudokusweb.com\/\",\"logo\":{\"@type\":\"ImageObject\",\"inLanguage\":\"pt-PT\",\"@id\":\"https:\/\/www.sudokusweb.com\/#\/schema\/logo\/image\/\",\"url\":\"https:\/\/www.sudokusweb.com\/wp-content\/uploads\/2023\/10\/sudokusweb-logo.png\",\"contentUrl\":\"https:\/\/www.sudokusweb.com\/wp-content\/uploads\/2023\/10\/sudokusweb-logo.png\",\"width\":250,\"height\":40,\"caption\":\"SudokusWeb.com\"},\"image\":{\"@id\":\"https:\/\/www.sudokusweb.com\/#\/schema\/logo\/image\/\"}}]}<\/script>\n<!-- \/ Yoast SEO plugin. -->","yoast_head_json":{"title":"[:es]Peri\u00f3dicos y revistas[:en]Newspapers and magazines[:fr]Journaux et magazines[:de]Zeitungen und magazines[:pt]Jornais e revistas[:ca]Diaris i revistes[:ko]\uc2e0\ubb38\uacfc \uc7a1\uc9c0[:jp]\u65b0\u805e\u3068\u96d1\u8a8c[:] - SudokusWeb.com","robots":{"index":"index","follow":"follow","max-snippet":"max-snippet:-1","max-image-preview":"max-image-preview:large","max-video-preview":"max-video-preview:-1"},"canonical":"https:\/\/www.sudokusweb.com\/periodicos-y-revistas\/","og_locale":"pt_PT","og_type":"article","og_title":"[:es]Peri\u00f3dicos y revistas[:en]Newspapers and magazines[:fr]Journaux et magazines[:de]Zeitungen und magazines[:pt]Jornais e revistas[:ca]Diaris i revistes[:ko]\uc2e0\ubb38\uacfc \uc7a1\uc9c0[:jp]\u65b0\u805e\u3068\u96d1\u8a8c[:] - SudokusWeb.com","og_description":"Se quiser utilizar os nossos Sudokus no seu jornal, revista ou livro de puzzles, n\u00e3o hesite em contactar-nos. Podemos fornecer-lhe...","og_url":"https:\/\/www.sudokusweb.com\/periodicos-y-revistas\/","og_site_name":"SudokusWeb.com","article_modified_time":"2023-10-28T20:28:42+00:00","twitter_card":"summary_large_image","twitter_misc":{"Tempo estimado de leitura":"5 minutes"},"schema":{"@context":"https:\/\/schema.org","@graph":[{"@type":"WebPage","@id":"https:\/\/www.sudokusweb.com\/periodicos-y-revistas\/","url":"https:\/\/www.sudokusweb.com\/periodicos-y-revistas\/","name":"[:es]Peri\u00f3dicos y revistas[:en]Newspapers and magazines[:fr]Journaux et magazines[:de]Zeitungen und magazines[:pt]Jornais e revistas[:ca]Diaris i revistes[:ko]\uc2e0\ubb38\uacfc \uc7a1\uc9c0[:jp]\u65b0\u805e\u3068\u96d1\u8a8c[:] - SudokusWeb.com","isPartOf":{"@id":"https:\/\/www.sudokusweb.com\/#website"},"datePublished":"2023-10-28T12:32:48+00:00","dateModified":"2023-10-28T20:28:42+00:00","breadcrumb":{"@id":"https:\/\/www.sudokusweb.com\/periodicos-y-revistas\/#breadcrumb"},"inLanguage":"pt-PT","potentialAction":[{"@type":"ReadAction","target":["https:\/\/www.sudokusweb.com\/periodicos-y-revistas\/"]}]},{"@type":"BreadcrumbList","@id":"https:\/\/www.sudokusweb.com\/periodicos-y-revistas\/#breadcrumb","itemListElement":[{"@type":"ListItem","position":1,"name":"Portada","item":"https:\/\/www.sudokusweb.com\/"},{"@type":"ListItem","position":2,"name":"Peri\u00f3dicos y revistas"}]},{"@type":"WebSite","@id":"https:\/\/www.sudokusweb.com\/#website","url":"https:\/\/www.sudokusweb.com\/","name":"SudokusWeb.com","description":"Sudokus diarios gratis para imprimir o jugar online","publisher":{"@id":"https:\/\/www.sudokusweb.com\/#organization"},"potentialAction":[{"@type":"SearchAction","target":{"@type":"EntryPoint","urlTemplate":"https:\/\/www.sudokusweb.com\/?s={search_term_string}"},"query-input":"required name=search_term_string"}],"inLanguage":"pt-PT"},{"@type":"Organization","@id":"https:\/\/www.sudokusweb.com\/#organization","name":"SudokusWeb.com","url":"https:\/\/www.sudokusweb.com\/","logo":{"@type":"ImageObject","inLanguage":"pt-PT","@id":"https:\/\/www.sudokusweb.com\/#\/schema\/logo\/image\/","url":"https:\/\/www.sudokusweb.com\/wp-content\/uploads\/2023\/10\/sudokusweb-logo.png","contentUrl":"https:\/\/www.sudokusweb.com\/wp-content\/uploads\/2023\/10\/sudokusweb-logo.png","width":250,"height":40,"caption":"SudokusWeb.com"},"image":{"@id":"https:\/\/www.sudokusweb.com\/#\/schema\/logo\/image\/"}}]}},"_links":{"self":[{"href":"https:\/\/www.sudokusweb.com\/pt\/wp-json\/wp\/v2\/pages\/56"}],"collection":[{"href":"https:\/\/www.sudokusweb.com\/pt\/wp-json\/wp\/v2\/pages"}],"about":[{"href":"https:\/\/www.sudokusweb.com\/pt\/wp-json\/wp\/v2\/types\/page"}],"author":[{"embeddable":true,"href":"https:\/\/www.sudokusweb.com\/pt\/wp-json\/wp\/v2\/users\/1"}],"replies":[{"embeddable":true,"href":"https:\/\/www.sudokusweb.com\/pt\/wp-json\/wp\/v2\/comments?post=56"}],"version-history":[{"count":5,"href":"https:\/\/www.sudokusweb.com\/pt\/wp-json\/wp\/v2\/pages\/56\/revisions"}],"predecessor-version":[{"id":97,"href":"https:\/\/www.sudokusweb.com\/pt\/wp-json\/wp\/v2\/pages\/56\/revisions\/97"}],"wp:attachment":[{"href":"https:\/\/www.sudokusweb.com\/pt\/wp-json\/wp\/v2\/media?parent=56"}],"curies":[{"name":"wp","href":"https:\/\/api.w.org\/{rel}","templated":true}]}}