{"id":68,"date":"2023-10-28T20:10:08","date_gmt":"2023-10-28T18:10:08","guid":{"rendered":"https:\/\/pruebas.sudokusweb.com\/?page_id=68"},"modified":"2023-10-28T22:03:33","modified_gmt":"2023-10-28T20:03:33","slug":"anunciese-con-nosotros","status":"publish","type":"page","link":"https:\/\/www.sudokusweb.com\/pt\/anuncie-conosco\/","title":{"rendered":"Anuncie conosco"},"content":{"rendered":"<p>Voc\u00ea estaria interessado em anunciar no SudokusWeb.com?<br \/>\nTemos v\u00e1rios tipos de campanhas dispon\u00edveis:<br \/>\n\u2013 <strong>Pop Up<\/strong> na p\u00e1gina inicial<br \/>\n\u2013<strong>Banner Vertical<\/strong>no menu lateral em formato 120\u00d7600 ou similar<br \/>\n\u2013 <strong>Banner horizontal<\/strong>\u00a0na se\u00e7\u00e3o de jogo online. (600\u00d7120 ou similar)<br \/>\n\u2013<strong>An\u00fancios incorporados<\/strong> nos PDFs para download.<\/p>\n<p>Se pretende realizar alguma destas campanhas de marketing (ou qualquer outra que lhe possa ocorrer) atrav\u00e9s do nosso site, n\u00e3o hesite em contactar-nos atrav\u00e9s do seguinte formul\u00e1rio:<\/p>\n<p>\n<div class=\"wpcf7 no-js\" id=\"wpcf7-f88-o5\" lang=\"es-ES\" dir=\"ltr\">\n<div class=\"screen-reader-response\"><p role=\"status\" aria-live=\"polite\" aria-atomic=\"true\"><\/p> <ul><\/ul><\/div>\n<form action=\"\/pt\/wp-json\/wp\/v2\/pages\/68#wpcf7-f88-o5\" method=\"post\" class=\"wpcf7-form init\" aria-label=\"Formulario de contacto\" novalidate=\"novalidate\" data-status=\"init\">\n<div style=\"display: none;\">\n<input type=\"hidden\" name=\"_wpcf7\" value=\"88\" \/>\n<input type=\"hidden\" name=\"_wpcf7_version\" value=\"5.9.8\" \/>\n<input type=\"hidden\" name=\"_wpcf7_locale\" value=\"es_ES\" \/>\n<input type=\"hidden\" name=\"_wpcf7_unit_tag\" value=\"wpcf7-f88-o5\" \/>\n<input type=\"hidden\" name=\"_wpcf7_container_post\" value=\"0\" \/>\n<input type=\"hidden\" name=\"_wpcf7_posted_data_hash\" value=\"\" \/>\n<\/div>\n<p><label> Teu nome<br \/>\n<span class=\"wpcf7-form-control-wrap\" data-name=\"your-name\"><input size=\"40\" maxlength=\"400\" class=\"wpcf7-form-control wpcf7-text wpcf7-validates-as-required\" autocomplete=\"name\" aria-required=\"true\" aria-invalid=\"false\" value=\"\" type=\"text\" name=\"your-name\" \/><\/span> <\/label>\n<\/p>\n<p><label> Teu e-mail<br \/>\n<span class=\"wpcf7-form-control-wrap\" data-name=\"your-email\"><input size=\"40\" maxlength=\"400\" class=\"wpcf7-form-control wpcf7-email wpcf7-validates-as-required wpcf7-text wpcf7-validates-as-email\" autocomplete=\"email\" aria-required=\"true\" aria-invalid=\"false\" value=\"\" type=\"email\" name=\"your-email\" \/><\/span> <\/label>\n<\/p>\n<p><label> Assunto<br \/>\n<span class=\"wpcf7-form-control-wrap\" data-name=\"your-subject\"><input size=\"40\" maxlength=\"400\" class=\"wpcf7-form-control wpcf7-text wpcf7-validates-as-required\" aria-required=\"true\" aria-invalid=\"false\" value=\"\" type=\"text\" name=\"your-subject\" \/><\/span> <\/label>\n<\/p>\n<p><label> Sua mensagem<br \/>\n<span class=\"wpcf7-form-control-wrap\" data-name=\"your-message\"><textarea cols=\"40\" rows=\"10\" maxlength=\"2000\" class=\"wpcf7-form-control wpcf7-textarea wpcf7-validates-as-required\" aria-required=\"true\" aria-invalid=\"false\" name=\"your-message\"><\/textarea><\/span> <\/label>\n<\/p>\n<p><input class=\"wpcf7-form-control wpcf7-submit has-spinner\" type=\"submit\" value=\"Enviar\" \/>\n<\/p><p style=\"display: none !important;\" class=\"akismet-fields-container\" data-prefix=\"_wpcf7_ak_\"><label>&#916;<textarea name=\"_wpcf7_ak_hp_textarea\" cols=\"45\" rows=\"8\" maxlength=\"100\"><\/textarea><\/label><input type=\"hidden\" id=\"ak_js_5\" name=\"_wpcf7_ak_js\" value=\"83\"\/><script>document.getElementById( \"ak_js_5\" ).setAttribute( \"value\", ( new Date() ).getTime() );<\/script><\/p><div class=\"wpcf7-response-output\" aria-hidden=\"true\"><\/div>\n<\/form>\n<\/div>\n<\/p>","protected":false},"excerpt":{"rendered":"<p>Voc\u00ea estaria interessado em anunciar no SudokusWeb.com? Temos v\u00e1rios tipos de campanhas dispon\u00edveis: \u2013 Pop Up na p\u00e1gina inicial \u2013Banner&#8230;<\/p>\n","protected":false},"author":1,"featured_media":0,"parent":0,"menu_order":0,"comment_status":"closed","ping_status":"closed","template":"","meta":{"footnotes":""},"yoast_head":"<!-- This site is optimized with the Yoast SEO plugin v23.3 - https:\/\/yoast.com\/wordpress\/plugins\/seo\/ -->\n<title>Anuncie conosco - SudokusWeb.com<\/title>\n<meta name=\"robots\" content=\"index, follow, max-snippet:-1, max-image-preview:large, max-video-preview:-1\" \/>\n<link rel=\"canonical\" href=\"https:\/\/www.sudokusweb.com\/anunciese-con-nosotros\/\" \/>\n<meta property=\"og:locale\" content=\"pt_PT\" \/>\n<meta property=\"og:type\" content=\"article\" \/>\n<meta property=\"og:title\" content=\"[:es]An\u00fanciese con nosotros[:en]Advertise with us[:fr]Faites de la publicit\u00e9 avec nous[:de]Werben Sie mit uns[:pt]Anuncie conosco[:ca]Anuncieu-vos amb nosaltres[:ko]\uc6b0\ub9ac\uc640 \ud568\uaed8 \ud64d\ubcf4\ud558\ub2e4[:jp]\u5e83\u544a\u63b2\u8f09\u306e\u3054\u6848\u5185[:] - SudokusWeb.com\" \/>\n<meta property=\"og:description\" content=\"Voc\u00ea estaria interessado em anunciar no SudokusWeb.com? Temos v\u00e1rios tipos de campanhas dispon\u00edveis: \u2013 Pop Up na p\u00e1gina inicial \u2013Banner...\" \/>\n<meta property=\"og:url\" content=\"https:\/\/www.sudokusweb.com\/anunciese-con-nosotros\/\" \/>\n<meta property=\"og:site_name\" content=\"SudokusWeb.com\" \/>\n<meta property=\"article:modified_time\" content=\"2023-10-28T20:03:33+00:00\" \/>\n<meta name=\"twitter:card\" content=\"summary_large_image\" \/>\n<meta name=\"twitter:label1\" content=\"Tempo estimado de leitura\" \/>\n\t<meta name=\"twitter:data1\" content=\"3 minutes\" \/>\n<script type=\"application\/ld+json\" class=\"yoast-schema-graph\">{\"@context\":\"https:\/\/schema.org\",\"@graph\":[{\"@type\":\"WebPage\",\"@id\":\"https:\/\/www.sudokusweb.com\/anunciese-con-nosotros\/\",\"url\":\"https:\/\/www.sudokusweb.com\/anunciese-con-nosotros\/\",\"name\":\"[:es]An\u00fanciese con nosotros[:en]Advertise with us[:fr]Faites de la publicit\u00e9 avec nous[:de]Werben Sie mit uns[:pt]Anuncie conosco[:ca]Anuncieu-vos amb nosaltres[:ko]\uc6b0\ub9ac\uc640 \ud568\uaed8 \ud64d\ubcf4\ud558\ub2e4[:jp]\u5e83\u544a\u63b2\u8f09\u306e\u3054\u6848\u5185[:] - SudokusWeb.com\",\"isPartOf\":{\"@id\":\"https:\/\/www.sudokusweb.com\/#website\"},\"datePublished\":\"2023-10-28T18:10:08+00:00\",\"dateModified\":\"2023-10-28T20:03:33+00:00\",\"breadcrumb\":{\"@id\":\"https:\/\/www.sudokusweb.com\/anunciese-con-nosotros\/#breadcrumb\"},\"inLanguage\":\"pt-PT\",\"potentialAction\":[{\"@type\":\"ReadAction\",\"target\":[\"https:\/\/www.sudokusweb.com\/anunciese-con-nosotros\/\"]}]},{\"@type\":\"BreadcrumbList\",\"@id\":\"https:\/\/www.sudokusweb.com\/anunciese-con-nosotros\/#breadcrumb\",\"itemListElement\":[{\"@type\":\"ListItem\",\"position\":1,\"name\":\"Portada\",\"item\":\"https:\/\/www.sudokusweb.com\/\"},{\"@type\":\"ListItem\",\"position\":2,\"name\":\"An\u00fanciese con nosotros\"}]},{\"@type\":\"WebSite\",\"@id\":\"https:\/\/www.sudokusweb.com\/#website\",\"url\":\"https:\/\/www.sudokusweb.com\/\",\"name\":\"SudokusWeb.com\",\"description\":\"Sudokus diarios gratis para imprimir o jugar online\",\"publisher\":{\"@id\":\"https:\/\/www.sudokusweb.com\/#organization\"},\"potentialAction\":[{\"@type\":\"SearchAction\",\"target\":{\"@type\":\"EntryPoint\",\"urlTemplate\":\"https:\/\/www.sudokusweb.com\/?s={search_term_string}\"},\"query-input\":\"required name=search_term_string\"}],\"inLanguage\":\"pt-PT\"},{\"@type\":\"Organization\",\"@id\":\"https:\/\/www.sudokusweb.com\/#organization\",\"name\":\"SudokusWeb.com\",\"url\":\"https:\/\/www.sudokusweb.com\/\",\"logo\":{\"@type\":\"ImageObject\",\"inLanguage\":\"pt-PT\",\"@id\":\"https:\/\/www.sudokusweb.com\/#\/schema\/logo\/image\/\",\"url\":\"https:\/\/www.sudokusweb.com\/wp-content\/uploads\/2023\/10\/sudokusweb-logo.png\",\"contentUrl\":\"https:\/\/www.sudokusweb.com\/wp-content\/uploads\/2023\/10\/sudokusweb-logo.png\",\"width\":250,\"height\":40,\"caption\":\"SudokusWeb.com\"},\"image\":{\"@id\":\"https:\/\/www.sudokusweb.com\/#\/schema\/logo\/image\/\"}}]}<\/script>\n<!-- \/ Yoast SEO plugin. -->","yoast_head_json":{"title":"[:es]An\u00fanciese con nosotros[:en]Advertise with us[:fr]Faites de la publicit\u00e9 avec nous[:de]Werben Sie mit uns[:pt]Anuncie conosco[:ca]Anuncieu-vos amb nosaltres[:ko]\uc6b0\ub9ac\uc640 \ud568\uaed8 \ud64d\ubcf4\ud558\ub2e4[:jp]\u5e83\u544a\u63b2\u8f09\u306e\u3054\u6848\u5185[:] - SudokusWeb.com","robots":{"index":"index","follow":"follow","max-snippet":"max-snippet:-1","max-image-preview":"max-image-preview:large","max-video-preview":"max-video-preview:-1"},"canonical":"https:\/\/www.sudokusweb.com\/anunciese-con-nosotros\/","og_locale":"pt_PT","og_type":"article","og_title":"[:es]An\u00fanciese con nosotros[:en]Advertise with us[:fr]Faites de la publicit\u00e9 avec nous[:de]Werben Sie mit uns[:pt]Anuncie conosco[:ca]Anuncieu-vos amb nosaltres[:ko]\uc6b0\ub9ac\uc640 \ud568\uaed8 \ud64d\ubcf4\ud558\ub2e4[:jp]\u5e83\u544a\u63b2\u8f09\u306e\u3054\u6848\u5185[:] - SudokusWeb.com","og_description":"Voc\u00ea estaria interessado em anunciar no SudokusWeb.com? Temos v\u00e1rios tipos de campanhas dispon\u00edveis: \u2013 Pop Up na p\u00e1gina inicial \u2013Banner...","og_url":"https:\/\/www.sudokusweb.com\/anunciese-con-nosotros\/","og_site_name":"SudokusWeb.com","article_modified_time":"2023-10-28T20:03:33+00:00","twitter_card":"summary_large_image","twitter_misc":{"Tempo estimado de leitura":"3 minutes"},"schema":{"@context":"https:\/\/schema.org","@graph":[{"@type":"WebPage","@id":"https:\/\/www.sudokusweb.com\/anunciese-con-nosotros\/","url":"https:\/\/www.sudokusweb.com\/anunciese-con-nosotros\/","name":"[:es]An\u00fanciese con nosotros[:en]Advertise with us[:fr]Faites de la publicit\u00e9 avec nous[:de]Werben Sie mit uns[:pt]Anuncie conosco[:ca]Anuncieu-vos amb nosaltres[:ko]\uc6b0\ub9ac\uc640 \ud568\uaed8 \ud64d\ubcf4\ud558\ub2e4[:jp]\u5e83\u544a\u63b2\u8f09\u306e\u3054\u6848\u5185[:] - SudokusWeb.com","isPartOf":{"@id":"https:\/\/www.sudokusweb.com\/#website"},"datePublished":"2023-10-28T18:10:08+00:00","dateModified":"2023-10-28T20:03:33+00:00","breadcrumb":{"@id":"https:\/\/www.sudokusweb.com\/anunciese-con-nosotros\/#breadcrumb"},"inLanguage":"pt-PT","potentialAction":[{"@type":"ReadAction","target":["https:\/\/www.sudokusweb.com\/anunciese-con-nosotros\/"]}]},{"@type":"BreadcrumbList","@id":"https:\/\/www.sudokusweb.com\/anunciese-con-nosotros\/#breadcrumb","itemListElement":[{"@type":"ListItem","position":1,"name":"Portada","item":"https:\/\/www.sudokusweb.com\/"},{"@type":"ListItem","position":2,"name":"An\u00fanciese con nosotros"}]},{"@type":"WebSite","@id":"https:\/\/www.sudokusweb.com\/#website","url":"https:\/\/www.sudokusweb.com\/","name":"SudokusWeb.com","description":"Sudokus diarios gratis para imprimir o jugar online","publisher":{"@id":"https:\/\/www.sudokusweb.com\/#organization"},"potentialAction":[{"@type":"SearchAction","target":{"@type":"EntryPoint","urlTemplate":"https:\/\/www.sudokusweb.com\/?s={search_term_string}"},"query-input":"required name=search_term_string"}],"inLanguage":"pt-PT"},{"@type":"Organization","@id":"https:\/\/www.sudokusweb.com\/#organization","name":"SudokusWeb.com","url":"https:\/\/www.sudokusweb.com\/","logo":{"@type":"ImageObject","inLanguage":"pt-PT","@id":"https:\/\/www.sudokusweb.com\/#\/schema\/logo\/image\/","url":"https:\/\/www.sudokusweb.com\/wp-content\/uploads\/2023\/10\/sudokusweb-logo.png","contentUrl":"https:\/\/www.sudokusweb.com\/wp-content\/uploads\/2023\/10\/sudokusweb-logo.png","width":250,"height":40,"caption":"SudokusWeb.com"},"image":{"@id":"https:\/\/www.sudokusweb.com\/#\/schema\/logo\/image\/"}}]}},"_links":{"self":[{"href":"https:\/\/www.sudokusweb.com\/pt\/wp-json\/wp\/v2\/pages\/68"}],"collection":[{"href":"https:\/\/www.sudokusweb.com\/pt\/wp-json\/wp\/v2\/pages"}],"about":[{"href":"https:\/\/www.sudokusweb.com\/pt\/wp-json\/wp\/v2\/types\/page"}],"author":[{"embeddable":true,"href":"https:\/\/www.sudokusweb.com\/pt\/wp-json\/wp\/v2\/users\/1"}],"replies":[{"embeddable":true,"href":"https:\/\/www.sudokusweb.com\/pt\/wp-json\/wp\/v2\/comments?post=68"}],"version-history":[{"count":10,"href":"https:\/\/www.sudokusweb.com\/pt\/wp-json\/wp\/v2\/pages\/68\/revisions"}],"predecessor-version":[{"id":91,"href":"https:\/\/www.sudokusweb.com\/pt\/wp-json\/wp\/v2\/pages\/68\/revisions\/91"}],"wp:attachment":[{"href":"https:\/\/www.sudokusweb.com\/pt\/wp-json\/wp\/v2\/media?parent=68"}],"curies":[{"name":"wp","href":"https:\/\/api.w.org\/{rel}","templated":true}]}}